{"id":2044,"date":"2013-07-26T21:27:43","date_gmt":"2013-07-26T21:27:43","guid":{"rendered":"http:\/\/epidermos.com\/home\/"},"modified":"2019-12-04T10:45:28","modified_gmt":"2019-12-04T10:45:28","slug":"home","status":"publish","type":"page","link":"https:\/\/epidermos.com\/ca\/","title":{"rendered":"Inici"},"content":{"rendered":"<div id=\"pl-2044\"  class=\"panel-layout\" ><div id=\"pg-2044-0\"  class=\"panel-grid panel-no-style\" ><div id=\"pgc-2044-0-0\"  class=\"panel-grid-cell\" ><div id=\"panel-2044-0-0-0\" class=\"so-panel widget widget_sow-editor panel-first-child panel-last-child\" data-index=\"0\" ><div\n\t\t\t\n\t\t\tclass=\"so-widget-sow-editor so-widget-sow-editor-base\"\n\t\t\t\n\t\t>\n<div class=\"siteorigin-widget-tinymce textwidget\">\n\t<h1 style=\"text-align: center;\">Benvinguts a Epidermos BCN, on el nostre repte diari \u00e9s donar als nostres pacients els millors serveis en Dermatologia, Cirurgia Pl\u00e0stica i Est\u00e8tica.<\/h1>\n<\/div>\n<\/div><\/div><\/div><\/div><div id=\"pg-2044-1\"  class=\"panel-grid panel-no-style\" ><div id=\"pgc-2044-1-0\"  class=\"panel-grid-cell panel-grid-cell-empty\" ><\/div><\/div><\/div>","protected":false},"excerpt":{"rendered":"<p>Benvinguts a Epidermos BCN, on el nostre repte diari \u00e9s donar als nostres pacients els millors serveis en Dermatologia, Cirurgia Pl\u00e0stica i Est\u00e8tica.<\/p>\n","protected":false},"author":1,"featured_media":0,"parent":0,"menu_order":0,"comment_status":"open","ping_status":"open","template":"","meta":{"kt_blocks_editor_width":"","footnotes":""},"class_list":["post-2044","page","type-page","status-publish","hentry"],"yoast_head":"<!-- This site is optimized with the Yoast SEO plugin v27.2 - https:\/\/yoast.com\/product\/yoast-seo-wordpress\/ -->\n<title>Epidermos Institut de dermoest\u00e8tica | Cl\u00ednica est\u00e8tica a Barcelona<\/title>\n<meta name=\"description\" content=\"La millor cirurgia pl\u00e0stica i medicina est\u00e8tica a Barcelona. Especialistes en dermatologia medicoquir\u00fargica, medicina i cirurgia est\u00e8tica.\" \/>\n<meta name=\"robots\" content=\"index, follow, max-snippet:-1, max-image-preview:large, max-video-preview:-1\" \/>\n<link rel=\"canonical\" href=\"https:\/\/epidermos.com\/ca\/\" \/>\n<meta property=\"og:locale\" content=\"ca_ES\" \/>\n<meta property=\"og:type\" content=\"article\" \/>\n<meta property=\"og:title\" content=\"Epidermos Institut de dermoest\u00e8tica | Cl\u00ednica est\u00e8tica a Barcelona\" \/>\n<meta property=\"og:description\" content=\"La millor cirurgia pl\u00e0stica i medicina est\u00e8tica a Barcelona. Especialistes en dermatologia medicoquir\u00fargica, medicina i cirurgia est\u00e8tica.\" \/>\n<meta property=\"og:url\" content=\"https:\/\/epidermos.com\/ca\/\" \/>\n<meta property=\"og:site_name\" content=\"Epidermos Institut de dermoest\u00e8tica\" \/>\n<meta property=\"article:modified_time\" content=\"2019-12-04T10:45:28+00:00\" \/>\n<meta name=\"twitter:card\" content=\"summary_large_image\" \/>\n<script type=\"application\/ld+json\" class=\"yoast-schema-graph\">{\"@context\":\"https:\/\/schema.org\",\"@graph\":[{\"@type\":\"WebPage\",\"@id\":\"https:\/\/epidermos.com\/ca\/\",\"url\":\"https:\/\/epidermos.com\/ca\/\",\"name\":\"Epidermos Institut de dermoest\u00e8tica | Cl\u00ednica est\u00e8tica a Barcelona\",\"isPartOf\":{\"@id\":\"https:\/\/epidermos.com\/ca\/#website\"},\"datePublished\":\"2013-07-26T21:27:43+00:00\",\"dateModified\":\"2019-12-04T10:45:28+00:00\",\"description\":\"La millor cirurgia pl\u00e0stica i medicina est\u00e8tica a Barcelona. Especialistes en dermatologia medicoquir\u00fargica, medicina i cirurgia est\u00e8tica.\",\"breadcrumb\":{\"@id\":\"https:\/\/epidermos.com\/ca\/#breadcrumb\"},\"inLanguage\":\"ca\",\"potentialAction\":[{\"@type\":\"ReadAction\",\"target\":[\"https:\/\/epidermos.com\/ca\/\"]}]},{\"@type\":\"BreadcrumbList\",\"@id\":\"https:\/\/epidermos.com\/ca\/#breadcrumb\",\"itemListElement\":[{\"@type\":\"ListItem\",\"position\":1,\"name\":\"Portada\",\"item\":\"https:\/\/epidermos.com\/ca\/\"},{\"@type\":\"ListItem\",\"position\":2,\"name\":\"Inici\"}]},{\"@type\":\"WebSite\",\"@id\":\"https:\/\/epidermos.com\/ca\/#website\",\"url\":\"https:\/\/epidermos.com\/ca\/\",\"name\":\"Epidermos Institut de dermoest\u00e8tica\",\"description\":\"Dermatolog\u00eda y Est\u00e9tica\",\"potentialAction\":[{\"@type\":\"SearchAction\",\"target\":{\"@type\":\"EntryPoint\",\"urlTemplate\":\"https:\/\/epidermos.com\/ca\/?s={search_term_string}\"},\"query-input\":{\"@type\":\"PropertyValueSpecification\",\"valueRequired\":true,\"valueName\":\"search_term_string\"}}],\"inLanguage\":\"ca\"}]}<\/script>\n<!-- \/ Yoast SEO plugin. -->","yoast_head_json":{"title":"Epidermos Institut de dermoest\u00e8tica | Cl\u00ednica est\u00e8tica a Barcelona","description":"La millor cirurgia pl\u00e0stica i medicina est\u00e8tica a Barcelona. Especialistes en dermatologia medicoquir\u00fargica, medicina i cirurgia est\u00e8tica.","robots":{"index":"index","follow":"follow","max-snippet":"max-snippet:-1","max-image-preview":"max-image-preview:large","max-video-preview":"max-video-preview:-1"},"canonical":"https:\/\/epidermos.com\/ca\/","og_locale":"ca_ES","og_type":"article","og_title":"Epidermos Institut de dermoest\u00e8tica | Cl\u00ednica est\u00e8tica a Barcelona","og_description":"La millor cirurgia pl\u00e0stica i medicina est\u00e8tica a Barcelona. Especialistes en dermatologia medicoquir\u00fargica, medicina i cirurgia est\u00e8tica.","og_url":"https:\/\/epidermos.com\/ca\/","og_site_name":"Epidermos Institut de dermoest\u00e8tica","article_modified_time":"2019-12-04T10:45:28+00:00","twitter_card":"summary_large_image","schema":{"@context":"https:\/\/schema.org","@graph":[{"@type":"WebPage","@id":"https:\/\/epidermos.com\/ca\/","url":"https:\/\/epidermos.com\/ca\/","name":"Epidermos Institut de dermoest\u00e8tica | Cl\u00ednica est\u00e8tica a Barcelona","isPartOf":{"@id":"https:\/\/epidermos.com\/ca\/#website"},"datePublished":"2013-07-26T21:27:43+00:00","dateModified":"2019-12-04T10:45:28+00:00","description":"La millor cirurgia pl\u00e0stica i medicina est\u00e8tica a Barcelona. Especialistes en dermatologia medicoquir\u00fargica, medicina i cirurgia est\u00e8tica.","breadcrumb":{"@id":"https:\/\/epidermos.com\/ca\/#breadcrumb"},"inLanguage":"ca","potentialAction":[{"@type":"ReadAction","target":["https:\/\/epidermos.com\/ca\/"]}]},{"@type":"BreadcrumbList","@id":"https:\/\/epidermos.com\/ca\/#breadcrumb","itemListElement":[{"@type":"ListItem","position":1,"name":"Portada","item":"https:\/\/epidermos.com\/ca\/"},{"@type":"ListItem","position":2,"name":"Inici"}]},{"@type":"WebSite","@id":"https:\/\/epidermos.com\/ca\/#website","url":"https:\/\/epidermos.com\/ca\/","name":"Epidermos Institut de dermoest\u00e8tica","description":"Dermatolog\u00eda y Est\u00e9tica","potentialAction":[{"@type":"SearchAction","target":{"@type":"EntryPoint","urlTemplate":"https:\/\/epidermos.com\/ca\/?s={search_term_string}"},"query-input":{"@type":"PropertyValueSpecification","valueRequired":true,"valueName":"search_term_string"}}],"inLanguage":"ca"}]}},"_links":{"self":[{"href":"https:\/\/epidermos.com\/ca\/wp-json\/wp\/v2\/pages\/2044","targetHints":{"allow":["GET"]}}],"collection":[{"href":"https:\/\/epidermos.com\/ca\/wp-json\/wp\/v2\/pages"}],"about":[{"href":"https:\/\/epidermos.com\/ca\/wp-json\/wp\/v2\/types\/page"}],"author":[{"embeddable":true,"href":"https:\/\/epidermos.com\/ca\/wp-json\/wp\/v2\/users\/1"}],"replies":[{"embeddable":true,"href":"https:\/\/epidermos.com\/ca\/wp-json\/wp\/v2\/comments?post=2044"}],"version-history":[{"count":5,"href":"https:\/\/epidermos.com\/ca\/wp-json\/wp\/v2\/pages\/2044\/revisions"}],"predecessor-version":[{"id":3129,"href":"https:\/\/epidermos.com\/ca\/wp-json\/wp\/v2\/pages\/2044\/revisions\/3129"}],"wp:attachment":[{"href":"https:\/\/epidermos.com\/ca\/wp-json\/wp\/v2\/media?parent=2044"}],"curies":[{"name":"wp","href":"https:\/\/api.w.org\/{rel}","templated":true}]}}