{"id":2048,"date":"2013-07-26T23:01:15","date_gmt":"2013-07-26T23:01:15","guid":{"rendered":"http:\/\/epidermos.com\/contact-us\/"},"modified":"2024-05-07T16:44:02","modified_gmt":"2024-05-07T16:44:02","slug":"contacte","status":"publish","type":"page","link":"https:\/\/epidermos.com\/ca\/contacte\/","title":{"rendered":"Contacte"},"content":{"rendered":"<div id=\"pl-2048\"  class=\"panel-layout\" ><div id=\"pg-2048-0\"  class=\"panel-grid panel-no-style\" ><div id=\"pgc-2048-0-0\"  class=\"panel-grid-cell\" ><div id=\"panel-2048-0-0-0\" class=\"so-panel widget widget_sow-editor panel-first-child panel-last-child\" data-index=\"0\" ><div\n\t\t\t\n\t\t\tclass=\"so-widget-sow-editor so-widget-sow-editor-base\"\n\t\t\t\n\t\t>\n<div class=\"siteorigin-widget-tinymce textwidget\">\n\t<div class=\"row\"> <div class=\"col-md-6  \"><\/p>\n<p style=\"text-align: center;\">\t\t\t<i class=\"icon-location kad-circle-iconclass\" style=\"font-size:56px; display:inline-block; color:#FFF; background:#444;\t\t\t\"><\/i>\n\t\t\t\t<\/p>\n<h5 style=\"text-align: center;\">Pots venir a veure'ns!<\/h5>\n<p style=\"text-align: center;\">C. Sant Gervasi de Cassoles, 36-38<br \/>\n08022 Barcelona<br \/>\nEspanya<\/p>\n<p><\/div><div class=\"col-md-6  \"><\/p>\n<p style=\"text-align: center;\">\t\t\t<i class=\"icon-mobile kad-circle-iconclass\" style=\"font-size:56px; display:inline-block; color:#FFF; background:#444;\t\t\t\"><\/i>\n\t\t\t\t<\/p>\n<h5 style=\"text-align: center;\">o pots trucar-nos<\/h5>\n<p style=\"text-align: center;\">Tel\u00e8fon: +34 932 124 299<\/p>\n<p><\/div><\/div>\n<\/div>\n<\/div><\/div><\/div><\/div><\/div>","protected":false},"excerpt":{"rendered":"<p>Pots venir a veure&#8217;ns! C. Sant Gervasi de Cassoles, 36-38 08022 Barcelona Espanya o pots trucar-nos Tel\u00e8fon: +34 932 124 299<\/p>\n","protected":false},"author":1,"featured_media":0,"parent":0,"menu_order":0,"comment_status":"open","ping_status":"open","template":"page-contact.php","meta":{"kt_blocks_editor_width":"","footnotes":""},"class_list":["post-2048","page","type-page","status-publish","hentry"],"yoast_head":"<!-- This site is optimized with the Yoast SEO plugin v27.2 - https:\/\/yoast.com\/product\/yoast-seo-wordpress\/ -->\n<title>Contacte - Epidermos Institut de dermoest\u00e8tica<\/title>\n<meta name=\"description\" content=\"En Epidermos BCN els nostres dermat\u00f2legs i cirurgians pl\u00e0stics t&#039;atendran per donar resposta a les teves necessitats dermatol\u00f2giques i est\u00e8tiques.\" \/>\n<meta name=\"robots\" content=\"index, follow, max-snippet:-1, max-image-preview:large, max-video-preview:-1\" \/>\n<link rel=\"canonical\" href=\"https:\/\/epidermos.com\/ca\/contacte\/\" \/>\n<meta property=\"og:locale\" content=\"ca_ES\" \/>\n<meta property=\"og:type\" content=\"article\" \/>\n<meta property=\"og:title\" content=\"Contacte - Epidermos Institut de dermoest\u00e8tica\" \/>\n<meta property=\"og:description\" content=\"En Epidermos BCN els nostres dermat\u00f2legs i cirurgians pl\u00e0stics t&#039;atendran per donar resposta a les teves necessitats dermatol\u00f2giques i est\u00e8tiques.\" \/>\n<meta property=\"og:url\" content=\"https:\/\/epidermos.com\/ca\/contacte\/\" \/>\n<meta property=\"og:site_name\" content=\"Epidermos Institut de dermoest\u00e8tica\" \/>\n<meta property=\"article:modified_time\" content=\"2024-05-07T16:44:02+00:00\" \/>\n<meta name=\"twitter:card\" content=\"summary_large_image\" \/>\n<meta name=\"twitter:label1\" content=\"Temps estimat de lectura\" \/>\n\t<meta name=\"twitter:data1\" content=\"1 minut\" \/>\n<script type=\"application\/ld+json\" class=\"yoast-schema-graph\">{\"@context\":\"https:\/\/schema.org\",\"@graph\":[{\"@type\":\"WebPage\",\"@id\":\"https:\/\/epidermos.com\/ca\/contacte\/\",\"url\":\"https:\/\/epidermos.com\/ca\/contacte\/\",\"name\":\"Contacte - Epidermos Institut de dermoest\u00e8tica\",\"isPartOf\":{\"@id\":\"https:\/\/epidermos.com\/ca\/#website\"},\"datePublished\":\"2013-07-26T23:01:15+00:00\",\"dateModified\":\"2024-05-07T16:44:02+00:00\",\"description\":\"En Epidermos BCN els nostres dermat\u00f2legs i cirurgians pl\u00e0stics t'atendran per donar resposta a les teves necessitats dermatol\u00f2giques i est\u00e8tiques.\",\"breadcrumb\":{\"@id\":\"https:\/\/epidermos.com\/ca\/contacte\/#breadcrumb\"},\"inLanguage\":\"ca\",\"potentialAction\":[{\"@type\":\"ReadAction\",\"target\":[\"https:\/\/epidermos.com\/ca\/contacte\/\"]}]},{\"@type\":\"BreadcrumbList\",\"@id\":\"https:\/\/epidermos.com\/ca\/contacte\/#breadcrumb\",\"itemListElement\":[{\"@type\":\"ListItem\",\"position\":1,\"name\":\"Portada\",\"item\":\"https:\/\/epidermos.com\/ca\/\"},{\"@type\":\"ListItem\",\"position\":2,\"name\":\"Contacte\"}]},{\"@type\":\"WebSite\",\"@id\":\"https:\/\/epidermos.com\/ca\/#website\",\"url\":\"https:\/\/epidermos.com\/ca\/\",\"name\":\"Epidermos Institut de dermoest\u00e8tica\",\"description\":\"Dermatolog\u00eda y Est\u00e9tica\",\"potentialAction\":[{\"@type\":\"SearchAction\",\"target\":{\"@type\":\"EntryPoint\",\"urlTemplate\":\"https:\/\/epidermos.com\/ca\/?s={search_term_string}\"},\"query-input\":{\"@type\":\"PropertyValueSpecification\",\"valueRequired\":true,\"valueName\":\"search_term_string\"}}],\"inLanguage\":\"ca\"}]}<\/script>\n<!-- \/ Yoast SEO plugin. -->","yoast_head_json":{"title":"Contacte - Epidermos Institut de dermoest\u00e8tica","description":"En Epidermos BCN els nostres dermat\u00f2legs i cirurgians pl\u00e0stics t'atendran per donar resposta a les teves necessitats dermatol\u00f2giques i est\u00e8tiques.","robots":{"index":"index","follow":"follow","max-snippet":"max-snippet:-1","max-image-preview":"max-image-preview:large","max-video-preview":"max-video-preview:-1"},"canonical":"https:\/\/epidermos.com\/ca\/contacte\/","og_locale":"ca_ES","og_type":"article","og_title":"Contacte - Epidermos Institut de dermoest\u00e8tica","og_description":"En Epidermos BCN els nostres dermat\u00f2legs i cirurgians pl\u00e0stics t'atendran per donar resposta a les teves necessitats dermatol\u00f2giques i est\u00e8tiques.","og_url":"https:\/\/epidermos.com\/ca\/contacte\/","og_site_name":"Epidermos Institut de dermoest\u00e8tica","article_modified_time":"2024-05-07T16:44:02+00:00","twitter_card":"summary_large_image","twitter_misc":{"Temps estimat de lectura":"1 minut"},"schema":{"@context":"https:\/\/schema.org","@graph":[{"@type":"WebPage","@id":"https:\/\/epidermos.com\/ca\/contacte\/","url":"https:\/\/epidermos.com\/ca\/contacte\/","name":"Contacte - Epidermos Institut de dermoest\u00e8tica","isPartOf":{"@id":"https:\/\/epidermos.com\/ca\/#website"},"datePublished":"2013-07-26T23:01:15+00:00","dateModified":"2024-05-07T16:44:02+00:00","description":"En Epidermos BCN els nostres dermat\u00f2legs i cirurgians pl\u00e0stics t'atendran per donar resposta a les teves necessitats dermatol\u00f2giques i est\u00e8tiques.","breadcrumb":{"@id":"https:\/\/epidermos.com\/ca\/contacte\/#breadcrumb"},"inLanguage":"ca","potentialAction":[{"@type":"ReadAction","target":["https:\/\/epidermos.com\/ca\/contacte\/"]}]},{"@type":"BreadcrumbList","@id":"https:\/\/epidermos.com\/ca\/contacte\/#breadcrumb","itemListElement":[{"@type":"ListItem","position":1,"name":"Portada","item":"https:\/\/epidermos.com\/ca\/"},{"@type":"ListItem","position":2,"name":"Contacte"}]},{"@type":"WebSite","@id":"https:\/\/epidermos.com\/ca\/#website","url":"https:\/\/epidermos.com\/ca\/","name":"Epidermos Institut de dermoest\u00e8tica","description":"Dermatolog\u00eda y Est\u00e9tica","potentialAction":[{"@type":"SearchAction","target":{"@type":"EntryPoint","urlTemplate":"https:\/\/epidermos.com\/ca\/?s={search_term_string}"},"query-input":{"@type":"PropertyValueSpecification","valueRequired":true,"valueName":"search_term_string"}}],"inLanguage":"ca"}]}},"_links":{"self":[{"href":"https:\/\/epidermos.com\/ca\/wp-json\/wp\/v2\/pages\/2048","targetHints":{"allow":["GET"]}}],"collection":[{"href":"https:\/\/epidermos.com\/ca\/wp-json\/wp\/v2\/pages"}],"about":[{"href":"https:\/\/epidermos.com\/ca\/wp-json\/wp\/v2\/types\/page"}],"author":[{"embeddable":true,"href":"https:\/\/epidermos.com\/ca\/wp-json\/wp\/v2\/users\/1"}],"replies":[{"embeddable":true,"href":"https:\/\/epidermos.com\/ca\/wp-json\/wp\/v2\/comments?post=2048"}],"version-history":[{"count":7,"href":"https:\/\/epidermos.com\/ca\/wp-json\/wp\/v2\/pages\/2048\/revisions"}],"predecessor-version":[{"id":3635,"href":"https:\/\/epidermos.com\/ca\/wp-json\/wp\/v2\/pages\/2048\/revisions\/3635"}],"wp:attachment":[{"href":"https:\/\/epidermos.com\/ca\/wp-json\/wp\/v2\/media?parent=2048"}],"curies":[{"name":"wp","href":"https:\/\/api.w.org\/{rel}","templated":true}]}}