{"id":2055,"date":"2018-06-04T15:42:43","date_gmt":"2018-06-04T15:42:43","guid":{"rendered":"http:\/\/epidermos.com\/tienda-online\/"},"modified":"2019-06-04T14:31:40","modified_gmt":"2019-06-04T14:31:40","slug":"botiga-online","status":"publish","type":"page","link":"https:\/\/epidermos.com\/ca\/botiga-online\/","title":{"rendered":"Botiga Online"},"content":{"rendered":"<div id=\"pl-2055\"  class=\"panel-layout\" ><div id=\"pg-2055-0\"  class=\"panel-grid panel-no-style\" ><div id=\"pgc-2055-0-0\"  class=\"panel-grid-cell\" ><div id=\"panel-2055-0-0-0\" class=\"so-panel widget widget_media_image panel-first-child panel-last-child\" data-index=\"0\" ><img loading=\"lazy\" decoding=\"async\" width=\"1800\" height=\"501\" src=\"https:\/\/epidermos.com\/wp-content\/uploads\/2018\/06\/img_tienda_online.jpg\" class=\"image wp-image-890  attachment-full size-full\" alt=\"tienda_online\" style=\"max-width: 100%; height: auto;\" srcset=\"https:\/\/epidermos.com\/wp-content\/uploads\/2018\/06\/img_tienda_online.jpg 1800w, https:\/\/epidermos.com\/wp-content\/uploads\/2018\/06\/img_tienda_online-300x84.jpg 300w, https:\/\/epidermos.com\/wp-content\/uploads\/2018\/06\/img_tienda_online-768x214.jpg 768w, https:\/\/epidermos.com\/wp-content\/uploads\/2018\/06\/img_tienda_online-1024x285.jpg 1024w\" sizes=\"auto, (max-width: 1800px) 100vw, 1800px\" \/><\/div><\/div><\/div><div id=\"pg-2055-1\"  class=\"panel-grid panel-no-style\" ><div id=\"pgc-2055-1-0\"  class=\"panel-grid-cell\" ><div id=\"panel-2055-1-0-0\" class=\"so-panel widget widget_text panel-first-child panel-last-child\" data-index=\"1\" >\t\t\t<div class=\"textwidget\"><h2>A la nostra botiga on line podr\u00e0s aconseguir el m\u00e9s exclusiu en Dermocosm\u00e8tica.<br \/>\nDes dels millors productes de neteja, cremes hidratants, anti-edat i exfoliants fins cremes que sanejaran la teva pell deixant-la m\u00e9s bella que mai.<\/h2>\n<h5>Per obtenir aquests productes \u00e9s necess\u00e0ria una valoraci\u00f3 pr\u00e8via pel nostre equip de dermat\u00f2legs especialistes en Dermocosm\u00e8tica. Un cop feta la valoraci\u00f3, et proporcionaran un codi que et permetr\u00e0 comprar els productes m\u00e9s adequats en el teu cas.<\/h5>\n<p>&nbsp;<\/p>\n<h2><strong><a href=\"https:\/\/clinicstore.es\" target=\"_blank\" rel=\"noopener\">ENTRAR BOTIGA ONLINE<\/a><\/strong><\/h2>\n<\/div>\n\t\t<\/div><\/div><\/div><\/div>","protected":false},"excerpt":{"rendered":"<p>A la nostra botiga on line podr\u00e0s aconseguir el m\u00e9s exclusiu en Dermocosm\u00e8tica. Des dels millors productes de neteja, cremes hidratants, anti-edat i exfoliants fins cremes que sanejaran la teva pell deixant-la m\u00e9s bella que mai. Per obtenir aquests productes &hellip; <a class=\"kt-excerpt-readmore\" href=\"https:\/\/epidermos.com\/ca\/botiga-online\/\" aria-label=\"Botiga Online\">Llegir m\u00e9s<\/a><\/p>\n","protected":false},"author":2,"featured_media":0,"parent":0,"menu_order":0,"comment_status":"closed","ping_status":"closed","template":"page-fullwidth.php","meta":{"kt_blocks_editor_width":"","footnotes":""},"class_list":["post-2055","page","type-page","status-publish","hentry"],"yoast_head":"<!-- This site is optimized with the Yoast SEO plugin v27.2 - https:\/\/yoast.com\/product\/yoast-seo-wordpress\/ -->\n<title>Botiga Online - Epidermos Institut de dermoest\u00e8tica<\/title>\n<meta name=\"description\" content=\"Aconsegueix els productes m\u00e9s exclusius en dermosest\u00e9tica: Productes de neteja, cremes hidratants i exfoliants, cremes per sanejar la teva pell ...\" \/>\n<meta name=\"robots\" content=\"index, follow, max-snippet:-1, max-image-preview:large, max-video-preview:-1\" \/>\n<link rel=\"canonical\" href=\"https:\/\/epidermos.com\/ca\/botiga-online\/\" \/>\n<meta property=\"og:locale\" content=\"ca_ES\" \/>\n<meta property=\"og:type\" content=\"article\" \/>\n<meta property=\"og:title\" content=\"Botiga Online - Epidermos Institut de dermoest\u00e8tica\" \/>\n<meta property=\"og:description\" content=\"Aconsegueix els productes m\u00e9s exclusius en dermosest\u00e9tica: Productes de neteja, cremes hidratants i exfoliants, cremes per sanejar la teva pell ...\" \/>\n<meta property=\"og:url\" content=\"https:\/\/epidermos.com\/ca\/botiga-online\/\" \/>\n<meta property=\"og:site_name\" content=\"Epidermos Institut de dermoest\u00e8tica\" \/>\n<meta property=\"article:modified_time\" content=\"2019-06-04T14:31:40+00:00\" \/>\n<meta name=\"twitter:card\" content=\"summary_large_image\" \/>\n<script type=\"application\/ld+json\" class=\"yoast-schema-graph\">{\"@context\":\"https:\/\/schema.org\",\"@graph\":[{\"@type\":\"WebPage\",\"@id\":\"https:\/\/epidermos.com\/ca\/botiga-online\/\",\"url\":\"https:\/\/epidermos.com\/ca\/botiga-online\/\",\"name\":\"Botiga Online - Epidermos Institut de dermoest\u00e8tica\",\"isPartOf\":{\"@id\":\"https:\/\/epidermos.com\/ca\/#website\"},\"datePublished\":\"2018-06-04T15:42:43+00:00\",\"dateModified\":\"2019-06-04T14:31:40+00:00\",\"description\":\"Aconsegueix els productes m\u00e9s exclusius en dermosest\u00e9tica: Productes de neteja, cremes hidratants i exfoliants, cremes per sanejar la teva pell ...\",\"breadcrumb\":{\"@id\":\"https:\/\/epidermos.com\/ca\/botiga-online\/#breadcrumb\"},\"inLanguage\":\"ca\",\"potentialAction\":[{\"@type\":\"ReadAction\",\"target\":[\"https:\/\/epidermos.com\/ca\/botiga-online\/\"]}]},{\"@type\":\"BreadcrumbList\",\"@id\":\"https:\/\/epidermos.com\/ca\/botiga-online\/#breadcrumb\",\"itemListElement\":[{\"@type\":\"ListItem\",\"position\":1,\"name\":\"Portada\",\"item\":\"https:\/\/epidermos.com\/ca\/\"},{\"@type\":\"ListItem\",\"position\":2,\"name\":\"Botiga Online\"}]},{\"@type\":\"WebSite\",\"@id\":\"https:\/\/epidermos.com\/ca\/#website\",\"url\":\"https:\/\/epidermos.com\/ca\/\",\"name\":\"Epidermos Institut de dermoest\u00e8tica\",\"description\":\"Dermatolog\u00eda y Est\u00e9tica\",\"potentialAction\":[{\"@type\":\"SearchAction\",\"target\":{\"@type\":\"EntryPoint\",\"urlTemplate\":\"https:\/\/epidermos.com\/ca\/?s={search_term_string}\"},\"query-input\":{\"@type\":\"PropertyValueSpecification\",\"valueRequired\":true,\"valueName\":\"search_term_string\"}}],\"inLanguage\":\"ca\"}]}<\/script>\n<!-- \/ Yoast SEO plugin. -->","yoast_head_json":{"title":"Botiga Online - Epidermos Institut de dermoest\u00e8tica","description":"Aconsegueix els productes m\u00e9s exclusius en dermosest\u00e9tica: Productes de neteja, cremes hidratants i exfoliants, cremes per sanejar la teva pell ...","robots":{"index":"index","follow":"follow","max-snippet":"max-snippet:-1","max-image-preview":"max-image-preview:large","max-video-preview":"max-video-preview:-1"},"canonical":"https:\/\/epidermos.com\/ca\/botiga-online\/","og_locale":"ca_ES","og_type":"article","og_title":"Botiga Online - Epidermos Institut de dermoest\u00e8tica","og_description":"Aconsegueix els productes m\u00e9s exclusius en dermosest\u00e9tica: Productes de neteja, cremes hidratants i exfoliants, cremes per sanejar la teva pell ...","og_url":"https:\/\/epidermos.com\/ca\/botiga-online\/","og_site_name":"Epidermos Institut de dermoest\u00e8tica","article_modified_time":"2019-06-04T14:31:40+00:00","twitter_card":"summary_large_image","schema":{"@context":"https:\/\/schema.org","@graph":[{"@type":"WebPage","@id":"https:\/\/epidermos.com\/ca\/botiga-online\/","url":"https:\/\/epidermos.com\/ca\/botiga-online\/","name":"Botiga Online - Epidermos Institut de dermoest\u00e8tica","isPartOf":{"@id":"https:\/\/epidermos.com\/ca\/#website"},"datePublished":"2018-06-04T15:42:43+00:00","dateModified":"2019-06-04T14:31:40+00:00","description":"Aconsegueix els productes m\u00e9s exclusius en dermosest\u00e9tica: Productes de neteja, cremes hidratants i exfoliants, cremes per sanejar la teva pell ...","breadcrumb":{"@id":"https:\/\/epidermos.com\/ca\/botiga-online\/#breadcrumb"},"inLanguage":"ca","potentialAction":[{"@type":"ReadAction","target":["https:\/\/epidermos.com\/ca\/botiga-online\/"]}]},{"@type":"BreadcrumbList","@id":"https:\/\/epidermos.com\/ca\/botiga-online\/#breadcrumb","itemListElement":[{"@type":"ListItem","position":1,"name":"Portada","item":"https:\/\/epidermos.com\/ca\/"},{"@type":"ListItem","position":2,"name":"Botiga Online"}]},{"@type":"WebSite","@id":"https:\/\/epidermos.com\/ca\/#website","url":"https:\/\/epidermos.com\/ca\/","name":"Epidermos Institut de dermoest\u00e8tica","description":"Dermatolog\u00eda y Est\u00e9tica","potentialAction":[{"@type":"SearchAction","target":{"@type":"EntryPoint","urlTemplate":"https:\/\/epidermos.com\/ca\/?s={search_term_string}"},"query-input":{"@type":"PropertyValueSpecification","valueRequired":true,"valueName":"search_term_string"}}],"inLanguage":"ca"}]}},"_links":{"self":[{"href":"https:\/\/epidermos.com\/ca\/wp-json\/wp\/v2\/pages\/2055","targetHints":{"allow":["GET"]}}],"collection":[{"href":"https:\/\/epidermos.com\/ca\/wp-json\/wp\/v2\/pages"}],"about":[{"href":"https:\/\/epidermos.com\/ca\/wp-json\/wp\/v2\/types\/page"}],"author":[{"embeddable":true,"href":"https:\/\/epidermos.com\/ca\/wp-json\/wp\/v2\/users\/2"}],"replies":[{"embeddable":true,"href":"https:\/\/epidermos.com\/ca\/wp-json\/wp\/v2\/comments?post=2055"}],"version-history":[{"count":8,"href":"https:\/\/epidermos.com\/ca\/wp-json\/wp\/v2\/pages\/2055\/revisions"}],"predecessor-version":[{"id":2980,"href":"https:\/\/epidermos.com\/ca\/wp-json\/wp\/v2\/pages\/2055\/revisions\/2980"}],"wp:attachment":[{"href":"https:\/\/epidermos.com\/ca\/wp-json\/wp\/v2\/media?parent=2055"}],"curies":[{"name":"wp","href":"https:\/\/api.w.org\/{rel}","templated":true}]}}