{"id":2066,"date":"2018-06-05T15:16:24","date_gmt":"2018-06-05T15:16:24","guid":{"rendered":"http:\/\/epidermos.com\/mutuas\/"},"modified":"2019-06-04T14:33:06","modified_gmt":"2019-06-04T14:33:06","slug":"mutues","status":"publish","type":"page","link":"https:\/\/epidermos.com\/ca\/mutues\/","title":{"rendered":"M\u00fatues"},"content":{"rendered":"<h3>Els nostres acords amb m\u00fatues i companyies de salut<\/h3>\n<h5>Treballem amb les companyies m\u00e9s importants<\/h5>\n","protected":false},"excerpt":{"rendered":"<p>Els nostres acords amb m\u00fatues i companyies de salut Treballem amb les companyies m\u00e9s importants<\/p>\n","protected":false},"author":2,"featured_media":0,"parent":0,"menu_order":0,"comment_status":"closed","ping_status":"closed","template":"page-portfolio.php","meta":{"kt_blocks_editor_width":"","footnotes":""},"class_list":["post-2066","page","type-page","status-publish","hentry"],"yoast_head":"<!-- This site is optimized with the Yoast SEO plugin v27.2 - https:\/\/yoast.com\/product\/yoast-seo-wordpress\/ -->\n<title>M\u00fatues - Epidermos Institut de dermoest\u00e8tica<\/title>\n<meta name=\"description\" content=\"Treballem amb les principals m\u00fatues i companyies de salut.\" \/>\n<meta name=\"robots\" content=\"index, follow, max-snippet:-1, max-image-preview:large, max-video-preview:-1\" \/>\n<link rel=\"canonical\" href=\"https:\/\/epidermos.com\/ca\/mutues\/\" \/>\n<meta property=\"og:locale\" content=\"ca_ES\" \/>\n<meta property=\"og:type\" content=\"article\" \/>\n<meta property=\"og:title\" content=\"M\u00fatues - Epidermos Institut de dermoest\u00e8tica\" \/>\n<meta property=\"og:description\" content=\"Treballem amb les principals m\u00fatues i companyies de salut.\" \/>\n<meta property=\"og:url\" content=\"https:\/\/epidermos.com\/ca\/mutues\/\" \/>\n<meta property=\"og:site_name\" content=\"Epidermos Institut de dermoest\u00e8tica\" \/>\n<meta property=\"article:modified_time\" content=\"2019-06-04T14:33:06+00:00\" \/>\n<meta name=\"twitter:card\" content=\"summary_large_image\" \/>\n<script type=\"application\/ld+json\" class=\"yoast-schema-graph\">{\"@context\":\"https:\/\/schema.org\",\"@graph\":[{\"@type\":\"WebPage\",\"@id\":\"https:\/\/epidermos.com\/ca\/mutues\/\",\"url\":\"https:\/\/epidermos.com\/ca\/mutues\/\",\"name\":\"M\u00fatues - Epidermos Institut de dermoest\u00e8tica\",\"isPartOf\":{\"@id\":\"https:\/\/epidermos.com\/ca\/#website\"},\"datePublished\":\"2018-06-05T15:16:24+00:00\",\"dateModified\":\"2019-06-04T14:33:06+00:00\",\"description\":\"Treballem amb les principals m\u00fatues i companyies de salut.\",\"breadcrumb\":{\"@id\":\"https:\/\/epidermos.com\/ca\/mutues\/#breadcrumb\"},\"inLanguage\":\"ca\",\"potentialAction\":[{\"@type\":\"ReadAction\",\"target\":[\"https:\/\/epidermos.com\/ca\/mutues\/\"]}]},{\"@type\":\"BreadcrumbList\",\"@id\":\"https:\/\/epidermos.com\/ca\/mutues\/#breadcrumb\",\"itemListElement\":[{\"@type\":\"ListItem\",\"position\":1,\"name\":\"Portada\",\"item\":\"https:\/\/epidermos.com\/ca\/\"},{\"@type\":\"ListItem\",\"position\":2,\"name\":\"M\u00fatues\"}]},{\"@type\":\"WebSite\",\"@id\":\"https:\/\/epidermos.com\/ca\/#website\",\"url\":\"https:\/\/epidermos.com\/ca\/\",\"name\":\"Epidermos Institut de dermoest\u00e8tica\",\"description\":\"Dermatolog\u00eda y Est\u00e9tica\",\"potentialAction\":[{\"@type\":\"SearchAction\",\"target\":{\"@type\":\"EntryPoint\",\"urlTemplate\":\"https:\/\/epidermos.com\/ca\/?s={search_term_string}\"},\"query-input\":{\"@type\":\"PropertyValueSpecification\",\"valueRequired\":true,\"valueName\":\"search_term_string\"}}],\"inLanguage\":\"ca\"}]}<\/script>\n<!-- \/ Yoast SEO plugin. -->","yoast_head_json":{"title":"M\u00fatues - Epidermos Institut de dermoest\u00e8tica","description":"Treballem amb les principals m\u00fatues i companyies de salut.","robots":{"index":"index","follow":"follow","max-snippet":"max-snippet:-1","max-image-preview":"max-image-preview:large","max-video-preview":"max-video-preview:-1"},"canonical":"https:\/\/epidermos.com\/ca\/mutues\/","og_locale":"ca_ES","og_type":"article","og_title":"M\u00fatues - Epidermos Institut de dermoest\u00e8tica","og_description":"Treballem amb les principals m\u00fatues i companyies de salut.","og_url":"https:\/\/epidermos.com\/ca\/mutues\/","og_site_name":"Epidermos Institut de dermoest\u00e8tica","article_modified_time":"2019-06-04T14:33:06+00:00","twitter_card":"summary_large_image","schema":{"@context":"https:\/\/schema.org","@graph":[{"@type":"WebPage","@id":"https:\/\/epidermos.com\/ca\/mutues\/","url":"https:\/\/epidermos.com\/ca\/mutues\/","name":"M\u00fatues - Epidermos Institut de dermoest\u00e8tica","isPartOf":{"@id":"https:\/\/epidermos.com\/ca\/#website"},"datePublished":"2018-06-05T15:16:24+00:00","dateModified":"2019-06-04T14:33:06+00:00","description":"Treballem amb les principals m\u00fatues i companyies de salut.","breadcrumb":{"@id":"https:\/\/epidermos.com\/ca\/mutues\/#breadcrumb"},"inLanguage":"ca","potentialAction":[{"@type":"ReadAction","target":["https:\/\/epidermos.com\/ca\/mutues\/"]}]},{"@type":"BreadcrumbList","@id":"https:\/\/epidermos.com\/ca\/mutues\/#breadcrumb","itemListElement":[{"@type":"ListItem","position":1,"name":"Portada","item":"https:\/\/epidermos.com\/ca\/"},{"@type":"ListItem","position":2,"name":"M\u00fatues"}]},{"@type":"WebSite","@id":"https:\/\/epidermos.com\/ca\/#website","url":"https:\/\/epidermos.com\/ca\/","name":"Epidermos Institut de dermoest\u00e8tica","description":"Dermatolog\u00eda y Est\u00e9tica","potentialAction":[{"@type":"SearchAction","target":{"@type":"EntryPoint","urlTemplate":"https:\/\/epidermos.com\/ca\/?s={search_term_string}"},"query-input":{"@type":"PropertyValueSpecification","valueRequired":true,"valueName":"search_term_string"}}],"inLanguage":"ca"}]}},"_links":{"self":[{"href":"https:\/\/epidermos.com\/ca\/wp-json\/wp\/v2\/pages\/2066","targetHints":{"allow":["GET"]}}],"collection":[{"href":"https:\/\/epidermos.com\/ca\/wp-json\/wp\/v2\/pages"}],"about":[{"href":"https:\/\/epidermos.com\/ca\/wp-json\/wp\/v2\/types\/page"}],"author":[{"embeddable":true,"href":"https:\/\/epidermos.com\/ca\/wp-json\/wp\/v2\/users\/2"}],"replies":[{"embeddable":true,"href":"https:\/\/epidermos.com\/ca\/wp-json\/wp\/v2\/comments?post=2066"}],"version-history":[{"count":2,"href":"https:\/\/epidermos.com\/ca\/wp-json\/wp\/v2\/pages\/2066\/revisions"}],"predecessor-version":[{"id":2068,"href":"https:\/\/epidermos.com\/ca\/wp-json\/wp\/v2\/pages\/2066\/revisions\/2068"}],"wp:attachment":[{"href":"https:\/\/epidermos.com\/ca\/wp-json\/wp\/v2\/media?parent=2066"}],"curies":[{"name":"wp","href":"https:\/\/api.w.org\/{rel}","templated":true}]}}