{"id":2179,"date":"2014-01-10T20:09:15","date_gmt":"2014-01-10T20:09:15","guid":{"rendered":"http:\/\/epidermos.com\/?page_id=2179"},"modified":"2019-12-04T10:34:25","modified_gmt":"2019-12-04T10:34:25","slug":"dermatologia-medic-quirurgica","status":"publish","type":"page","link":"https:\/\/epidermos.com\/ca\/dermatologia-medic-quirurgica\/","title":{"rendered":"DERMATOLOGIA M\u00c8DIC QUIR\u00daRGICA"},"content":{"rendered":"","protected":false},"excerpt":{"rendered":"","protected":false},"author":1,"featured_media":0,"parent":0,"menu_order":0,"comment_status":"open","ping_status":"open","template":"page-portfolio.php","meta":{"kt_blocks_editor_width":"","footnotes":""},"class_list":["post-2179","page","type-page","status-publish","hentry"],"yoast_head":"<!-- This site is optimized with the Yoast SEO plugin v27.4 - https:\/\/yoast.com\/product\/yoast-seo-wordpress\/ -->\n<title>DERMATOLOGIA M\u00c8DIC QUIR\u00daRGICA - Dermat\u00f2legs a Barcelona<\/title>\n<meta name=\"description\" content=\"Acne, dermatologia general i pedi\u00e0trica, diagn\u00f2stic i tractament del c\u00e0ncer de pell, hiperhidrosi, cura de la pell sana, alop\u00e8cia ...\" \/>\n<meta name=\"robots\" content=\"index, follow, max-snippet:-1, max-image-preview:large, max-video-preview:-1\" \/>\n<link rel=\"canonical\" href=\"https:\/\/epidermos.com\/ca\/dermatologia-medic-quirurgica\/\" \/>\n<meta property=\"og:locale\" content=\"ca_ES\" \/>\n<meta property=\"og:type\" content=\"article\" \/>\n<meta property=\"og:title\" content=\"DERMATOLOGIA M\u00c8DIC QUIR\u00daRGICA - Dermat\u00f2legs a Barcelona\" \/>\n<meta property=\"og:description\" content=\"Acne, dermatologia general i pedi\u00e0trica, diagn\u00f2stic i tractament del c\u00e0ncer de pell, hiperhidrosi, cura de la pell sana, alop\u00e8cia ...\" \/>\n<meta property=\"og:url\" content=\"https:\/\/epidermos.com\/ca\/dermatologia-medic-quirurgica\/\" \/>\n<meta property=\"og:site_name\" content=\"Epidermos Institut de dermoest\u00e8tica\" \/>\n<meta property=\"article:modified_time\" content=\"2019-12-04T10:34:25+00:00\" \/>\n<meta name=\"twitter:card\" content=\"summary_large_image\" \/>\n<script type=\"application\/ld+json\" class=\"yoast-schema-graph\">{\"@context\":\"https:\\\/\\\/schema.org\",\"@graph\":[{\"@type\":\"WebPage\",\"@id\":\"https:\\\/\\\/epidermos.com\\\/ca\\\/dermatologia-medic-quirurgica\\\/\",\"url\":\"https:\\\/\\\/epidermos.com\\\/ca\\\/dermatologia-medic-quirurgica\\\/\",\"name\":\"DERMATOLOGIA M\u00c8DIC QUIR\u00daRGICA - Dermat\u00f2legs a Barcelona\",\"isPartOf\":{\"@id\":\"https:\\\/\\\/epidermos.com\\\/ca\\\/#website\"},\"datePublished\":\"2014-01-10T20:09:15+00:00\",\"dateModified\":\"2019-12-04T10:34:25+00:00\",\"description\":\"Acne, dermatologia general i pedi\u00e0trica, diagn\u00f2stic i tractament del c\u00e0ncer de pell, hiperhidrosi, cura de la pell sana, alop\u00e8cia ...\",\"breadcrumb\":{\"@id\":\"https:\\\/\\\/epidermos.com\\\/ca\\\/dermatologia-medic-quirurgica\\\/#breadcrumb\"},\"inLanguage\":\"ca\",\"potentialAction\":[{\"@type\":\"ReadAction\",\"target\":[\"https:\\\/\\\/epidermos.com\\\/ca\\\/dermatologia-medic-quirurgica\\\/\"]}]},{\"@type\":\"BreadcrumbList\",\"@id\":\"https:\\\/\\\/epidermos.com\\\/ca\\\/dermatologia-medic-quirurgica\\\/#breadcrumb\",\"itemListElement\":[{\"@type\":\"ListItem\",\"position\":1,\"name\":\"Portada\",\"item\":\"https:\\\/\\\/epidermos.com\\\/ca\\\/\"},{\"@type\":\"ListItem\",\"position\":2,\"name\":\"DERMATOLOGIA M\u00c8DIC QUIR\u00daRGICA\"}]},{\"@type\":\"WebSite\",\"@id\":\"https:\\\/\\\/epidermos.com\\\/ca\\\/#website\",\"url\":\"https:\\\/\\\/epidermos.com\\\/ca\\\/\",\"name\":\"Epidermos Institut de dermoest\u00e8tica\",\"description\":\"Dermatolog\u00eda y Est\u00e9tica\",\"potentialAction\":[{\"@type\":\"SearchAction\",\"target\":{\"@type\":\"EntryPoint\",\"urlTemplate\":\"https:\\\/\\\/epidermos.com\\\/ca\\\/?s={search_term_string}\"},\"query-input\":{\"@type\":\"PropertyValueSpecification\",\"valueRequired\":true,\"valueName\":\"search_term_string\"}}],\"inLanguage\":\"ca\"}]}<\/script>\n<!-- \/ Yoast SEO plugin. -->","yoast_head_json":{"title":"DERMATOLOGIA M\u00c8DIC QUIR\u00daRGICA - Dermat\u00f2legs a Barcelona","description":"Acne, dermatologia general i pedi\u00e0trica, diagn\u00f2stic i tractament del c\u00e0ncer de pell, hiperhidrosi, cura de la pell sana, alop\u00e8cia ...","robots":{"index":"index","follow":"follow","max-snippet":"max-snippet:-1","max-image-preview":"max-image-preview:large","max-video-preview":"max-video-preview:-1"},"canonical":"https:\/\/epidermos.com\/ca\/dermatologia-medic-quirurgica\/","og_locale":"ca_ES","og_type":"article","og_title":"DERMATOLOGIA M\u00c8DIC QUIR\u00daRGICA - Dermat\u00f2legs a Barcelona","og_description":"Acne, dermatologia general i pedi\u00e0trica, diagn\u00f2stic i tractament del c\u00e0ncer de pell, hiperhidrosi, cura de la pell sana, alop\u00e8cia ...","og_url":"https:\/\/epidermos.com\/ca\/dermatologia-medic-quirurgica\/","og_site_name":"Epidermos Institut de dermoest\u00e8tica","article_modified_time":"2019-12-04T10:34:25+00:00","twitter_card":"summary_large_image","schema":{"@context":"https:\/\/schema.org","@graph":[{"@type":"WebPage","@id":"https:\/\/epidermos.com\/ca\/dermatologia-medic-quirurgica\/","url":"https:\/\/epidermos.com\/ca\/dermatologia-medic-quirurgica\/","name":"DERMATOLOGIA M\u00c8DIC QUIR\u00daRGICA - Dermat\u00f2legs a Barcelona","isPartOf":{"@id":"https:\/\/epidermos.com\/ca\/#website"},"datePublished":"2014-01-10T20:09:15+00:00","dateModified":"2019-12-04T10:34:25+00:00","description":"Acne, dermatologia general i pedi\u00e0trica, diagn\u00f2stic i tractament del c\u00e0ncer de pell, hiperhidrosi, cura de la pell sana, alop\u00e8cia ...","breadcrumb":{"@id":"https:\/\/epidermos.com\/ca\/dermatologia-medic-quirurgica\/#breadcrumb"},"inLanguage":"ca","potentialAction":[{"@type":"ReadAction","target":["https:\/\/epidermos.com\/ca\/dermatologia-medic-quirurgica\/"]}]},{"@type":"BreadcrumbList","@id":"https:\/\/epidermos.com\/ca\/dermatologia-medic-quirurgica\/#breadcrumb","itemListElement":[{"@type":"ListItem","position":1,"name":"Portada","item":"https:\/\/epidermos.com\/ca\/"},{"@type":"ListItem","position":2,"name":"DERMATOLOGIA M\u00c8DIC QUIR\u00daRGICA"}]},{"@type":"WebSite","@id":"https:\/\/epidermos.com\/ca\/#website","url":"https:\/\/epidermos.com\/ca\/","name":"Epidermos Institut de dermoest\u00e8tica","description":"Dermatolog\u00eda y Est\u00e9tica","potentialAction":[{"@type":"SearchAction","target":{"@type":"EntryPoint","urlTemplate":"https:\/\/epidermos.com\/ca\/?s={search_term_string}"},"query-input":{"@type":"PropertyValueSpecification","valueRequired":true,"valueName":"search_term_string"}}],"inLanguage":"ca"}]}},"_links":{"self":[{"href":"https:\/\/epidermos.com\/ca\/wp-json\/wp\/v2\/pages\/2179","targetHints":{"allow":["GET"]}}],"collection":[{"href":"https:\/\/epidermos.com\/ca\/wp-json\/wp\/v2\/pages"}],"about":[{"href":"https:\/\/epidermos.com\/ca\/wp-json\/wp\/v2\/types\/page"}],"author":[{"embeddable":true,"href":"https:\/\/epidermos.com\/ca\/wp-json\/wp\/v2\/users\/1"}],"replies":[{"embeddable":true,"href":"https:\/\/epidermos.com\/ca\/wp-json\/wp\/v2\/comments?post=2179"}],"version-history":[{"count":1,"href":"https:\/\/epidermos.com\/ca\/wp-json\/wp\/v2\/pages\/2179\/revisions"}],"predecessor-version":[{"id":2180,"href":"https:\/\/epidermos.com\/ca\/wp-json\/wp\/v2\/pages\/2179\/revisions\/2180"}],"wp:attachment":[{"href":"https:\/\/epidermos.com\/ca\/wp-json\/wp\/v2\/media?parent=2179"}],"curies":[{"name":"wp","href":"https:\/\/api.w.org\/{rel}","templated":true}]}}