{"id":2423,"date":"2018-06-05T09:50:11","date_gmt":"2018-06-05T09:50:11","guid":{"rendered":"http:\/\/epidermos.com\/medicina-y-cirugia-estetica\/"},"modified":"2019-06-04T14:26:32","modified_gmt":"2019-06-04T14:26:32","slug":"medicina-i-cirugia-estetica","status":"publish","type":"page","link":"https:\/\/epidermos.com\/ca\/medicina-i-cirugia-estetica\/","title":{"rendered":"MEDICINA I CIRURGIA EST\u00c8TICA"},"content":{"rendered":"<div id=\"pl-2423\"  class=\"panel-layout\" ><div id=\"pg-2423-0\"  class=\"panel-grid panel-no-style\" ><div id=\"pgc-2423-0-0\"  class=\"panel-grid-cell\" ><div id=\"panel-2423-0-0-0\" class=\"so-panel widget widget_sow-image panel-first-child panel-last-child\" data-index=\"0\" ><div class=\"kt-pb-animation kt-pb-fadeIn kt-pb-duration-600 kt-pb-delay-0 panel-widget-style panel-widget-style-for-2423-0-0-0\" ><div\n\t\t\t\n\t\t\tclass=\"so-widget-sow-image so-widget-sow-image-default-8b5b6f678277-2423\"\n\t\t\t\n\t\t>\n<div class=\"sow-image-container\">\n\t\t\t<a href=\"http:\/\/epidermos.com\/ca\/medicina-y-cirugia-estetica\/tractaments-facials\/\"\n\t\t\t\t\t>\n\t\t\t<img \n\tsrc=\"https:\/\/epidermos.com\/wp-content\/uploads\/2019\/03\/TRACTAMENTS-FACIALS.jpg\" width=\"1400\" height=\"1400\" srcset=\"https:\/\/epidermos.com\/wp-content\/uploads\/2019\/03\/TRACTAMENTS-FACIALS.jpg 1400w, https:\/\/epidermos.com\/wp-content\/uploads\/2019\/03\/TRACTAMENTS-FACIALS-150x150.jpg 150w, https:\/\/epidermos.com\/wp-content\/uploads\/2019\/03\/TRACTAMENTS-FACIALS-300x300.jpg 300w, https:\/\/epidermos.com\/wp-content\/uploads\/2019\/03\/TRACTAMENTS-FACIALS-768x768.jpg 768w, https:\/\/epidermos.com\/wp-content\/uploads\/2019\/03\/TRACTAMENTS-FACIALS-1024x1024.jpg 1024w, https:\/\/epidermos.com\/wp-content\/uploads\/2019\/03\/TRACTAMENTS-FACIALS-456x456.jpg 456w, https:\/\/epidermos.com\/wp-content\/uploads\/2019\/03\/TRACTAMENTS-FACIALS-100x100.jpg 100w\" sizes=\"(max-width: 1400px) 100vw, 1400px\" alt=\"Tratamientos-faciales\" \t\tclass=\"so-widget-image\"\/>\n\t\t\t<\/a><\/div>\n\n<\/div><\/div><\/div><\/div><div id=\"pgc-2423-0-1\"  class=\"panel-grid-cell\" ><div id=\"panel-2423-0-1-0\" class=\"so-panel widget widget_sow-image panel-first-child panel-last-child\" data-index=\"1\" ><div class=\"kt-pb-animation kt-pb-fadeIn kt-pb-duration-600 kt-pb-delay-300 panel-widget-style panel-widget-style-for-2423-0-1-0\" ><div\n\t\t\t\n\t\t\tclass=\"so-widget-sow-image so-widget-sow-image-default-8b5b6f678277-2423\"\n\t\t\t\n\t\t>\n<div class=\"sow-image-container\">\n\t\t\t<a href=\"http:\/\/epidermos.com\/ca\/medicina-y-cirugia-estetica\/trataments-corporales\/\"\n\t\t\t\t\t>\n\t\t\t<img \n\tsrc=\"https:\/\/epidermos.com\/wp-content\/uploads\/2019\/03\/TRACTAMENTS-CORPORALS.jpg\" width=\"1400\" height=\"1400\" srcset=\"https:\/\/epidermos.com\/wp-content\/uploads\/2019\/03\/TRACTAMENTS-CORPORALS.jpg 1400w, https:\/\/epidermos.com\/wp-content\/uploads\/2019\/03\/TRACTAMENTS-CORPORALS-150x150.jpg 150w, https:\/\/epidermos.com\/wp-content\/uploads\/2019\/03\/TRACTAMENTS-CORPORALS-300x300.jpg 300w, https:\/\/epidermos.com\/wp-content\/uploads\/2019\/03\/TRACTAMENTS-CORPORALS-768x768.jpg 768w, https:\/\/epidermos.com\/wp-content\/uploads\/2019\/03\/TRACTAMENTS-CORPORALS-1024x1024.jpg 1024w, https:\/\/epidermos.com\/wp-content\/uploads\/2019\/03\/TRACTAMENTS-CORPORALS-456x456.jpg 456w, https:\/\/epidermos.com\/wp-content\/uploads\/2019\/03\/TRACTAMENTS-CORPORALS-100x100.jpg 100w\" sizes=\"(max-width: 1400px) 100vw, 1400px\" alt=\"\" \t\tclass=\"so-widget-image\"\/>\n\t\t\t<\/a><\/div>\n\n<\/div><\/div><\/div><\/div><div id=\"pgc-2423-0-2\"  class=\"panel-grid-cell\" ><div id=\"panel-2423-0-2-0\" class=\"so-panel widget widget_sow-image panel-first-child panel-last-child\" data-index=\"2\" ><div class=\"kt-pb-animation kt-pb-fadeIn kt-pb-duration-600 kt-pb-delay-600 panel-widget-style panel-widget-style-for-2423-0-2-0\" ><div\n\t\t\t\n\t\t\tclass=\"so-widget-sow-image so-widget-sow-image-default-8b5b6f678277-2423\"\n\t\t\t\n\t\t>\n<div class=\"sow-image-container\">\n\t\t\t<a href=\"http:\/\/epidermos.com\/ca\/medicina-y-cirugia-estetica\/nutricio-i-antiaging\/\"\n\t\t\t\t\t>\n\t\t\t<img \n\tsrc=\"https:\/\/epidermos.com\/wp-content\/uploads\/2019\/03\/NUTRICIO-I-ANTIAGING.jpg\" width=\"1400\" height=\"1400\" srcset=\"https:\/\/epidermos.com\/wp-content\/uploads\/2019\/03\/NUTRICIO-I-ANTIAGING.jpg 1400w, https:\/\/epidermos.com\/wp-content\/uploads\/2019\/03\/NUTRICIO-I-ANTIAGING-150x150.jpg 150w, https:\/\/epidermos.com\/wp-content\/uploads\/2019\/03\/NUTRICIO-I-ANTIAGING-300x300.jpg 300w, https:\/\/epidermos.com\/wp-content\/uploads\/2019\/03\/NUTRICIO-I-ANTIAGING-768x768.jpg 768w, https:\/\/epidermos.com\/wp-content\/uploads\/2019\/03\/NUTRICIO-I-ANTIAGING-1024x1024.jpg 1024w, https:\/\/epidermos.com\/wp-content\/uploads\/2019\/03\/NUTRICIO-I-ANTIAGING-456x456.jpg 456w, https:\/\/epidermos.com\/wp-content\/uploads\/2019\/03\/NUTRICIO-I-ANTIAGING-100x100.jpg 100w\" sizes=\"(max-width: 1400px) 100vw, 1400px\" alt=\"\" \t\tclass=\"so-widget-image\"\/>\n\t\t\t<\/a><\/div>\n\n<\/div><\/div><\/div><\/div><div id=\"pgc-2423-0-3\"  class=\"panel-grid-cell\" ><div id=\"panel-2423-0-3-0\" class=\"so-panel widget widget_sow-image panel-first-child panel-last-child\" data-index=\"3\" ><div class=\"kt-pb-animation kt-pb-fadeIn kt-pb-duration-600 kt-pb-delay-900 panel-widget-style panel-widget-style-for-2423-0-3-0\" ><div\n\t\t\t\n\t\t\tclass=\"so-widget-sow-image so-widget-sow-image-default-8b5b6f678277-2423\"\n\t\t\t\n\t\t>\n<div class=\"sow-image-container\">\n\t\t\t<a href=\"http:\/\/epidermos.com\/ca\/medicina-y-cirugia-estetica\/assessorament-personalitzat-de-productes-cosmetics\/\"\n\t\t\t\t\t>\n\t\t\t<img \n\tsrc=\"https:\/\/epidermos.com\/wp-content\/uploads\/2019\/03\/ASSESSORAMENT-PERSONALITZAT-DE-PRODUCTES-COSMETICS.jpg\" width=\"1400\" height=\"1400\" srcset=\"https:\/\/epidermos.com\/wp-content\/uploads\/2019\/03\/ASSESSORAMENT-PERSONALITZAT-DE-PRODUCTES-COSMETICS.jpg 1400w, https:\/\/epidermos.com\/wp-content\/uploads\/2019\/03\/ASSESSORAMENT-PERSONALITZAT-DE-PRODUCTES-COSMETICS-150x150.jpg 150w, https:\/\/epidermos.com\/wp-content\/uploads\/2019\/03\/ASSESSORAMENT-PERSONALITZAT-DE-PRODUCTES-COSMETICS-300x300.jpg 300w, https:\/\/epidermos.com\/wp-content\/uploads\/2019\/03\/ASSESSORAMENT-PERSONALITZAT-DE-PRODUCTES-COSMETICS-768x768.jpg 768w, https:\/\/epidermos.com\/wp-content\/uploads\/2019\/03\/ASSESSORAMENT-PERSONALITZAT-DE-PRODUCTES-COSMETICS-1024x1024.jpg 1024w, https:\/\/epidermos.com\/wp-content\/uploads\/2019\/03\/ASSESSORAMENT-PERSONALITZAT-DE-PRODUCTES-COSMETICS-456x456.jpg 456w, https:\/\/epidermos.com\/wp-content\/uploads\/2019\/03\/ASSESSORAMENT-PERSONALITZAT-DE-PRODUCTES-COSMETICS-100x100.jpg 100w\" sizes=\"(max-width: 1400px) 100vw, 1400px\" alt=\"\" \t\tclass=\"so-widget-image\"\/>\n\t\t\t<\/a><\/div>\n\n<\/div><\/div><\/div><\/div><\/div><\/div>","protected":false},"excerpt":{"rendered":"","protected":false},"author":2,"featured_media":0,"parent":0,"menu_order":0,"comment_status":"closed","ping_status":"closed","template":"page-fullwidth.php","meta":{"kt_blocks_editor_width":"","footnotes":""},"class_list":["post-2423","page","type-page","status-publish","hentry"],"yoast_head":"<!-- This site is optimized with the Yoast SEO plugin v27.2 - https:\/\/yoast.com\/product\/yoast-seo-wordpress\/ -->\n<title>MEDICINA I CIRURGIA EST\u00c8TICA - Epidermos Institut de dermoest\u00e8tica<\/title>\n<meta name=\"description\" content=\"Tractaments facials, tractaments corporals, nutrici\u00f3 i antiaging, assessorament personalitzat de productes cosm\u00e8tics.\" \/>\n<meta name=\"robots\" content=\"index, follow, max-snippet:-1, max-image-preview:large, max-video-preview:-1\" \/>\n<link rel=\"canonical\" href=\"https:\/\/epidermos.com\/ca\/medicina-i-cirugia-estetica\/\" \/>\n<meta property=\"og:locale\" content=\"ca_ES\" \/>\n<meta property=\"og:type\" content=\"article\" \/>\n<meta property=\"og:title\" content=\"MEDICINA I CIRURGIA EST\u00c8TICA - Epidermos Institut de dermoest\u00e8tica\" \/>\n<meta property=\"og:description\" content=\"Tractaments facials, tractaments corporals, nutrici\u00f3 i antiaging, assessorament personalitzat de productes cosm\u00e8tics.\" \/>\n<meta property=\"og:url\" content=\"https:\/\/epidermos.com\/ca\/medicina-i-cirugia-estetica\/\" \/>\n<meta property=\"og:site_name\" content=\"Epidermos Institut de dermoest\u00e8tica\" \/>\n<meta property=\"article:modified_time\" content=\"2019-06-04T14:26:32+00:00\" \/>\n<meta name=\"twitter:card\" content=\"summary_large_image\" \/>\n<script type=\"application\/ld+json\" class=\"yoast-schema-graph\">{\"@context\":\"https:\/\/schema.org\",\"@graph\":[{\"@type\":\"WebPage\",\"@id\":\"https:\/\/epidermos.com\/ca\/medicina-i-cirugia-estetica\/\",\"url\":\"https:\/\/epidermos.com\/ca\/medicina-i-cirugia-estetica\/\",\"name\":\"MEDICINA I CIRURGIA EST\u00c8TICA - Epidermos Institut de dermoest\u00e8tica\",\"isPartOf\":{\"@id\":\"https:\/\/epidermos.com\/ca\/#website\"},\"datePublished\":\"2018-06-05T09:50:11+00:00\",\"dateModified\":\"2019-06-04T14:26:32+00:00\",\"description\":\"Tractaments facials, tractaments corporals, nutrici\u00f3 i antiaging, assessorament personalitzat de productes cosm\u00e8tics.\",\"breadcrumb\":{\"@id\":\"https:\/\/epidermos.com\/ca\/medicina-i-cirugia-estetica\/#breadcrumb\"},\"inLanguage\":\"ca\",\"potentialAction\":[{\"@type\":\"ReadAction\",\"target\":[\"https:\/\/epidermos.com\/ca\/medicina-i-cirugia-estetica\/\"]}]},{\"@type\":\"BreadcrumbList\",\"@id\":\"https:\/\/epidermos.com\/ca\/medicina-i-cirugia-estetica\/#breadcrumb\",\"itemListElement\":[{\"@type\":\"ListItem\",\"position\":1,\"name\":\"Portada\",\"item\":\"https:\/\/epidermos.com\/ca\/\"},{\"@type\":\"ListItem\",\"position\":2,\"name\":\"MEDICINA I CIRURGIA EST\u00c8TICA\"}]},{\"@type\":\"WebSite\",\"@id\":\"https:\/\/epidermos.com\/ca\/#website\",\"url\":\"https:\/\/epidermos.com\/ca\/\",\"name\":\"Epidermos Institut de dermoest\u00e8tica\",\"description\":\"Dermatolog\u00eda y Est\u00e9tica\",\"potentialAction\":[{\"@type\":\"SearchAction\",\"target\":{\"@type\":\"EntryPoint\",\"urlTemplate\":\"https:\/\/epidermos.com\/ca\/?s={search_term_string}\"},\"query-input\":{\"@type\":\"PropertyValueSpecification\",\"valueRequired\":true,\"valueName\":\"search_term_string\"}}],\"inLanguage\":\"ca\"}]}<\/script>\n<!-- \/ Yoast SEO plugin. -->","yoast_head_json":{"title":"MEDICINA I CIRURGIA EST\u00c8TICA - Epidermos Institut de dermoest\u00e8tica","description":"Tractaments facials, tractaments corporals, nutrici\u00f3 i antiaging, assessorament personalitzat de productes cosm\u00e8tics.","robots":{"index":"index","follow":"follow","max-snippet":"max-snippet:-1","max-image-preview":"max-image-preview:large","max-video-preview":"max-video-preview:-1"},"canonical":"https:\/\/epidermos.com\/ca\/medicina-i-cirugia-estetica\/","og_locale":"ca_ES","og_type":"article","og_title":"MEDICINA I CIRURGIA EST\u00c8TICA - Epidermos Institut de dermoest\u00e8tica","og_description":"Tractaments facials, tractaments corporals, nutrici\u00f3 i antiaging, assessorament personalitzat de productes cosm\u00e8tics.","og_url":"https:\/\/epidermos.com\/ca\/medicina-i-cirugia-estetica\/","og_site_name":"Epidermos Institut de dermoest\u00e8tica","article_modified_time":"2019-06-04T14:26:32+00:00","twitter_card":"summary_large_image","schema":{"@context":"https:\/\/schema.org","@graph":[{"@type":"WebPage","@id":"https:\/\/epidermos.com\/ca\/medicina-i-cirugia-estetica\/","url":"https:\/\/epidermos.com\/ca\/medicina-i-cirugia-estetica\/","name":"MEDICINA I CIRURGIA EST\u00c8TICA - Epidermos Institut de dermoest\u00e8tica","isPartOf":{"@id":"https:\/\/epidermos.com\/ca\/#website"},"datePublished":"2018-06-05T09:50:11+00:00","dateModified":"2019-06-04T14:26:32+00:00","description":"Tractaments facials, tractaments corporals, nutrici\u00f3 i antiaging, assessorament personalitzat de productes cosm\u00e8tics.","breadcrumb":{"@id":"https:\/\/epidermos.com\/ca\/medicina-i-cirugia-estetica\/#breadcrumb"},"inLanguage":"ca","potentialAction":[{"@type":"ReadAction","target":["https:\/\/epidermos.com\/ca\/medicina-i-cirugia-estetica\/"]}]},{"@type":"BreadcrumbList","@id":"https:\/\/epidermos.com\/ca\/medicina-i-cirugia-estetica\/#breadcrumb","itemListElement":[{"@type":"ListItem","position":1,"name":"Portada","item":"https:\/\/epidermos.com\/ca\/"},{"@type":"ListItem","position":2,"name":"MEDICINA I CIRURGIA EST\u00c8TICA"}]},{"@type":"WebSite","@id":"https:\/\/epidermos.com\/ca\/#website","url":"https:\/\/epidermos.com\/ca\/","name":"Epidermos Institut de dermoest\u00e8tica","description":"Dermatolog\u00eda y Est\u00e9tica","potentialAction":[{"@type":"SearchAction","target":{"@type":"EntryPoint","urlTemplate":"https:\/\/epidermos.com\/ca\/?s={search_term_string}"},"query-input":{"@type":"PropertyValueSpecification","valueRequired":true,"valueName":"search_term_string"}}],"inLanguage":"ca"}]}},"_links":{"self":[{"href":"https:\/\/epidermos.com\/ca\/wp-json\/wp\/v2\/pages\/2423","targetHints":{"allow":["GET"]}}],"collection":[{"href":"https:\/\/epidermos.com\/ca\/wp-json\/wp\/v2\/pages"}],"about":[{"href":"https:\/\/epidermos.com\/ca\/wp-json\/wp\/v2\/types\/page"}],"author":[{"embeddable":true,"href":"https:\/\/epidermos.com\/ca\/wp-json\/wp\/v2\/users\/2"}],"replies":[{"embeddable":true,"href":"https:\/\/epidermos.com\/ca\/wp-json\/wp\/v2\/comments?post=2423"}],"version-history":[{"count":21,"href":"https:\/\/epidermos.com\/ca\/wp-json\/wp\/v2\/pages\/2423\/revisions"}],"predecessor-version":[{"id":2978,"href":"https:\/\/epidermos.com\/ca\/wp-json\/wp\/v2\/pages\/2423\/revisions\/2978"}],"wp:attachment":[{"href":"https:\/\/epidermos.com\/ca\/wp-json\/wp\/v2\/media?parent=2423"}],"curies":[{"name":"wp","href":"https:\/\/api.w.org\/{rel}","templated":true}]}}