{"id":2429,"date":"2013-07-29T19:36:10","date_gmt":"2013-07-29T19:36:10","guid":{"rendered":"http:\/\/epidermos.com\/equipo-medico\/"},"modified":"2020-03-26T12:56:50","modified_gmt":"2020-03-26T12:56:50","slug":"equip-medic","status":"publish","type":"page","link":"https:\/\/epidermos.com\/ca\/equip-medic\/","title":{"rendered":"EQUIP M\u00c8DIC"},"content":{"rendered":"","protected":false},"excerpt":{"rendered":"","protected":false},"author":1,"featured_media":0,"parent":0,"menu_order":0,"comment_status":"closed","ping_status":"open","template":"page-staff-grid.php","meta":{"kt_blocks_editor_width":"","footnotes":""},"class_list":["post-2429","page","type-page","status-publish","hentry"],"yoast_head":"<!-- This site is optimized with the Yoast SEO plugin v27.2 - https:\/\/yoast.com\/product\/yoast-seo-wordpress\/ -->\n<title>EQUIP M\u00c8DIC - Cl\u00ednica est\u00e8tica a Barcelona - Epidermos<\/title>\n<meta name=\"description\" content=\"En Epidermos BCN l&#039;equip \u00e9s un valor segur. Trobar\u00e0s els millors especialistes en Dermatologia, Medicina Est\u00e8tica i Cirurgia Pl\u00e0stica.\" \/>\n<meta name=\"robots\" content=\"index, follow, max-snippet:-1, max-image-preview:large, max-video-preview:-1\" \/>\n<link rel=\"canonical\" href=\"https:\/\/epidermos.com\/ca\/equip-medic\/\" \/>\n<meta property=\"og:locale\" content=\"ca_ES\" \/>\n<meta property=\"og:type\" content=\"article\" \/>\n<meta property=\"og:title\" content=\"EQUIP M\u00c8DIC - Cl\u00ednica est\u00e8tica a Barcelona - Epidermos\" \/>\n<meta property=\"og:description\" content=\"En Epidermos BCN l&#039;equip \u00e9s un valor segur. Trobar\u00e0s els millors especialistes en Dermatologia, Medicina Est\u00e8tica i Cirurgia Pl\u00e0stica.\" \/>\n<meta property=\"og:url\" content=\"https:\/\/epidermos.com\/ca\/equip-medic\/\" \/>\n<meta property=\"og:site_name\" content=\"Epidermos Institut de dermoest\u00e8tica\" \/>\n<meta property=\"article:modified_time\" content=\"2020-03-26T12:56:50+00:00\" \/>\n<meta name=\"twitter:card\" content=\"summary_large_image\" \/>\n<script type=\"application\/ld+json\" class=\"yoast-schema-graph\">{\"@context\":\"https:\/\/schema.org\",\"@graph\":[{\"@type\":\"WebPage\",\"@id\":\"https:\/\/epidermos.com\/ca\/equip-medic\/\",\"url\":\"https:\/\/epidermos.com\/ca\/equip-medic\/\",\"name\":\"EQUIP M\u00c8DIC - Cl\u00ednica est\u00e8tica a Barcelona - Epidermos\",\"isPartOf\":{\"@id\":\"https:\/\/epidermos.com\/ca\/#website\"},\"datePublished\":\"2013-07-29T19:36:10+00:00\",\"dateModified\":\"2020-03-26T12:56:50+00:00\",\"description\":\"En Epidermos BCN l'equip \u00e9s un valor segur. Trobar\u00e0s els millors especialistes en Dermatologia, Medicina Est\u00e8tica i Cirurgia Pl\u00e0stica.\",\"breadcrumb\":{\"@id\":\"https:\/\/epidermos.com\/ca\/equip-medic\/#breadcrumb\"},\"inLanguage\":\"ca\",\"potentialAction\":[{\"@type\":\"ReadAction\",\"target\":[\"https:\/\/epidermos.com\/ca\/equip-medic\/\"]}]},{\"@type\":\"BreadcrumbList\",\"@id\":\"https:\/\/epidermos.com\/ca\/equip-medic\/#breadcrumb\",\"itemListElement\":[{\"@type\":\"ListItem\",\"position\":1,\"name\":\"Portada\",\"item\":\"https:\/\/epidermos.com\/ca\/\"},{\"@type\":\"ListItem\",\"position\":2,\"name\":\"EQUIP M\u00c8DIC\"}]},{\"@type\":\"WebSite\",\"@id\":\"https:\/\/epidermos.com\/ca\/#website\",\"url\":\"https:\/\/epidermos.com\/ca\/\",\"name\":\"Epidermos Institut de dermoest\u00e8tica\",\"description\":\"Dermatolog\u00eda y Est\u00e9tica\",\"potentialAction\":[{\"@type\":\"SearchAction\",\"target\":{\"@type\":\"EntryPoint\",\"urlTemplate\":\"https:\/\/epidermos.com\/ca\/?s={search_term_string}\"},\"query-input\":{\"@type\":\"PropertyValueSpecification\",\"valueRequired\":true,\"valueName\":\"search_term_string\"}}],\"inLanguage\":\"ca\"}]}<\/script>\n<!-- \/ Yoast SEO plugin. -->","yoast_head_json":{"title":"EQUIP M\u00c8DIC - Cl\u00ednica est\u00e8tica a Barcelona - Epidermos","description":"En Epidermos BCN l'equip \u00e9s un valor segur. Trobar\u00e0s els millors especialistes en Dermatologia, Medicina Est\u00e8tica i Cirurgia Pl\u00e0stica.","robots":{"index":"index","follow":"follow","max-snippet":"max-snippet:-1","max-image-preview":"max-image-preview:large","max-video-preview":"max-video-preview:-1"},"canonical":"https:\/\/epidermos.com\/ca\/equip-medic\/","og_locale":"ca_ES","og_type":"article","og_title":"EQUIP M\u00c8DIC - Cl\u00ednica est\u00e8tica a Barcelona - Epidermos","og_description":"En Epidermos BCN l'equip \u00e9s un valor segur. Trobar\u00e0s els millors especialistes en Dermatologia, Medicina Est\u00e8tica i Cirurgia Pl\u00e0stica.","og_url":"https:\/\/epidermos.com\/ca\/equip-medic\/","og_site_name":"Epidermos Institut de dermoest\u00e8tica","article_modified_time":"2020-03-26T12:56:50+00:00","twitter_card":"summary_large_image","schema":{"@context":"https:\/\/schema.org","@graph":[{"@type":"WebPage","@id":"https:\/\/epidermos.com\/ca\/equip-medic\/","url":"https:\/\/epidermos.com\/ca\/equip-medic\/","name":"EQUIP M\u00c8DIC - Cl\u00ednica est\u00e8tica a Barcelona - Epidermos","isPartOf":{"@id":"https:\/\/epidermos.com\/ca\/#website"},"datePublished":"2013-07-29T19:36:10+00:00","dateModified":"2020-03-26T12:56:50+00:00","description":"En Epidermos BCN l'equip \u00e9s un valor segur. Trobar\u00e0s els millors especialistes en Dermatologia, Medicina Est\u00e8tica i Cirurgia Pl\u00e0stica.","breadcrumb":{"@id":"https:\/\/epidermos.com\/ca\/equip-medic\/#breadcrumb"},"inLanguage":"ca","potentialAction":[{"@type":"ReadAction","target":["https:\/\/epidermos.com\/ca\/equip-medic\/"]}]},{"@type":"BreadcrumbList","@id":"https:\/\/epidermos.com\/ca\/equip-medic\/#breadcrumb","itemListElement":[{"@type":"ListItem","position":1,"name":"Portada","item":"https:\/\/epidermos.com\/ca\/"},{"@type":"ListItem","position":2,"name":"EQUIP M\u00c8DIC"}]},{"@type":"WebSite","@id":"https:\/\/epidermos.com\/ca\/#website","url":"https:\/\/epidermos.com\/ca\/","name":"Epidermos Institut de dermoest\u00e8tica","description":"Dermatolog\u00eda y Est\u00e9tica","potentialAction":[{"@type":"SearchAction","target":{"@type":"EntryPoint","urlTemplate":"https:\/\/epidermos.com\/ca\/?s={search_term_string}"},"query-input":{"@type":"PropertyValueSpecification","valueRequired":true,"valueName":"search_term_string"}}],"inLanguage":"ca"}]}},"_links":{"self":[{"href":"https:\/\/epidermos.com\/ca\/wp-json\/wp\/v2\/pages\/2429","targetHints":{"allow":["GET"]}}],"collection":[{"href":"https:\/\/epidermos.com\/ca\/wp-json\/wp\/v2\/pages"}],"about":[{"href":"https:\/\/epidermos.com\/ca\/wp-json\/wp\/v2\/types\/page"}],"author":[{"embeddable":true,"href":"https:\/\/epidermos.com\/ca\/wp-json\/wp\/v2\/users\/1"}],"replies":[{"embeddable":true,"href":"https:\/\/epidermos.com\/ca\/wp-json\/wp\/v2\/comments?post=2429"}],"version-history":[{"count":3,"href":"https:\/\/epidermos.com\/ca\/wp-json\/wp\/v2\/pages\/2429\/revisions"}],"predecessor-version":[{"id":2465,"href":"https:\/\/epidermos.com\/ca\/wp-json\/wp\/v2\/pages\/2429\/revisions\/2465"}],"wp:attachment":[{"href":"https:\/\/epidermos.com\/ca\/wp-json\/wp\/v2\/media?parent=2429"}],"curies":[{"name":"wp","href":"https:\/\/api.w.org\/{rel}","templated":true}]}}