{"id":2516,"date":"2019-01-29T17:04:08","date_gmt":"2019-01-29T17:04:08","guid":{"rendered":"http:\/\/epidermos.com\/medicina-y-cirugia-estetica\/tratamientos-corporales\/"},"modified":"2019-06-05T09:23:46","modified_gmt":"2019-06-05T09:23:46","slug":"trataments-corporales","status":"publish","type":"page","link":"https:\/\/epidermos.com\/ca\/medicina-i-cirugia-estetica\/trataments-corporales\/","title":{"rendered":"Tractaments Corporals"},"content":{"rendered":"","protected":false},"excerpt":{"rendered":"","protected":false},"author":2,"featured_media":0,"parent":2423,"menu_order":0,"comment_status":"open","ping_status":"open","template":"page-portfolio.php","meta":{"kt_blocks_editor_width":"","footnotes":""},"class_list":["post-2516","page","type-page","status-publish","hentry"],"yoast_head":"<!-- This site is optimized with the Yoast SEO plugin v27.2 - https:\/\/yoast.com\/product\/yoast-seo-wordpress\/ -->\n<title>Tractaments Corporals - Epidermos Institut de dermoest\u00e8tica<\/title>\n<meta name=\"description\" content=\"Eliminaci\u00f3 de estries, eliminaci\u00f3 de tatuatges, augment de pit, abdominopl\u00e0stia, lipoescultura, lifting, reducci\u00f3 mam\u00e0ria, mesoter\u00e0pia corporal, ...\" \/>\n<meta name=\"robots\" content=\"index, follow, max-snippet:-1, max-image-preview:large, max-video-preview:-1\" \/>\n<link rel=\"canonical\" href=\"https:\/\/epidermos.com\/ca\/medicina-i-cirugia-estetica\/trataments-corporales\/\" \/>\n<meta property=\"og:locale\" content=\"ca_ES\" \/>\n<meta property=\"og:type\" content=\"article\" \/>\n<meta property=\"og:title\" content=\"Tractaments Corporals - Epidermos Institut de dermoest\u00e8tica\" \/>\n<meta property=\"og:description\" content=\"Eliminaci\u00f3 de estries, eliminaci\u00f3 de tatuatges, augment de pit, abdominopl\u00e0stia, lipoescultura, lifting, reducci\u00f3 mam\u00e0ria, mesoter\u00e0pia corporal, ...\" \/>\n<meta property=\"og:url\" content=\"https:\/\/epidermos.com\/ca\/medicina-i-cirugia-estetica\/trataments-corporales\/\" \/>\n<meta property=\"og:site_name\" content=\"Epidermos Institut de dermoest\u00e8tica\" \/>\n<meta property=\"article:modified_time\" content=\"2019-06-05T09:23:46+00:00\" \/>\n<meta name=\"twitter:card\" content=\"summary_large_image\" \/>\n<script type=\"application\/ld+json\" class=\"yoast-schema-graph\">{\"@context\":\"https:\/\/schema.org\",\"@graph\":[{\"@type\":\"WebPage\",\"@id\":\"https:\/\/epidermos.com\/ca\/medicina-i-cirugia-estetica\/trataments-corporales\/\",\"url\":\"https:\/\/epidermos.com\/ca\/medicina-i-cirugia-estetica\/trataments-corporales\/\",\"name\":\"Tractaments Corporals - Epidermos Institut de dermoest\u00e8tica\",\"isPartOf\":{\"@id\":\"https:\/\/epidermos.com\/ca\/#website\"},\"datePublished\":\"2019-01-29T17:04:08+00:00\",\"dateModified\":\"2019-06-05T09:23:46+00:00\",\"description\":\"Eliminaci\u00f3 de estries, eliminaci\u00f3 de tatuatges, augment de pit, abdominopl\u00e0stia, lipoescultura, lifting, reducci\u00f3 mam\u00e0ria, mesoter\u00e0pia corporal, ...\",\"breadcrumb\":{\"@id\":\"https:\/\/epidermos.com\/ca\/medicina-i-cirugia-estetica\/trataments-corporales\/#breadcrumb\"},\"inLanguage\":\"ca\",\"potentialAction\":[{\"@type\":\"ReadAction\",\"target\":[\"https:\/\/epidermos.com\/ca\/medicina-i-cirugia-estetica\/trataments-corporales\/\"]}]},{\"@type\":\"BreadcrumbList\",\"@id\":\"https:\/\/epidermos.com\/ca\/medicina-i-cirugia-estetica\/trataments-corporales\/#breadcrumb\",\"itemListElement\":[{\"@type\":\"ListItem\",\"position\":1,\"name\":\"Portada\",\"item\":\"https:\/\/epidermos.com\/ca\/\"},{\"@type\":\"ListItem\",\"position\":2,\"name\":\"MEDICINA I CIRURGIA EST\u00c8TICA\",\"item\":\"https:\/\/epidermos.com\/ca\/medicina-i-cirugia-estetica\/\"},{\"@type\":\"ListItem\",\"position\":3,\"name\":\"Tractaments Corporals\"}]},{\"@type\":\"WebSite\",\"@id\":\"https:\/\/epidermos.com\/ca\/#website\",\"url\":\"https:\/\/epidermos.com\/ca\/\",\"name\":\"Epidermos Institut de dermoest\u00e8tica\",\"description\":\"Dermatolog\u00eda y Est\u00e9tica\",\"potentialAction\":[{\"@type\":\"SearchAction\",\"target\":{\"@type\":\"EntryPoint\",\"urlTemplate\":\"https:\/\/epidermos.com\/ca\/?s={search_term_string}\"},\"query-input\":{\"@type\":\"PropertyValueSpecification\",\"valueRequired\":true,\"valueName\":\"search_term_string\"}}],\"inLanguage\":\"ca\"}]}<\/script>\n<!-- \/ Yoast SEO plugin. -->","yoast_head_json":{"title":"Tractaments Corporals - Epidermos Institut de dermoest\u00e8tica","description":"Eliminaci\u00f3 de estries, eliminaci\u00f3 de tatuatges, augment de pit, abdominopl\u00e0stia, lipoescultura, lifting, reducci\u00f3 mam\u00e0ria, mesoter\u00e0pia corporal, ...","robots":{"index":"index","follow":"follow","max-snippet":"max-snippet:-1","max-image-preview":"max-image-preview:large","max-video-preview":"max-video-preview:-1"},"canonical":"https:\/\/epidermos.com\/ca\/medicina-i-cirugia-estetica\/trataments-corporales\/","og_locale":"ca_ES","og_type":"article","og_title":"Tractaments Corporals - Epidermos Institut de dermoest\u00e8tica","og_description":"Eliminaci\u00f3 de estries, eliminaci\u00f3 de tatuatges, augment de pit, abdominopl\u00e0stia, lipoescultura, lifting, reducci\u00f3 mam\u00e0ria, mesoter\u00e0pia corporal, ...","og_url":"https:\/\/epidermos.com\/ca\/medicina-i-cirugia-estetica\/trataments-corporales\/","og_site_name":"Epidermos Institut de dermoest\u00e8tica","article_modified_time":"2019-06-05T09:23:46+00:00","twitter_card":"summary_large_image","schema":{"@context":"https:\/\/schema.org","@graph":[{"@type":"WebPage","@id":"https:\/\/epidermos.com\/ca\/medicina-i-cirugia-estetica\/trataments-corporales\/","url":"https:\/\/epidermos.com\/ca\/medicina-i-cirugia-estetica\/trataments-corporales\/","name":"Tractaments Corporals - Epidermos Institut de dermoest\u00e8tica","isPartOf":{"@id":"https:\/\/epidermos.com\/ca\/#website"},"datePublished":"2019-01-29T17:04:08+00:00","dateModified":"2019-06-05T09:23:46+00:00","description":"Eliminaci\u00f3 de estries, eliminaci\u00f3 de tatuatges, augment de pit, abdominopl\u00e0stia, lipoescultura, lifting, reducci\u00f3 mam\u00e0ria, mesoter\u00e0pia corporal, ...","breadcrumb":{"@id":"https:\/\/epidermos.com\/ca\/medicina-i-cirugia-estetica\/trataments-corporales\/#breadcrumb"},"inLanguage":"ca","potentialAction":[{"@type":"ReadAction","target":["https:\/\/epidermos.com\/ca\/medicina-i-cirugia-estetica\/trataments-corporales\/"]}]},{"@type":"BreadcrumbList","@id":"https:\/\/epidermos.com\/ca\/medicina-i-cirugia-estetica\/trataments-corporales\/#breadcrumb","itemListElement":[{"@type":"ListItem","position":1,"name":"Portada","item":"https:\/\/epidermos.com\/ca\/"},{"@type":"ListItem","position":2,"name":"MEDICINA I CIRURGIA EST\u00c8TICA","item":"https:\/\/epidermos.com\/ca\/medicina-i-cirugia-estetica\/"},{"@type":"ListItem","position":3,"name":"Tractaments Corporals"}]},{"@type":"WebSite","@id":"https:\/\/epidermos.com\/ca\/#website","url":"https:\/\/epidermos.com\/ca\/","name":"Epidermos Institut de dermoest\u00e8tica","description":"Dermatolog\u00eda y Est\u00e9tica","potentialAction":[{"@type":"SearchAction","target":{"@type":"EntryPoint","urlTemplate":"https:\/\/epidermos.com\/ca\/?s={search_term_string}"},"query-input":{"@type":"PropertyValueSpecification","valueRequired":true,"valueName":"search_term_string"}}],"inLanguage":"ca"}]}},"_links":{"self":[{"href":"https:\/\/epidermos.com\/ca\/wp-json\/wp\/v2\/pages\/2516","targetHints":{"allow":["GET"]}}],"collection":[{"href":"https:\/\/epidermos.com\/ca\/wp-json\/wp\/v2\/pages"}],"about":[{"href":"https:\/\/epidermos.com\/ca\/wp-json\/wp\/v2\/types\/page"}],"author":[{"embeddable":true,"href":"https:\/\/epidermos.com\/ca\/wp-json\/wp\/v2\/users\/2"}],"replies":[{"embeddable":true,"href":"https:\/\/epidermos.com\/ca\/wp-json\/wp\/v2\/comments?post=2516"}],"version-history":[{"count":2,"href":"https:\/\/epidermos.com\/ca\/wp-json\/wp\/v2\/pages\/2516\/revisions"}],"predecessor-version":[{"id":2564,"href":"https:\/\/epidermos.com\/ca\/wp-json\/wp\/v2\/pages\/2516\/revisions\/2564"}],"up":[{"embeddable":true,"href":"https:\/\/epidermos.com\/ca\/wp-json\/wp\/v2\/pages\/2423"}],"wp:attachment":[{"href":"https:\/\/epidermos.com\/ca\/wp-json\/wp\/v2\/media?parent=2516"}],"curies":[{"name":"wp","href":"https:\/\/api.w.org\/{rel}","templated":true}]}}