{"id":2565,"date":"2019-01-29T17:21:45","date_gmt":"2019-01-29T17:21:45","guid":{"rendered":"http:\/\/epidermos.com\/medicina-y-cirugia-estetica\/nutricion-y-antiaging\/"},"modified":"2019-06-05T09:25:44","modified_gmt":"2019-06-05T09:25:44","slug":"nutricio-i-antiaging","status":"publish","type":"page","link":"https:\/\/epidermos.com\/ca\/medicina-i-cirugia-estetica\/nutricio-i-antiaging\/","title":{"rendered":"Nutrici\u00f3 i Antiaging"},"content":{"rendered":"<div id=\"pl-2565\"  class=\"panel-layout\" ><div id=\"pg-2565-0\"  class=\"panel-grid panel-no-style\" ><div id=\"pgc-2565-0-0\"  class=\"panel-grid-cell\" ><div id=\"panel-2565-0-0-0\" class=\"so-panel widget widget_media_image panel-first-child panel-last-child\" data-index=\"0\" ><img loading=\"lazy\" decoding=\"async\" width=\"300\" height=\"300\" src=\"https:\/\/epidermos.com\/wp-content\/uploads\/2019\/01\/nutricion_y_dietetica_2.jpg\" class=\"image wp-image-1352  attachment-full size-full\" alt=\"nutricion_y_dietetica\" style=\"max-width: 100%; height: auto;\" srcset=\"https:\/\/epidermos.com\/wp-content\/uploads\/2019\/01\/nutricion_y_dietetica_2.jpg 300w, https:\/\/epidermos.com\/wp-content\/uploads\/2019\/01\/nutricion_y_dietetica_2-150x150.jpg 150w, https:\/\/epidermos.com\/wp-content\/uploads\/2019\/01\/nutricion_y_dietetica_2-100x100.jpg 100w\" sizes=\"auto, (max-width: 300px) 100vw, 300px\" \/><\/div><\/div><div id=\"pgc-2565-0-1\"  class=\"panel-grid-cell\" ><div id=\"panel-2565-0-1-0\" class=\"so-panel widget widget_media_image panel-first-child panel-last-child\" data-index=\"1\" ><img loading=\"lazy\" decoding=\"async\" width=\"300\" height=\"300\" src=\"https:\/\/epidermos.com\/wp-content\/uploads\/2019\/01\/nutricion_y_dietetica_4.jpg\" class=\"image wp-image-1354  attachment-full size-full\" alt=\"nutricion_y_dietetica\" style=\"max-width: 100%; height: auto;\" srcset=\"https:\/\/epidermos.com\/wp-content\/uploads\/2019\/01\/nutricion_y_dietetica_4.jpg 300w, https:\/\/epidermos.com\/wp-content\/uploads\/2019\/01\/nutricion_y_dietetica_4-150x150.jpg 150w, https:\/\/epidermos.com\/wp-content\/uploads\/2019\/01\/nutricion_y_dietetica_4-100x100.jpg 100w\" sizes=\"auto, (max-width: 300px) 100vw, 300px\" \/><\/div><\/div><div id=\"pgc-2565-0-2\"  class=\"panel-grid-cell\" ><div id=\"panel-2565-0-2-0\" class=\"so-panel widget widget_media_image panel-first-child panel-last-child\" data-index=\"2\" ><img loading=\"lazy\" decoding=\"async\" width=\"300\" height=\"300\" src=\"https:\/\/epidermos.com\/wp-content\/uploads\/2019\/01\/nutricion_y_dietetica_3.jpg\" class=\"image wp-image-1353  attachment-full size-full\" alt=\"nutricion_y_dietetica\" style=\"max-width: 100%; height: auto;\" srcset=\"https:\/\/epidermos.com\/wp-content\/uploads\/2019\/01\/nutricion_y_dietetica_3.jpg 300w, https:\/\/epidermos.com\/wp-content\/uploads\/2019\/01\/nutricion_y_dietetica_3-150x150.jpg 150w, https:\/\/epidermos.com\/wp-content\/uploads\/2019\/01\/nutricion_y_dietetica_3-100x100.jpg 100w\" sizes=\"auto, (max-width: 300px) 100vw, 300px\" \/><\/div><\/div><\/div><div id=\"pg-2565-1\"  class=\"panel-grid panel-no-style\" ><div id=\"pgc-2565-1-0\"  class=\"panel-grid-cell\" ><div id=\"panel-2565-1-0-0\" class=\"so-panel widget widget_text panel-first-child panel-last-child\" data-index=\"3\" ><h3 class=\"widget-title\">Nutrici\u00f3 i Antiaging<\/h3>\t\t\t<div class=\"textwidget\"><p>Avaluaci\u00f3 diet\u00e8tica i consell nutricional.<\/p>\n<p>Nutrici\u00f3 aplicada a la dermatologia (acne, psoriasi, at\u00f2pia).<\/p>\n<p>Mesoter\u00e0pia corporal (cel\u00b7lulitis, flaccidesa).<\/p>\n<p>Suplements antiaging.<\/p>\n<p>&nbsp;<\/p>\n<h5><a href=\"http:\/\/epidermos.com\/ca\/contacte\/\">INFORMA&#8217;T ARA<\/a><\/h5>\n<\/div>\n\t\t<\/div><\/div><\/div><\/div>","protected":false},"excerpt":{"rendered":"<p>Avaluaci\u00f3 diet\u00e8tica i consell nutricional. Nutrici\u00f3 aplicada a la dermatologia (acne, psoriasi, at\u00f2pia). Mesoter\u00e0pia corporal (cel\u00b7lulitis, flaccidesa). Suplements antiaging. &nbsp; INFORMA&#8217;T ARA<\/p>\n","protected":false},"author":2,"featured_media":0,"parent":2423,"menu_order":0,"comment_status":"closed","ping_status":"closed","template":"page-fullwidth.php","meta":{"kt_blocks_editor_width":"","footnotes":""},"class_list":["post-2565","page","type-page","status-publish","hentry"],"yoast_head":"<!-- This site is optimized with the Yoast SEO plugin v27.2 - https:\/\/yoast.com\/product\/yoast-seo-wordpress\/ -->\n<title>Nutrici\u00f3 i Antiaging - Epidermos Institut de dermoest\u00e8tica<\/title>\n<meta name=\"description\" content=\"Avaluaci\u00f3 diet\u00e8tica i consell nutricional. Nutrici\u00f3 aplicada a la dermatologia (acne, psoriasi, at\u00f2pia). Mesoter\u00e0pia corporal (cel\u00b7lulitis, flaccidesa) ...\" \/>\n<meta name=\"robots\" content=\"index, follow, max-snippet:-1, max-image-preview:large, max-video-preview:-1\" \/>\n<link rel=\"canonical\" href=\"https:\/\/epidermos.com\/ca\/medicina-i-cirugia-estetica\/nutricio-i-antiaging\/\" \/>\n<meta property=\"og:locale\" content=\"ca_ES\" \/>\n<meta property=\"og:type\" content=\"article\" \/>\n<meta property=\"og:title\" content=\"Nutrici\u00f3 i Antiaging - Epidermos Institut de dermoest\u00e8tica\" \/>\n<meta property=\"og:description\" content=\"Avaluaci\u00f3 diet\u00e8tica i consell nutricional. Nutrici\u00f3 aplicada a la dermatologia (acne, psoriasi, at\u00f2pia). Mesoter\u00e0pia corporal (cel\u00b7lulitis, flaccidesa) ...\" \/>\n<meta property=\"og:url\" content=\"https:\/\/epidermos.com\/ca\/medicina-i-cirugia-estetica\/nutricio-i-antiaging\/\" \/>\n<meta property=\"og:site_name\" content=\"Epidermos Institut de dermoest\u00e8tica\" \/>\n<meta property=\"article:modified_time\" content=\"2019-06-05T09:25:44+00:00\" \/>\n<meta name=\"twitter:card\" content=\"summary_large_image\" \/>\n<script type=\"application\/ld+json\" class=\"yoast-schema-graph\">{\"@context\":\"https:\/\/schema.org\",\"@graph\":[{\"@type\":\"WebPage\",\"@id\":\"https:\/\/epidermos.com\/ca\/medicina-i-cirugia-estetica\/nutricio-i-antiaging\/\",\"url\":\"https:\/\/epidermos.com\/ca\/medicina-i-cirugia-estetica\/nutricio-i-antiaging\/\",\"name\":\"Nutrici\u00f3 i Antiaging - Epidermos Institut de dermoest\u00e8tica\",\"isPartOf\":{\"@id\":\"https:\/\/epidermos.com\/ca\/#website\"},\"datePublished\":\"2019-01-29T17:21:45+00:00\",\"dateModified\":\"2019-06-05T09:25:44+00:00\",\"description\":\"Avaluaci\u00f3 diet\u00e8tica i consell nutricional. Nutrici\u00f3 aplicada a la dermatologia (acne, psoriasi, at\u00f2pia). Mesoter\u00e0pia corporal (cel\u00b7lulitis, flaccidesa) ...\",\"breadcrumb\":{\"@id\":\"https:\/\/epidermos.com\/ca\/medicina-i-cirugia-estetica\/nutricio-i-antiaging\/#breadcrumb\"},\"inLanguage\":\"ca\",\"potentialAction\":[{\"@type\":\"ReadAction\",\"target\":[\"https:\/\/epidermos.com\/ca\/medicina-i-cirugia-estetica\/nutricio-i-antiaging\/\"]}]},{\"@type\":\"BreadcrumbList\",\"@id\":\"https:\/\/epidermos.com\/ca\/medicina-i-cirugia-estetica\/nutricio-i-antiaging\/#breadcrumb\",\"itemListElement\":[{\"@type\":\"ListItem\",\"position\":1,\"name\":\"Portada\",\"item\":\"https:\/\/epidermos.com\/ca\/\"},{\"@type\":\"ListItem\",\"position\":2,\"name\":\"MEDICINA I CIRURGIA EST\u00c8TICA\",\"item\":\"https:\/\/epidermos.com\/ca\/medicina-i-cirugia-estetica\/\"},{\"@type\":\"ListItem\",\"position\":3,\"name\":\"Nutrici\u00f3 i Antiaging\"}]},{\"@type\":\"WebSite\",\"@id\":\"https:\/\/epidermos.com\/ca\/#website\",\"url\":\"https:\/\/epidermos.com\/ca\/\",\"name\":\"Epidermos Institut de dermoest\u00e8tica\",\"description\":\"Dermatolog\u00eda y Est\u00e9tica\",\"potentialAction\":[{\"@type\":\"SearchAction\",\"target\":{\"@type\":\"EntryPoint\",\"urlTemplate\":\"https:\/\/epidermos.com\/ca\/?s={search_term_string}\"},\"query-input\":{\"@type\":\"PropertyValueSpecification\",\"valueRequired\":true,\"valueName\":\"search_term_string\"}}],\"inLanguage\":\"ca\"}]}<\/script>\n<!-- \/ Yoast SEO plugin. -->","yoast_head_json":{"title":"Nutrici\u00f3 i Antiaging - Epidermos Institut de dermoest\u00e8tica","description":"Avaluaci\u00f3 diet\u00e8tica i consell nutricional. Nutrici\u00f3 aplicada a la dermatologia (acne, psoriasi, at\u00f2pia). Mesoter\u00e0pia corporal (cel\u00b7lulitis, flaccidesa) ...","robots":{"index":"index","follow":"follow","max-snippet":"max-snippet:-1","max-image-preview":"max-image-preview:large","max-video-preview":"max-video-preview:-1"},"canonical":"https:\/\/epidermos.com\/ca\/medicina-i-cirugia-estetica\/nutricio-i-antiaging\/","og_locale":"ca_ES","og_type":"article","og_title":"Nutrici\u00f3 i Antiaging - Epidermos Institut de dermoest\u00e8tica","og_description":"Avaluaci\u00f3 diet\u00e8tica i consell nutricional. Nutrici\u00f3 aplicada a la dermatologia (acne, psoriasi, at\u00f2pia). Mesoter\u00e0pia corporal (cel\u00b7lulitis, flaccidesa) ...","og_url":"https:\/\/epidermos.com\/ca\/medicina-i-cirugia-estetica\/nutricio-i-antiaging\/","og_site_name":"Epidermos Institut de dermoest\u00e8tica","article_modified_time":"2019-06-05T09:25:44+00:00","twitter_card":"summary_large_image","schema":{"@context":"https:\/\/schema.org","@graph":[{"@type":"WebPage","@id":"https:\/\/epidermos.com\/ca\/medicina-i-cirugia-estetica\/nutricio-i-antiaging\/","url":"https:\/\/epidermos.com\/ca\/medicina-i-cirugia-estetica\/nutricio-i-antiaging\/","name":"Nutrici\u00f3 i Antiaging - Epidermos Institut de dermoest\u00e8tica","isPartOf":{"@id":"https:\/\/epidermos.com\/ca\/#website"},"datePublished":"2019-01-29T17:21:45+00:00","dateModified":"2019-06-05T09:25:44+00:00","description":"Avaluaci\u00f3 diet\u00e8tica i consell nutricional. Nutrici\u00f3 aplicada a la dermatologia (acne, psoriasi, at\u00f2pia). Mesoter\u00e0pia corporal (cel\u00b7lulitis, flaccidesa) ...","breadcrumb":{"@id":"https:\/\/epidermos.com\/ca\/medicina-i-cirugia-estetica\/nutricio-i-antiaging\/#breadcrumb"},"inLanguage":"ca","potentialAction":[{"@type":"ReadAction","target":["https:\/\/epidermos.com\/ca\/medicina-i-cirugia-estetica\/nutricio-i-antiaging\/"]}]},{"@type":"BreadcrumbList","@id":"https:\/\/epidermos.com\/ca\/medicina-i-cirugia-estetica\/nutricio-i-antiaging\/#breadcrumb","itemListElement":[{"@type":"ListItem","position":1,"name":"Portada","item":"https:\/\/epidermos.com\/ca\/"},{"@type":"ListItem","position":2,"name":"MEDICINA I CIRURGIA EST\u00c8TICA","item":"https:\/\/epidermos.com\/ca\/medicina-i-cirugia-estetica\/"},{"@type":"ListItem","position":3,"name":"Nutrici\u00f3 i Antiaging"}]},{"@type":"WebSite","@id":"https:\/\/epidermos.com\/ca\/#website","url":"https:\/\/epidermos.com\/ca\/","name":"Epidermos Institut de dermoest\u00e8tica","description":"Dermatolog\u00eda y Est\u00e9tica","potentialAction":[{"@type":"SearchAction","target":{"@type":"EntryPoint","urlTemplate":"https:\/\/epidermos.com\/ca\/?s={search_term_string}"},"query-input":{"@type":"PropertyValueSpecification","valueRequired":true,"valueName":"search_term_string"}}],"inLanguage":"ca"}]}},"_links":{"self":[{"href":"https:\/\/epidermos.com\/ca\/wp-json\/wp\/v2\/pages\/2565","targetHints":{"allow":["GET"]}}],"collection":[{"href":"https:\/\/epidermos.com\/ca\/wp-json\/wp\/v2\/pages"}],"about":[{"href":"https:\/\/epidermos.com\/ca\/wp-json\/wp\/v2\/types\/page"}],"author":[{"embeddable":true,"href":"https:\/\/epidermos.com\/ca\/wp-json\/wp\/v2\/users\/2"}],"replies":[{"embeddable":true,"href":"https:\/\/epidermos.com\/ca\/wp-json\/wp\/v2\/comments?post=2565"}],"version-history":[{"count":11,"href":"https:\/\/epidermos.com\/ca\/wp-json\/wp\/v2\/pages\/2565\/revisions"}],"predecessor-version":[{"id":2996,"href":"https:\/\/epidermos.com\/ca\/wp-json\/wp\/v2\/pages\/2565\/revisions\/2996"}],"up":[{"embeddable":true,"href":"https:\/\/epidermos.com\/ca\/wp-json\/wp\/v2\/pages\/2423"}],"wp:attachment":[{"href":"https:\/\/epidermos.com\/ca\/wp-json\/wp\/v2\/media?parent=2565"}],"curies":[{"name":"wp","href":"https:\/\/api.w.org\/{rel}","templated":true}]}}