{"id":2581,"date":"2019-01-29T17:54:43","date_gmt":"2019-01-29T17:54:43","guid":{"rendered":"http:\/\/epidermos.com\/medicina-y-cirugia-estetica\/asesoramiento-personalizado-de-productos-cosmeticos\/"},"modified":"2019-06-05T09:27:54","modified_gmt":"2019-06-05T09:27:54","slug":"assessorament-personalitzat-de-productes-cosmetics","status":"publish","type":"page","link":"https:\/\/epidermos.com\/ca\/medicina-i-cirugia-estetica\/assessorament-personalitzat-de-productes-cosmetics\/","title":{"rendered":"Assessorament personalitzat de productes cosm\u00e8tics"},"content":{"rendered":"<div id=\"pl-2581\"  class=\"panel-layout\" ><div id=\"pg-2581-0\"  class=\"panel-grid panel-no-style\" ><div id=\"pgc-2581-0-0\"  class=\"panel-grid-cell\" ><div id=\"panel-2581-0-0-0\" class=\"so-panel widget widget_media_image panel-first-child panel-last-child\" data-index=\"0\" ><img loading=\"lazy\" decoding=\"async\" width=\"341\" height=\"300\" src=\"https:\/\/epidermos.com\/wp-content\/uploads\/2019\/01\/asesoramiento1.jpg\" class=\"image wp-image-1363  attachment-full size-full\" alt=\"asesoramiento\" style=\"max-width: 100%; height: auto;\" srcset=\"https:\/\/epidermos.com\/wp-content\/uploads\/2019\/01\/asesoramiento1.jpg 341w, https:\/\/epidermos.com\/wp-content\/uploads\/2019\/01\/asesoramiento1-300x264.jpg 300w\" sizes=\"auto, (max-width: 341px) 100vw, 341px\" \/><\/div><\/div><div id=\"pgc-2581-0-1\"  class=\"panel-grid-cell\" ><div id=\"panel-2581-0-1-0\" class=\"so-panel widget widget_media_image panel-first-child panel-last-child\" data-index=\"1\" ><img loading=\"lazy\" decoding=\"async\" width=\"300\" height=\"300\" src=\"https:\/\/epidermos.com\/wp-content\/uploads\/2019\/01\/asesoramiento2.jpg\" class=\"image wp-image-1366  attachment-full size-full\" alt=\"asesoramiento\" style=\"max-width: 100%; height: auto;\" srcset=\"https:\/\/epidermos.com\/wp-content\/uploads\/2019\/01\/asesoramiento2.jpg 300w, https:\/\/epidermos.com\/wp-content\/uploads\/2019\/01\/asesoramiento2-150x150.jpg 150w, https:\/\/epidermos.com\/wp-content\/uploads\/2019\/01\/asesoramiento2-100x100.jpg 100w\" sizes=\"auto, (max-width: 300px) 100vw, 300px\" \/><\/div><\/div><div id=\"pgc-2581-0-2\"  class=\"panel-grid-cell\" ><div id=\"panel-2581-0-2-0\" class=\"so-panel widget widget_media_image panel-first-child panel-last-child\" data-index=\"2\" ><img loading=\"lazy\" decoding=\"async\" width=\"300\" height=\"300\" src=\"https:\/\/epidermos.com\/wp-content\/uploads\/2019\/01\/nutricion_y_dietetica_3.jpg\" class=\"image wp-image-1353  attachment-full size-full\" alt=\"nutricion_y_dietetica\" style=\"max-width: 100%; height: auto;\" srcset=\"https:\/\/epidermos.com\/wp-content\/uploads\/2019\/01\/nutricion_y_dietetica_3.jpg 300w, https:\/\/epidermos.com\/wp-content\/uploads\/2019\/01\/nutricion_y_dietetica_3-150x150.jpg 150w, https:\/\/epidermos.com\/wp-content\/uploads\/2019\/01\/nutricion_y_dietetica_3-100x100.jpg 100w\" sizes=\"auto, (max-width: 300px) 100vw, 300px\" \/><\/div><\/div><\/div><div id=\"pg-2581-1\"  class=\"panel-grid panel-no-style\" ><div id=\"pgc-2581-1-0\"  class=\"panel-grid-cell\" ><div id=\"panel-2581-1-0-0\" class=\"so-panel widget widget_text panel-first-child panel-last-child\" data-index=\"3\" ><h3 class=\"widget-title\">Assessorament personalitzat de productes cosm\u00e8tics<\/h3>\t\t\t<div class=\"textwidget\"><p>Des d&#8217;epidermos accedir a les la gamma de cremes revolucion\u00e0ries d&#8217;avui dia juntament amb assessorament presonalizado. Cremes d&#8217;alt rendiment sota supervisi\u00f3 d&#8217;especialistes. Els nostres productes estan a un altre nivell i s\u00f3n \u00fanicament venuts sota prescripci\u00f3 m\u00e8dica.<\/p>\n<ul>\n<li>Els nostres metges analitzen les necessitats de la teva pell, com disminuir les seves mancances i com potenciar les seves qualitats.<\/li>\n<li>L&#8217;objectiu \u00e9s aconseguir una pell que sigui <strong>sana i bella<\/strong> al mateix temps.<\/li>\n<li>La cosm\u00e8tica m\u00e8dica es basa en aplicar els coneixements cient\u00edfics del camp de la dermatologia per fer les cremes antiedat i productes cosm\u00e8tics m\u00e9s efica\u00e7os.<\/li>\n<li>Disposar\u00e0s de productes exclusius com la L\u00ednia de tractament cosm\u00e8tic integral del Dr. Obagi (<strong>ZO Medical i ZO Skin Health<\/strong>).<\/li>\n<li><strong>Botiga on line<\/strong> exclusiva d&#8217;acc\u00e9s restringit nom\u00e9s sota la supervisi\u00f3 de professionals.<\/li>\n<li>Epidermos \u00e9s la cl\u00ednica pionera pont entre Beverly Hills i Barcelona.<\/li>\n<li>Cremes facials antiedat, antiarrugues, antitaques per a tot tipus de pells.<\/li>\n<\/ul>\n<p>Demana una cita personalitzada ara i comprova l&#8217;efectivitat dels nostres productes.<\/p>\n<h5><a href=\"http:\/\/epidermos.com\/ca\/contacte\">INFORMA&#8217;T ARA<\/a><\/h5>\n<\/div>\n\t\t<\/div><\/div><\/div><\/div>","protected":false},"excerpt":{"rendered":"<p>Des d&#8217;epidermos accedir a les la gamma de cremes revolucion\u00e0ries d&#8217;avui dia juntament amb assessorament presonalizado. Cremes d&#8217;alt rendiment sota supervisi\u00f3 d&#8217;especialistes. Els nostres productes estan a un altre nivell i s\u00f3n \u00fanicament venuts sota prescripci\u00f3 m\u00e8dica. Els nostres metges &hellip; <a class=\"kt-excerpt-readmore\" href=\"https:\/\/epidermos.com\/ca\/medicina-i-cirugia-estetica\/assessorament-personalitzat-de-productes-cosmetics\/\" aria-label=\"Assessorament personalitzat de productes cosm\u00e8tics\">Llegir m\u00e9s<\/a><\/p>\n","protected":false},"author":2,"featured_media":0,"parent":2423,"menu_order":0,"comment_status":"closed","ping_status":"closed","template":"page-fullwidth.php","meta":{"kt_blocks_editor_width":"","footnotes":""},"class_list":["post-2581","page","type-page","status-publish","hentry"],"yoast_head":"<!-- This site is optimized with the Yoast SEO plugin v27.2 - https:\/\/yoast.com\/product\/yoast-seo-wordpress\/ -->\n<title>Assessorament personalitzat de productes cosm\u00e8tics - Epidermos Institut de dermoest\u00e8tica<\/title>\n<meta name=\"description\" content=\"La cosm\u00e8tica m\u00e8dica es basa en aplicar els coneixements cient\u00edfics del camp de la dermatologia per fer les cremes i productes cosm\u00e8tics m\u00e9s efica\u00e7os.\" \/>\n<meta name=\"robots\" content=\"index, follow, max-snippet:-1, max-image-preview:large, max-video-preview:-1\" \/>\n<link rel=\"canonical\" href=\"https:\/\/epidermos.com\/ca\/medicina-i-cirugia-estetica\/assessorament-personalitzat-de-productes-cosmetics\/\" \/>\n<meta property=\"og:locale\" content=\"ca_ES\" \/>\n<meta property=\"og:type\" content=\"article\" \/>\n<meta property=\"og:title\" content=\"Assessorament personalitzat de productes cosm\u00e8tics - Epidermos Institut de dermoest\u00e8tica\" \/>\n<meta property=\"og:description\" content=\"La cosm\u00e8tica m\u00e8dica es basa en aplicar els coneixements cient\u00edfics del camp de la dermatologia per fer les cremes i productes cosm\u00e8tics m\u00e9s efica\u00e7os.\" \/>\n<meta property=\"og:url\" content=\"https:\/\/epidermos.com\/ca\/medicina-i-cirugia-estetica\/assessorament-personalitzat-de-productes-cosmetics\/\" \/>\n<meta property=\"og:site_name\" content=\"Epidermos Institut de dermoest\u00e8tica\" \/>\n<meta property=\"article:modified_time\" content=\"2019-06-05T09:27:54+00:00\" \/>\n<meta name=\"twitter:card\" content=\"summary_large_image\" \/>\n<meta name=\"twitter:label1\" content=\"Temps estimat de lectura\" \/>\n\t<meta name=\"twitter:data1\" content=\"1 minut\" \/>\n<script type=\"application\/ld+json\" class=\"yoast-schema-graph\">{\"@context\":\"https:\/\/schema.org\",\"@graph\":[{\"@type\":\"WebPage\",\"@id\":\"https:\/\/epidermos.com\/ca\/medicina-i-cirugia-estetica\/assessorament-personalitzat-de-productes-cosmetics\/\",\"url\":\"https:\/\/epidermos.com\/ca\/medicina-i-cirugia-estetica\/assessorament-personalitzat-de-productes-cosmetics\/\",\"name\":\"Assessorament personalitzat de productes cosm\u00e8tics - Epidermos Institut de dermoest\u00e8tica\",\"isPartOf\":{\"@id\":\"https:\/\/epidermos.com\/ca\/#website\"},\"datePublished\":\"2019-01-29T17:54:43+00:00\",\"dateModified\":\"2019-06-05T09:27:54+00:00\",\"description\":\"La cosm\u00e8tica m\u00e8dica es basa en aplicar els coneixements cient\u00edfics del camp de la dermatologia per fer les cremes i productes cosm\u00e8tics m\u00e9s efica\u00e7os.\",\"breadcrumb\":{\"@id\":\"https:\/\/epidermos.com\/ca\/medicina-i-cirugia-estetica\/assessorament-personalitzat-de-productes-cosmetics\/#breadcrumb\"},\"inLanguage\":\"ca\",\"potentialAction\":[{\"@type\":\"ReadAction\",\"target\":[\"https:\/\/epidermos.com\/ca\/medicina-i-cirugia-estetica\/assessorament-personalitzat-de-productes-cosmetics\/\"]}]},{\"@type\":\"BreadcrumbList\",\"@id\":\"https:\/\/epidermos.com\/ca\/medicina-i-cirugia-estetica\/assessorament-personalitzat-de-productes-cosmetics\/#breadcrumb\",\"itemListElement\":[{\"@type\":\"ListItem\",\"position\":1,\"name\":\"Portada\",\"item\":\"https:\/\/epidermos.com\/ca\/\"},{\"@type\":\"ListItem\",\"position\":2,\"name\":\"MEDICINA I CIRURGIA EST\u00c8TICA\",\"item\":\"https:\/\/epidermos.com\/ca\/medicina-i-cirugia-estetica\/\"},{\"@type\":\"ListItem\",\"position\":3,\"name\":\"Assessorament personalitzat de productes cosm\u00e8tics\"}]},{\"@type\":\"WebSite\",\"@id\":\"https:\/\/epidermos.com\/ca\/#website\",\"url\":\"https:\/\/epidermos.com\/ca\/\",\"name\":\"Epidermos Institut de dermoest\u00e8tica\",\"description\":\"Dermatolog\u00eda y Est\u00e9tica\",\"potentialAction\":[{\"@type\":\"SearchAction\",\"target\":{\"@type\":\"EntryPoint\",\"urlTemplate\":\"https:\/\/epidermos.com\/ca\/?s={search_term_string}\"},\"query-input\":{\"@type\":\"PropertyValueSpecification\",\"valueRequired\":true,\"valueName\":\"search_term_string\"}}],\"inLanguage\":\"ca\"}]}<\/script>\n<!-- \/ Yoast SEO plugin. -->","yoast_head_json":{"title":"Assessorament personalitzat de productes cosm\u00e8tics - Epidermos Institut de dermoest\u00e8tica","description":"La cosm\u00e8tica m\u00e8dica es basa en aplicar els coneixements cient\u00edfics del camp de la dermatologia per fer les cremes i productes cosm\u00e8tics m\u00e9s efica\u00e7os.","robots":{"index":"index","follow":"follow","max-snippet":"max-snippet:-1","max-image-preview":"max-image-preview:large","max-video-preview":"max-video-preview:-1"},"canonical":"https:\/\/epidermos.com\/ca\/medicina-i-cirugia-estetica\/assessorament-personalitzat-de-productes-cosmetics\/","og_locale":"ca_ES","og_type":"article","og_title":"Assessorament personalitzat de productes cosm\u00e8tics - Epidermos Institut de dermoest\u00e8tica","og_description":"La cosm\u00e8tica m\u00e8dica es basa en aplicar els coneixements cient\u00edfics del camp de la dermatologia per fer les cremes i productes cosm\u00e8tics m\u00e9s efica\u00e7os.","og_url":"https:\/\/epidermos.com\/ca\/medicina-i-cirugia-estetica\/assessorament-personalitzat-de-productes-cosmetics\/","og_site_name":"Epidermos Institut de dermoest\u00e8tica","article_modified_time":"2019-06-05T09:27:54+00:00","twitter_card":"summary_large_image","twitter_misc":{"Temps estimat de lectura":"1 minut"},"schema":{"@context":"https:\/\/schema.org","@graph":[{"@type":"WebPage","@id":"https:\/\/epidermos.com\/ca\/medicina-i-cirugia-estetica\/assessorament-personalitzat-de-productes-cosmetics\/","url":"https:\/\/epidermos.com\/ca\/medicina-i-cirugia-estetica\/assessorament-personalitzat-de-productes-cosmetics\/","name":"Assessorament personalitzat de productes cosm\u00e8tics - Epidermos Institut de dermoest\u00e8tica","isPartOf":{"@id":"https:\/\/epidermos.com\/ca\/#website"},"datePublished":"2019-01-29T17:54:43+00:00","dateModified":"2019-06-05T09:27:54+00:00","description":"La cosm\u00e8tica m\u00e8dica es basa en aplicar els coneixements cient\u00edfics del camp de la dermatologia per fer les cremes i productes cosm\u00e8tics m\u00e9s efica\u00e7os.","breadcrumb":{"@id":"https:\/\/epidermos.com\/ca\/medicina-i-cirugia-estetica\/assessorament-personalitzat-de-productes-cosmetics\/#breadcrumb"},"inLanguage":"ca","potentialAction":[{"@type":"ReadAction","target":["https:\/\/epidermos.com\/ca\/medicina-i-cirugia-estetica\/assessorament-personalitzat-de-productes-cosmetics\/"]}]},{"@type":"BreadcrumbList","@id":"https:\/\/epidermos.com\/ca\/medicina-i-cirugia-estetica\/assessorament-personalitzat-de-productes-cosmetics\/#breadcrumb","itemListElement":[{"@type":"ListItem","position":1,"name":"Portada","item":"https:\/\/epidermos.com\/ca\/"},{"@type":"ListItem","position":2,"name":"MEDICINA I CIRURGIA EST\u00c8TICA","item":"https:\/\/epidermos.com\/ca\/medicina-i-cirugia-estetica\/"},{"@type":"ListItem","position":3,"name":"Assessorament personalitzat de productes cosm\u00e8tics"}]},{"@type":"WebSite","@id":"https:\/\/epidermos.com\/ca\/#website","url":"https:\/\/epidermos.com\/ca\/","name":"Epidermos Institut de dermoest\u00e8tica","description":"Dermatolog\u00eda y Est\u00e9tica","potentialAction":[{"@type":"SearchAction","target":{"@type":"EntryPoint","urlTemplate":"https:\/\/epidermos.com\/ca\/?s={search_term_string}"},"query-input":{"@type":"PropertyValueSpecification","valueRequired":true,"valueName":"search_term_string"}}],"inLanguage":"ca"}]}},"_links":{"self":[{"href":"https:\/\/epidermos.com\/ca\/wp-json\/wp\/v2\/pages\/2581","targetHints":{"allow":["GET"]}}],"collection":[{"href":"https:\/\/epidermos.com\/ca\/wp-json\/wp\/v2\/pages"}],"about":[{"href":"https:\/\/epidermos.com\/ca\/wp-json\/wp\/v2\/types\/page"}],"author":[{"embeddable":true,"href":"https:\/\/epidermos.com\/ca\/wp-json\/wp\/v2\/users\/2"}],"replies":[{"embeddable":true,"href":"https:\/\/epidermos.com\/ca\/wp-json\/wp\/v2\/comments?post=2581"}],"version-history":[{"count":9,"href":"https:\/\/epidermos.com\/ca\/wp-json\/wp\/v2\/pages\/2581\/revisions"}],"predecessor-version":[{"id":3002,"href":"https:\/\/epidermos.com\/ca\/wp-json\/wp\/v2\/pages\/2581\/revisions\/3002"}],"up":[{"embeddable":true,"href":"https:\/\/epidermos.com\/ca\/wp-json\/wp\/v2\/pages\/2423"}],"wp:attachment":[{"href":"https:\/\/epidermos.com\/ca\/wp-json\/wp\/v2\/media?parent=2581"}],"curies":[{"name":"wp","href":"https:\/\/api.w.org\/{rel}","templated":true}]}}