{"id":2633,"date":"2019-04-01T08:22:23","date_gmt":"2019-04-01T08:22:23","guid":{"rendered":"http:\/\/epidermos.com\/politica-de-privacidad\/"},"modified":"2019-04-01T14:41:10","modified_gmt":"2019-04-01T14:41:10","slug":"politica-de-privacitat","status":"publish","type":"page","link":"https:\/\/epidermos.com\/ca\/politica-de-privacitat\/","title":{"rendered":"Pol\u00edtica de privacitat"},"content":{"rendered":"<p>Per mitj\u00e0 d&#8217;aquest lloc web, es recullen dades de car\u00e0cter personal necess\u00e0ries per a la gesti\u00f3 i manteniment d&#8217;alguns dels nostres serveis.<\/p>\n<p>L&#8217;informem que EL TITULAR DEL LLOC WEB (Responsable del tractament) compleix amb la Llei Org\u00e0nica 3\/2018, de 5 de desembre, de protecci\u00f3 de dades de car\u00e0cter personal (d&#8217;ara endavant, LOPD), el Reglament UE 2016\/679, de protecci\u00f3 de dades (en endavant, RGPD) i la resta de normativa vigent i d&#8217;aplicaci\u00f3 en cada moment, vetllant per garantir un correcte \u00fas i tractament de les dades personals de l&#8217;usuari.<\/p>\n<p>De conformitat amb l&#8217;article 13 del RGPD i article 11 LOPD, aquesta Pol\u00edtica de privadesa \u00e9s v\u00e0lida als tractaments de dades de car\u00e0cter personal que EPIDERMOS BCN, SLP, realitza com a responsable del tractament, en relaci\u00f3 amb les dades que els usuaris i \/ o clients (persones f\u00edsiques) faciliten com a conseq\u00fc\u00e8ncia de la sol\u00b7licitud d&#8217;informaci\u00f3 i \/ o contractaci\u00f3 dels serveis i \/ o productes que presta i comercialitza a trav\u00e9s del seu web, o recaptats en qualsevol de les seccions del lloc web.<\/p>\n<p><strong><br \/>\nIDENTITAT DEL RESPONSABLE DEL TRACTAMENT DE LES SEVES DADES PERSONALS:<\/strong><\/p>\n<ul>\n<li><strong>Responsable del tractament<\/strong>: EPIDERMOS BCN, S.L.P.<\/li>\n<li><strong>Domicili<\/strong>: C \/ Sant Gervasi de Cassoles, 36, BAIXOS, 08022, BARCELONA<\/li>\n<li><strong>CIF<\/strong>: B65465205<\/li>\n<li><strong>E-mail<\/strong>: EPIDERMOS@EPIDERMOS.COM<\/li>\n<li><strong>Delegat de protecci\u00f3 de Dades (DPO)<\/strong>: SERVEIS NORMATIUS LEGALS, S.L., i dades de contacte: DPO@SIBGROUP.ES.<\/li>\n<\/ul>\n<p>&nbsp;<\/p>\n<p><strong>FINALITATS DEL TRACTAMENT DE LES SEVES DADES PERSONALS:<\/strong><\/p>\n<p>Les seves dades personals s&#8217;utilitzaran amb la finalitat gen\u00e8rica de la gesti\u00f3 i control de la relaci\u00f3 comercial establerta i, espec\u00edficament per a:<\/p>\n<ul>\n<li>Gestionar l&#8217;acc\u00e9s complet i la utilitzaci\u00f3 correcta dels serveis i \/ o productes per part dels usuaris.<\/li>\n<li>Per comunicar amb els usuaris en resposta a incid\u00e8ncies, sol\u00b7licituds, comentaris i preguntes que ens faci a trav\u00e9s dels serveis i \/ o productes, aix\u00ed com als formularis de contacte de la nostra p\u00e0gina web (inclosos, correus electr\u00f2nics i \/ o les trucades telef\u00f2niques ).<\/li>\n<li>Per proporcionar, actualitzar, mantenir i protegir els serveis i \/ o productes i activitats.<\/li>\n<li>Per oferir nous serveis i \/ o productes, ofertes especials o actualitzacions.<\/li>\n<li>Si \u00e9s el cas, gestionar processos de selecci\u00f3 de personal en processos selectius de treballadors i \/ o col\u00b7laboradors.<\/li>\n<li>Comunicacions: Podrem enviar correus electr\u00f2nics, missatges i altres tipus de comunicaci\u00f3 en refer\u00e8ncia als serveis i \/ o productes, q\u00fcestions t\u00e8cniques i canvis en els mateixos. Aquestes comunicacions es consideren part dels serveis i \/ o productes i no pot renunciar-hi.<\/li>\n<li>Si \u00e9s el cas, comunicacions Comercials (M\u00e0rqueting): Podrem utilitzar les seves dades per contactar-, tant per via electr\u00f2nica com no electr\u00f2nica, com a enquesta, obtenir la seva opini\u00f3 sobre el servei prestat, i, ocasionalment, per notificar-li canvis, desenvolupaments importants dels serveis i \/ o productes, ofertes i \/ o promocions dels nostres serveis i \/ o productes o de terceres empreses relacionades amb nosaltres. Aquestes ofertes comercials seran, en tot cas, autoritzades de forma expressa i separada per l&#8217;usuari que, pot revocar en qualsevol moment el seu consentiment a rebre aquestes notificacions utilitzant el mecanisme implementat a l&#8217;efecte en les mateixes, o b\u00e9, des de les prefer\u00e8ncies del compte de client.<\/li>\n<\/ul>\n<p>No tractarem les seves dades personals per a cap altra finalitat m\u00e9s enll\u00e0 de les descrites anteriorment llevat que vingui imposat per llei o hi hagi algun requeriment judicial.<\/p>\n<p>&nbsp;<\/p>\n<p><strong>TERMINI DE CONSERVACI\u00d3:<\/strong><\/p>\n<p>Les dades personals proporcionades es conservaran i tractaran mentre es mantingui la relaci\u00f3 de prestaci\u00f3 de serveis i \/ o productes, sense perjudici de la possibilitat d&#8217;exercir els seus drets en mat\u00e8ria de protecci\u00f3 de dades (acc\u00e9s, rectificaci\u00f3, supressi\u00f3, oposici\u00f3, limitaci\u00f3, portabilitat ja no ser objecte de decisions individuals automatitzades).<\/p>\n<p>Les dades personals de les persones interessades a la recepci\u00f3 d&#8217;informaci\u00f3 sobre els serveis i \/ o productes es mantindran en el sistema de manera indefinida en tant l&#8217;interessat no sol\u00b7liciti la seva supressi\u00f3.<\/p>\n<p>&nbsp;<\/p>\n<p><strong>LEGITIMACI\u00d3 DEL TRACTAMENT:<\/strong><\/p>\n<p>EPIDERMOS BCN, S.L.P. tracta les seves dades personals d&#8217;acord amb les dues (2) bases legals: <strong>Consentiment de l&#8217;interessat<\/strong> (1) <strong>i l&#8217;inter\u00e8s leg\u00edtim<\/strong> (2).<\/p>\n<p>1. <strong>El consentiment de l&#8217;interessat<\/strong> prestat per a les finalitats anteriorment descrites, que es sol\u00b7licitar\u00e0:<\/p>\n<ul>\n<li>Abans de procedir a tractar les seves dades,<\/li>\n<li>En el proc\u00e9s de registre com a client o,<\/li>\n<li>En el moment d&#8217;enviar comunicacions de EPIDERMOS BCN, S.L.P ..<\/li>\n<\/ul>\n<p>Les sol\u00b7licituds d&#8217;informaci\u00f3 que ens faci arribar requereixen que l&#8217;interessat ens faciliti de forma volunt\u00e0ria les dades necess\u00e0ries per poder atendre o prestar-li els serveis i \/ o productes. No obstant aix\u00f2, l&#8217;interessat pot lliurement negar-se a facilitar-nos aquestes dades o, posteriorment, revocar el consentiment pr\u00e8viament atorgat per tractar les seves dades, tot i que aquesta negativa implicar\u00e0 la impossibilitat de poder atendre la seva petici\u00f3.<\/p>\n<p>2. <strong>L&#8217;Inter\u00e8s leg\u00edtim<\/strong> de EPIDERMOS BCN, S.L.P. en mantenir i fidelitzar els seus clients i \/ o usuaris i atendre millor les seves expectatives o interessos pr\u00e8viament manifestats, ex .: millorar productes, gestionar sol\u00b7licituds, consultes o reclamacions, oferir productes similars als contractats, informar sobre promocions etc., sense perjudici del compliment per part de EPIDERMOS BCN, SLP de la resta d&#8217;obligacions relatives a l&#8217;enviament de comunicacions comercials per via electr\u00f2nica.<\/p>\n<p>EPIDERMOS BCN, S.L.P. ent\u00e9n que, al facilitar-aquestes dades, l&#8217;interessat garanteix i es fa responsable de la veracitat, actualitat i exactitud dels mateixos i que accepta i consent expressament en el seu tractament per a les finalitats abans descrites.<\/p>\n<p>&nbsp;<\/p>\n<p><strong>DESTINATARIS DE CESSIONS O TRANSFER\u00c8NCIES:<\/strong><\/p>\n<p>Amb car\u00e0cter general, EPIDERMOS BCN, S.L.P. no cedir\u00e0 les seves dades personals a tercers llevat que estiguem obligats legalment a aix\u00f2 o vost\u00e8 ens ho hagi autoritzat expressament al fer \u00fas dels nostres serveis i \/ o productes.<\/p>\n<p>&nbsp;<\/p>\n<p><strong>DRETS DE LES PERSONES INTERESSADES:<\/strong><\/p>\n<p>La normativa de protecci\u00f3 de dades permet que puguis exercir davant el responsable del tractament teus drets d&#8217;acc\u00e9s, rectificaci\u00f3, oposici\u00f3, supressi\u00f3 ( &#8220;dret a l&#8217;oblit&#8221;), limitaci\u00f3 del tractament, portabilitat i de no ser objecte de decisions individualitzades:<\/p>\n<ul>\n<li><strong>Dret d&#8217;acc\u00e9s<\/strong>: Permet a l&#8217;interessat con\u00e8ixer i obtenir informaci\u00f3 sobre les seves dades de car\u00e0cter personal sotmeses a tractament.<\/li>\n<li><strong>Dret de rectificaci\u00f3<\/strong>: Permet corregir errors, modificar les dades que resultin ser inexactes o incompletes i garantir la certesa de les seves dades personals.<\/li>\n<li><strong>Dret de supressi\u00f3<\/strong>: Permet sol\u00b7licitar l&#8217;eliminaci\u00f3 de les seves dades personals quan ja no siguin necessaris per a l&#8217;execuci\u00f3 o prestaci\u00f3 del servei.<\/li>\n<li><strong>Dret d&#8217;oposici\u00f3<\/strong>: Permet a l&#8217;interessat que no es porti a terme el tractament de les seves dades de car\u00e0cter personal o el seu cessament, llevat motius leg\u00edtims o per a l&#8217;exercici o defensa de possibles reclamacions, en aquest cas els mantindrem bloquejats durant el termini corresponent.<\/li>\n<li><strong>Dret d&#8217;oposici\u00f3 a l&#8217;enviament de publicitat<\/strong>: Els interessats podran oposar-se a l&#8217;enviament de comunicacions comercials. En aquest cas pot revocar en qualsevol moment el seu consentiment a rebre aquestes notificacions.<\/li>\n<li><strong>Limitaci\u00f3 del tractament<\/strong>: En determinades circumst\u00e0ncies, els interessats podran sol\u00b7licitar la limitaci\u00f3 del tractament de les seves dades, en aquest cas \u00fanicament es conservaran per a l&#8217;exercici o defensa de reclamacions.<\/li>\n<li><strong>Portabilitat de les dades<\/strong>: Les persones interessades poden sol\u00b7licitar rebre les dades que li incumbeixin i que ens hagi facilitat o que -sempre que t\u00e8cnicament sigui possible- se&#8217;ls enviem a un altre responsable de tractament de la seva elecci\u00f3, en un format estructurat d&#8217;\u00fas com\u00fa i lectura mec\u00e0nica.<\/li>\n<li><strong>Dret a no ser objecte de decisions individuals automatitzades (inclosa l&#8217;elaboraci\u00f3 de perfils)<\/strong>: Les persones interessades tenen dret a no ser objecte d&#8217;una decisi\u00f3 basada en el tractament automatitzat que produeixi efectes o afecti significativament.<\/li>\n<li><strong>Possibilitat de retirar el consentiment<\/strong>: L&#8217;interessat t\u00e9 dret a retirar en qualsevol moment el consentiment prestat, sense que aix\u00f2 afecti la licitud del tractament basat en el consentiment donat en el moment de facilitar-nos les seves dades.<\/li>\n<\/ul>\n<p>Si desitja exercir algun dels drets exposats, preguem que es posi en contacte amb nosaltres a trav\u00e9s de les dades de contacte que apareixen a &#8220;Identificaci\u00f3 del responsable del tractament de les dades personals&#8221;, en el qual inclogui la seg\u00fcent informaci\u00f3: Nom i cognoms , n\u00famero de DNI, adre\u00e7a postal i electr\u00f2nica de contacte, indicant el tipus de dret i especificant les condicions d&#8217;aquest.<\/p>\n<p>Possibilitat de reclamar davant l&#8217;Autoritat de Control: EPIDERMOS BCN, S.L.P. l&#8217;informa igualment del dret que li assisteix de presentar una reclamaci\u00f3 davant l&#8217;Ag\u00e8ncia Espanyola de Protecci\u00f3 de Dades (www.agpd.es) si considera que el tractament no s&#8217;ajusta a la normativa vigent.<\/p>\n<p>&nbsp;<\/p>\n<p><strong>INFORMACI\u00d3 ADDICIONAL:<\/strong><\/p>\n<p><em>Conservaci\u00f3 de determinades dades<\/em><br \/>\nEPIDERMOS BCN, S.L.P. informa que, en compliment de les disposicions de la Llei 25\/2007, de 18 d&#8217;octubre, de conservaci\u00f3 de dades relatives a les comunicacions electr\u00f2niques ia les xarxes p\u00fabliques de comunicacions, haur\u00e0 de procedir a retenir i conservar determinades dades de tr\u00e0nsit generats durant el desenvolupament de les comunicacions amb la finalitat de cedir-los a les autoritats legitimades, quan concorrin les circumst\u00e0ncies legals que s&#8217;hi preveuen.<\/p>\n<p><em>Dades registrades<\/em><br \/>\nEls nostres servidors recopilen informaci\u00f3 de manera autom\u00e0tica quan l&#8217;usuari utilitza els serveis de les webs. Aquestes dades de registre poden incloure l&#8217;adre\u00e7a IP, la identificaci\u00f3 del dispositiu des del qual s&#8217;accedeix als productes, el sistema operatiu, la configuraci\u00f3 del dispositiu.<\/p>\n<p><em>Mesures de seguretat<\/em><br \/>\nA m\u00e9s, se l&#8217;informa que EL TITULAR DEL LLOC WEB (Responsable del tractament) t\u00e9 implantades les mesures de seguretat d&#8217;\u00edndole t\u00e8cnica i organitzatives necess\u00e0ries per garantir la seguretat de les seves dades de car\u00e0cter personal i evitar la seva alteraci\u00f3, p\u00e8rdua i tractament i \/ o acc\u00e9s no autoritzat, at\u00e8s l&#8217;estat de la tecnologia, la naturalesa de les dades emmagatzemades i els riscos a qu\u00e8 estan exposats, tant si provenen de l&#8217;acci\u00f3 humana o del medi f\u00edsic o natural. Aix\u00ed mateix, s&#8217;ha establert mesures addicionals amb vista a refor\u00e7ar la confidencialitat i integritat de la informaci\u00f3 en la seva organitzaci\u00f3. Mantenint cont\u00ednuament la supervisi\u00f3, control i avaluaci\u00f3 dels processos per assegurar el respecte a la privacitat de les dades.<\/p>\n","protected":false},"excerpt":{"rendered":"<p>Per mitj\u00e0 d&#8217;aquest lloc web, es recullen dades de car\u00e0cter personal necess\u00e0ries per a la gesti\u00f3 i manteniment d&#8217;alguns dels nostres serveis. L&#8217;informem que EL TITULAR DEL LLOC WEB (Responsable del tractament) compleix amb la Llei Org\u00e0nica 3\/2018, de 5 &hellip; <a class=\"kt-excerpt-readmore\" href=\"https:\/\/epidermos.com\/ca\/politica-de-privacitat\/\" aria-label=\"Pol\u00edtica de privacitat\">Llegir m\u00e9s<\/a><\/p>\n","protected":false},"author":1,"featured_media":0,"parent":0,"menu_order":0,"comment_status":"closed","ping_status":"closed","template":"page-fullwidth.php","meta":{"kt_blocks_editor_width":"","footnotes":""},"class_list":["post-2633","page","type-page","status-publish","hentry"],"yoast_head":"<!-- This site is optimized with the Yoast SEO plugin v27.2 - https:\/\/yoast.com\/product\/yoast-seo-wordpress\/ -->\n<title>Pol\u00edtica de privacitat - Epidermos Institut de dermoest\u00e8tica<\/title>\n<meta name=\"robots\" content=\"index, follow, max-snippet:-1, max-image-preview:large, max-video-preview:-1\" \/>\n<link rel=\"canonical\" href=\"https:\/\/epidermos.com\/ca\/politica-de-privacitat\/\" \/>\n<meta property=\"og:locale\" content=\"ca_ES\" \/>\n<meta property=\"og:type\" content=\"article\" \/>\n<meta property=\"og:title\" content=\"Pol\u00edtica de privacitat - Epidermos Institut de dermoest\u00e8tica\" \/>\n<meta property=\"og:description\" content=\"Per mitj\u00e0 d&#8217;aquest lloc web, es recullen dades de car\u00e0cter personal necess\u00e0ries per a la gesti\u00f3 i manteniment d&#8217;alguns dels nostres serveis. L&#8217;informem que EL TITULAR DEL LLOC WEB (Responsable del tractament) compleix amb la Llei Org\u00e0nica 3\/2018, de 5 &hellip; Llegir m\u00e9s\" \/>\n<meta property=\"og:url\" content=\"https:\/\/epidermos.com\/ca\/politica-de-privacitat\/\" \/>\n<meta property=\"og:site_name\" content=\"Epidermos Institut de dermoest\u00e8tica\" \/>\n<meta property=\"article:modified_time\" content=\"2019-04-01T14:41:10+00:00\" \/>\n<meta name=\"twitter:card\" content=\"summary_large_image\" \/>\n<meta name=\"twitter:label1\" content=\"Temps estimat de lectura\" \/>\n\t<meta name=\"twitter:data1\" content=\"8 minuts\" \/>\n<script type=\"application\/ld+json\" class=\"yoast-schema-graph\">{\"@context\":\"https:\/\/schema.org\",\"@graph\":[{\"@type\":\"WebPage\",\"@id\":\"https:\/\/epidermos.com\/ca\/politica-de-privacitat\/\",\"url\":\"https:\/\/epidermos.com\/ca\/politica-de-privacitat\/\",\"name\":\"Pol\u00edtica de privacitat - Epidermos Institut de dermoest\u00e8tica\",\"isPartOf\":{\"@id\":\"https:\/\/epidermos.com\/ca\/#website\"},\"datePublished\":\"2019-04-01T08:22:23+00:00\",\"dateModified\":\"2019-04-01T14:41:10+00:00\",\"breadcrumb\":{\"@id\":\"https:\/\/epidermos.com\/ca\/politica-de-privacitat\/#breadcrumb\"},\"inLanguage\":\"ca\",\"potentialAction\":[{\"@type\":\"ReadAction\",\"target\":[\"https:\/\/epidermos.com\/ca\/politica-de-privacitat\/\"]}]},{\"@type\":\"BreadcrumbList\",\"@id\":\"https:\/\/epidermos.com\/ca\/politica-de-privacitat\/#breadcrumb\",\"itemListElement\":[{\"@type\":\"ListItem\",\"position\":1,\"name\":\"Portada\",\"item\":\"https:\/\/epidermos.com\/ca\/\"},{\"@type\":\"ListItem\",\"position\":2,\"name\":\"Pol\u00edtica de privacitat\"}]},{\"@type\":\"WebSite\",\"@id\":\"https:\/\/epidermos.com\/ca\/#website\",\"url\":\"https:\/\/epidermos.com\/ca\/\",\"name\":\"Epidermos Institut de dermoest\u00e8tica\",\"description\":\"Dermatolog\u00eda y Est\u00e9tica\",\"potentialAction\":[{\"@type\":\"SearchAction\",\"target\":{\"@type\":\"EntryPoint\",\"urlTemplate\":\"https:\/\/epidermos.com\/ca\/?s={search_term_string}\"},\"query-input\":{\"@type\":\"PropertyValueSpecification\",\"valueRequired\":true,\"valueName\":\"search_term_string\"}}],\"inLanguage\":\"ca\"}]}<\/script>\n<!-- \/ Yoast SEO plugin. -->","yoast_head_json":{"title":"Pol\u00edtica de privacitat - Epidermos Institut de dermoest\u00e8tica","robots":{"index":"index","follow":"follow","max-snippet":"max-snippet:-1","max-image-preview":"max-image-preview:large","max-video-preview":"max-video-preview:-1"},"canonical":"https:\/\/epidermos.com\/ca\/politica-de-privacitat\/","og_locale":"ca_ES","og_type":"article","og_title":"Pol\u00edtica de privacitat - Epidermos Institut de dermoest\u00e8tica","og_description":"Per mitj\u00e0 d&#8217;aquest lloc web, es recullen dades de car\u00e0cter personal necess\u00e0ries per a la gesti\u00f3 i manteniment d&#8217;alguns dels nostres serveis. L&#8217;informem que EL TITULAR DEL LLOC WEB (Responsable del tractament) compleix amb la Llei Org\u00e0nica 3\/2018, de 5 &hellip; Llegir m\u00e9s","og_url":"https:\/\/epidermos.com\/ca\/politica-de-privacitat\/","og_site_name":"Epidermos Institut de dermoest\u00e8tica","article_modified_time":"2019-04-01T14:41:10+00:00","twitter_card":"summary_large_image","twitter_misc":{"Temps estimat de lectura":"8 minuts"},"schema":{"@context":"https:\/\/schema.org","@graph":[{"@type":"WebPage","@id":"https:\/\/epidermos.com\/ca\/politica-de-privacitat\/","url":"https:\/\/epidermos.com\/ca\/politica-de-privacitat\/","name":"Pol\u00edtica de privacitat - Epidermos Institut de dermoest\u00e8tica","isPartOf":{"@id":"https:\/\/epidermos.com\/ca\/#website"},"datePublished":"2019-04-01T08:22:23+00:00","dateModified":"2019-04-01T14:41:10+00:00","breadcrumb":{"@id":"https:\/\/epidermos.com\/ca\/politica-de-privacitat\/#breadcrumb"},"inLanguage":"ca","potentialAction":[{"@type":"ReadAction","target":["https:\/\/epidermos.com\/ca\/politica-de-privacitat\/"]}]},{"@type":"BreadcrumbList","@id":"https:\/\/epidermos.com\/ca\/politica-de-privacitat\/#breadcrumb","itemListElement":[{"@type":"ListItem","position":1,"name":"Portada","item":"https:\/\/epidermos.com\/ca\/"},{"@type":"ListItem","position":2,"name":"Pol\u00edtica de privacitat"}]},{"@type":"WebSite","@id":"https:\/\/epidermos.com\/ca\/#website","url":"https:\/\/epidermos.com\/ca\/","name":"Epidermos Institut de dermoest\u00e8tica","description":"Dermatolog\u00eda y Est\u00e9tica","potentialAction":[{"@type":"SearchAction","target":{"@type":"EntryPoint","urlTemplate":"https:\/\/epidermos.com\/ca\/?s={search_term_string}"},"query-input":{"@type":"PropertyValueSpecification","valueRequired":true,"valueName":"search_term_string"}}],"inLanguage":"ca"}]}},"_links":{"self":[{"href":"https:\/\/epidermos.com\/ca\/wp-json\/wp\/v2\/pages\/2633","targetHints":{"allow":["GET"]}}],"collection":[{"href":"https:\/\/epidermos.com\/ca\/wp-json\/wp\/v2\/pages"}],"about":[{"href":"https:\/\/epidermos.com\/ca\/wp-json\/wp\/v2\/types\/page"}],"author":[{"embeddable":true,"href":"https:\/\/epidermos.com\/ca\/wp-json\/wp\/v2\/users\/1"}],"replies":[{"embeddable":true,"href":"https:\/\/epidermos.com\/ca\/wp-json\/wp\/v2\/comments?post=2633"}],"version-history":[{"count":7,"href":"https:\/\/epidermos.com\/ca\/wp-json\/wp\/v2\/pages\/2633\/revisions"}],"predecessor-version":[{"id":2650,"href":"https:\/\/epidermos.com\/ca\/wp-json\/wp\/v2\/pages\/2633\/revisions\/2650"}],"wp:attachment":[{"href":"https:\/\/epidermos.com\/ca\/wp-json\/wp\/v2\/media?parent=2633"}],"curies":[{"name":"wp","href":"https:\/\/api.w.org\/{rel}","templated":true}]}}