{"id":2640,"date":"2019-04-01T10:00:07","date_gmt":"2019-04-01T10:00:07","guid":{"rendered":"http:\/\/epidermos.com\/cookies\/"},"modified":"2019-04-01T11:32:26","modified_gmt":"2019-04-01T11:32:26","slug":"cookies","status":"publish","type":"page","link":"https:\/\/epidermos.com\/ca\/cookies\/","title":{"rendered":"Cookies"},"content":{"rendered":"<p>La nostra web utilitza cookies pr\u00f2pies i de tercers per tal de millorar els serveis de navegaci\u00f3. Vost\u00e8 pot rebutjar o desactivar l&#8217;\u00fas de les cookies a trav\u00e9s de les opcions del seu navegador, tal com s&#8217;indica en el present document.<\/p>\n<p>Les cookies s\u00f3n arxius de text que el lloc web envia al navegador i que s&#8217;emmagatzemen a l&#8217;equip de l&#8217;usuari per tal d&#8217;emmagatzemar i recuperar informaci\u00f3 sobre la navegaci\u00f3 que es realitza des d&#8217;aquest equip (ordinador, tel\u00e8fon m\u00f2bil, tablet etc &#8230; ).<\/p>\n<p>En funci\u00f3 de la seva perman\u00e8ncia i de la finalitat per a la qual s&#8217;utilitzin les dades obtingudes a trav\u00e9s de les galetes, hi ha diversos tipus.<\/p>\n<p>Aix\u00ed, inicialment les galetes poden ser &#8220;de sessi\u00f3&#8221;, que expiren quan l&#8217;usuari acaba la navegaci\u00f3 i tanca l&#8217;explorador, i &#8220;permanents&#8221; que expiren quan hagin complert la funci\u00f3 perqu\u00e8 estan concebudes o quan l&#8217;usuari les esborra.<\/p>\n<p>Per gestionar l&#8217;activitat de les galetes del seu equip, vost\u00e8 pot acceptar expressament, bloquejar o eliminar-les. En cas que no ho faci i segueixi navegant a la web, entendrem que accepta.<\/p>\n","protected":false},"excerpt":{"rendered":"<p>La nostra web utilitza cookies pr\u00f2pies i de tercers per tal de millorar els serveis de navegaci\u00f3. Vost\u00e8 pot rebutjar o desactivar l&#8217;\u00fas de les cookies a trav\u00e9s de les opcions del seu navegador, tal com s&#8217;indica en el present &hellip; <a class=\"kt-excerpt-readmore\" href=\"https:\/\/epidermos.com\/ca\/cookies\/\" aria-label=\"Cookies\">Llegir m\u00e9s<\/a><\/p>\n","protected":false},"author":1,"featured_media":0,"parent":0,"menu_order":0,"comment_status":"closed","ping_status":"closed","template":"page-fullwidth.php","meta":{"kt_blocks_editor_width":"","footnotes":""},"class_list":["post-2640","page","type-page","status-publish","hentry"],"yoast_head":"<!-- This site is optimized with the Yoast SEO plugin v27.2 - https:\/\/yoast.com\/product\/yoast-seo-wordpress\/ -->\n<title>Cookies - Epidermos Institut de dermoest\u00e8tica<\/title>\n<meta name=\"robots\" content=\"index, follow, max-snippet:-1, max-image-preview:large, max-video-preview:-1\" \/>\n<link rel=\"canonical\" href=\"https:\/\/epidermos.com\/ca\/cookies\/\" \/>\n<meta property=\"og:locale\" content=\"ca_ES\" \/>\n<meta property=\"og:type\" content=\"article\" \/>\n<meta property=\"og:title\" content=\"Cookies - Epidermos Institut de dermoest\u00e8tica\" \/>\n<meta property=\"og:description\" content=\"La nostra web utilitza cookies pr\u00f2pies i de tercers per tal de millorar els serveis de navegaci\u00f3. Vost\u00e8 pot rebutjar o desactivar l&#8217;\u00fas de les cookies a trav\u00e9s de les opcions del seu navegador, tal com s&#8217;indica en el present &hellip; Llegir m\u00e9s\" \/>\n<meta property=\"og:url\" content=\"https:\/\/epidermos.com\/ca\/cookies\/\" \/>\n<meta property=\"og:site_name\" content=\"Epidermos Institut de dermoest\u00e8tica\" \/>\n<meta property=\"article:modified_time\" content=\"2019-04-01T11:32:26+00:00\" \/>\n<meta name=\"twitter:card\" content=\"summary_large_image\" \/>\n<meta name=\"twitter:label1\" content=\"Temps estimat de lectura\" \/>\n\t<meta name=\"twitter:data1\" content=\"1 minut\" \/>\n<script type=\"application\/ld+json\" class=\"yoast-schema-graph\">{\"@context\":\"https:\/\/schema.org\",\"@graph\":[{\"@type\":\"WebPage\",\"@id\":\"https:\/\/epidermos.com\/ca\/cookies\/\",\"url\":\"https:\/\/epidermos.com\/ca\/cookies\/\",\"name\":\"Cookies - Epidermos Institut de dermoest\u00e8tica\",\"isPartOf\":{\"@id\":\"https:\/\/epidermos.com\/ca\/#website\"},\"datePublished\":\"2019-04-01T10:00:07+00:00\",\"dateModified\":\"2019-04-01T11:32:26+00:00\",\"breadcrumb\":{\"@id\":\"https:\/\/epidermos.com\/ca\/cookies\/#breadcrumb\"},\"inLanguage\":\"ca\",\"potentialAction\":[{\"@type\":\"ReadAction\",\"target\":[\"https:\/\/epidermos.com\/ca\/cookies\/\"]}]},{\"@type\":\"BreadcrumbList\",\"@id\":\"https:\/\/epidermos.com\/ca\/cookies\/#breadcrumb\",\"itemListElement\":[{\"@type\":\"ListItem\",\"position\":1,\"name\":\"Portada\",\"item\":\"https:\/\/epidermos.com\/ca\/\"},{\"@type\":\"ListItem\",\"position\":2,\"name\":\"Cookies\"}]},{\"@type\":\"WebSite\",\"@id\":\"https:\/\/epidermos.com\/ca\/#website\",\"url\":\"https:\/\/epidermos.com\/ca\/\",\"name\":\"Epidermos Institut de dermoest\u00e8tica\",\"description\":\"Dermatolog\u00eda y Est\u00e9tica\",\"potentialAction\":[{\"@type\":\"SearchAction\",\"target\":{\"@type\":\"EntryPoint\",\"urlTemplate\":\"https:\/\/epidermos.com\/ca\/?s={search_term_string}\"},\"query-input\":{\"@type\":\"PropertyValueSpecification\",\"valueRequired\":true,\"valueName\":\"search_term_string\"}}],\"inLanguage\":\"ca\"}]}<\/script>\n<!-- \/ Yoast SEO plugin. -->","yoast_head_json":{"title":"Cookies - Epidermos Institut de dermoest\u00e8tica","robots":{"index":"index","follow":"follow","max-snippet":"max-snippet:-1","max-image-preview":"max-image-preview:large","max-video-preview":"max-video-preview:-1"},"canonical":"https:\/\/epidermos.com\/ca\/cookies\/","og_locale":"ca_ES","og_type":"article","og_title":"Cookies - Epidermos Institut de dermoest\u00e8tica","og_description":"La nostra web utilitza cookies pr\u00f2pies i de tercers per tal de millorar els serveis de navegaci\u00f3. Vost\u00e8 pot rebutjar o desactivar l&#8217;\u00fas de les cookies a trav\u00e9s de les opcions del seu navegador, tal com s&#8217;indica en el present &hellip; Llegir m\u00e9s","og_url":"https:\/\/epidermos.com\/ca\/cookies\/","og_site_name":"Epidermos Institut de dermoest\u00e8tica","article_modified_time":"2019-04-01T11:32:26+00:00","twitter_card":"summary_large_image","twitter_misc":{"Temps estimat de lectura":"1 minut"},"schema":{"@context":"https:\/\/schema.org","@graph":[{"@type":"WebPage","@id":"https:\/\/epidermos.com\/ca\/cookies\/","url":"https:\/\/epidermos.com\/ca\/cookies\/","name":"Cookies - Epidermos Institut de dermoest\u00e8tica","isPartOf":{"@id":"https:\/\/epidermos.com\/ca\/#website"},"datePublished":"2019-04-01T10:00:07+00:00","dateModified":"2019-04-01T11:32:26+00:00","breadcrumb":{"@id":"https:\/\/epidermos.com\/ca\/cookies\/#breadcrumb"},"inLanguage":"ca","potentialAction":[{"@type":"ReadAction","target":["https:\/\/epidermos.com\/ca\/cookies\/"]}]},{"@type":"BreadcrumbList","@id":"https:\/\/epidermos.com\/ca\/cookies\/#breadcrumb","itemListElement":[{"@type":"ListItem","position":1,"name":"Portada","item":"https:\/\/epidermos.com\/ca\/"},{"@type":"ListItem","position":2,"name":"Cookies"}]},{"@type":"WebSite","@id":"https:\/\/epidermos.com\/ca\/#website","url":"https:\/\/epidermos.com\/ca\/","name":"Epidermos Institut de dermoest\u00e8tica","description":"Dermatolog\u00eda y Est\u00e9tica","potentialAction":[{"@type":"SearchAction","target":{"@type":"EntryPoint","urlTemplate":"https:\/\/epidermos.com\/ca\/?s={search_term_string}"},"query-input":{"@type":"PropertyValueSpecification","valueRequired":true,"valueName":"search_term_string"}}],"inLanguage":"ca"}]}},"_links":{"self":[{"href":"https:\/\/epidermos.com\/ca\/wp-json\/wp\/v2\/pages\/2640","targetHints":{"allow":["GET"]}}],"collection":[{"href":"https:\/\/epidermos.com\/ca\/wp-json\/wp\/v2\/pages"}],"about":[{"href":"https:\/\/epidermos.com\/ca\/wp-json\/wp\/v2\/types\/page"}],"author":[{"embeddable":true,"href":"https:\/\/epidermos.com\/ca\/wp-json\/wp\/v2\/users\/1"}],"replies":[{"embeddable":true,"href":"https:\/\/epidermos.com\/ca\/wp-json\/wp\/v2\/comments?post=2640"}],"version-history":[{"count":1,"href":"https:\/\/epidermos.com\/ca\/wp-json\/wp\/v2\/pages\/2640\/revisions"}],"predecessor-version":[{"id":2641,"href":"https:\/\/epidermos.com\/ca\/wp-json\/wp\/v2\/pages\/2640\/revisions\/2641"}],"wp:attachment":[{"href":"https:\/\/epidermos.com\/ca\/wp-json\/wp\/v2\/media?parent=2640"}],"curies":[{"name":"wp","href":"https:\/\/api.w.org\/{rel}","templated":true}]}}