{"id":3215,"date":"2020-03-25T17:07:40","date_gmt":"2020-03-25T17:07:40","guid":{"rendered":"https:\/\/epidermos.com\/consultorio-online-dermatologia\/"},"modified":"2023-07-10T09:30:46","modified_gmt":"2023-07-10T09:30:46","slug":"consultorio-online-dermatologia","status":"publish","type":"page","link":"https:\/\/epidermos.com\/ca\/consultorio-online-dermatologia\/","title":{"rendered":"CONSULTORI ONLINE DE DERMATOLOGIA"},"content":{"rendered":"<div id=\"pl-3215\"  class=\"panel-layout\" ><div id=\"pg-3215-0\"  class=\"panel-grid panel-no-style\" ><div id=\"pgc-3215-0-0\"  class=\"panel-grid-cell\" ><div id=\"panel-3215-0-0-0\" class=\"so-panel widget widget_media_image panel-first-child panel-last-child\" data-index=\"0\" ><img loading=\"lazy\" decoding=\"async\" width=\"1800\" height=\"605\" src=\"https:\/\/epidermos.com\/wp-content\/uploads\/2020\/03\/img_consulta_online.jpg\" class=\"image wp-image-3222  attachment-full size-full\" alt=\"\" style=\"max-width: 100%; height: auto;\" srcset=\"https:\/\/epidermos.com\/wp-content\/uploads\/2020\/03\/img_consulta_online.jpg 1800w, https:\/\/epidermos.com\/wp-content\/uploads\/2020\/03\/img_consulta_online-300x101.jpg 300w, https:\/\/epidermos.com\/wp-content\/uploads\/2020\/03\/img_consulta_online-1024x344.jpg 1024w, https:\/\/epidermos.com\/wp-content\/uploads\/2020\/03\/img_consulta_online-768x258.jpg 768w, https:\/\/epidermos.com\/wp-content\/uploads\/2020\/03\/img_consulta_online-1536x516.jpg 1536w\" sizes=\"auto, (max-width: 1800px) 100vw, 1800px\" \/><\/div><\/div><\/div><div id=\"pg-3215-1\"  class=\"panel-grid panel-no-style\" ><div id=\"pgc-3215-1-0\"  class=\"panel-grid-cell\" ><div id=\"panel-3215-1-0-0\" class=\"so-panel widget widget_black-studio-tinymce widget_black_studio_tinymce panel-first-child panel-last-child\" data-index=\"1\" ><div class=\"textwidget\"><h4>Des de la Cl\u00ednica EPIDERMOS els hi oferim un servei de consultes dermatol\u00f2giques* en l\u00ednia.<br \/>\nOmpli els camps del seg\u00fcent formulari i ens posarem en contacte amb vost\u00e8 com m\u00e9s aviat millor.<\/h4>\n<h4>\u00c9s important que ens expliqui, de la forma m\u00e9s detallada possible, el motiu de la seva consulta.<br \/>\nPot adjuntar fotografies que ens ajudaran en el diagn\u00f2stic.<\/h4>\n<p>* Aquest servei t\u00e9 un cost de 60\u20ac.<\/p>\n<\/div><\/div><\/div><\/div><div id=\"pg-3215-2\"  class=\"panel-grid panel-no-style\" ><div id=\"pgc-3215-2-0\"  class=\"panel-grid-cell\" ><div id=\"panel-3215-2-0-0\" class=\"so-panel widget widget_text panel-first-child panel-last-child\" data-index=\"2\" >\t\t\t<div class=\"textwidget\">\n<div class=\"wpcf7 no-js\" id=\"wpcf7-f3238-o1\" lang=\"es-ES\" dir=\"ltr\" data-wpcf7-id=\"3238\">\n<div class=\"screen-reader-response\"><p role=\"status\" aria-live=\"polite\" aria-atomic=\"true\"><\/p> <ul><\/ul><\/div>\n<form action=\"\/ca\/wp-json\/wp\/v2\/pages\/3215#wpcf7-f3238-o1\" method=\"post\" class=\"wpcf7-form init\" aria-label=\"Formulario de contacto\" enctype=\"multipart\/form-data\" novalidate=\"novalidate\" data-status=\"init\">\n<fieldset class=\"hidden-fields-container\"><input type=\"hidden\" name=\"_wpcf7\" value=\"3238\" \/><input type=\"hidden\" name=\"_wpcf7_version\" value=\"6.1.5\" \/><input type=\"hidden\" name=\"_wpcf7_locale\" value=\"es_ES\" \/><input type=\"hidden\" name=\"_wpcf7_unit_tag\" value=\"wpcf7-f3238-o1\" \/><input type=\"hidden\" name=\"_wpcf7_container_post\" value=\"0\" \/><input type=\"hidden\" name=\"_wpcf7_posted_data_hash\" value=\"\" \/>\n<\/fieldset>\n<p><label> Nom <span style=\"color:red; display:inline-block;\">*<\/span><br \/>\n<span class=\"wpcf7-form-control-wrap\" data-name=\"your-name\"><input size=\"40\" maxlength=\"400\" class=\"wpcf7-form-control wpcf7-text wpcf7-validates-as-required\" aria-required=\"true\" aria-invalid=\"false\" value=\"\" type=\"text\" name=\"your-name\" \/><\/span> <\/label>\n<\/p>\n<p><label> Cognoms <span style=\"color:red; display:inline-block;\">*<\/span><br \/>\n<span class=\"wpcf7-form-control-wrap\" data-name=\"apellidos\"><input size=\"40\" maxlength=\"400\" class=\"wpcf7-form-control wpcf7-text wpcf7-validates-as-required\" aria-required=\"true\" aria-invalid=\"false\" value=\"\" type=\"text\" name=\"apellidos\" \/><\/span><\/label>\n<\/p>\n<p><label> Data de naixement <span style=\"color:red; display:inline-block;\">*<\/span><br \/>\n<span class=\"wpcf7-form-control-wrap\" data-name=\"data-naix\"><input size=\"40\" maxlength=\"400\" class=\"wpcf7-form-control wpcf7-text wpcf7-validates-as-required\" aria-required=\"true\" aria-invalid=\"false\" value=\"\" type=\"text\" name=\"data-naix\" \/><\/span><\/label>\n<\/p>\n<p><label> Correu electr\u00f2nic <span style=\"color:red; display:inline-block;\">*<\/span><br \/>\n<span class=\"wpcf7-form-control-wrap\" data-name=\"your-email\"><input size=\"40\" maxlength=\"400\" class=\"wpcf7-form-control wpcf7-email wpcf7-validates-as-required wpcf7-text wpcf7-validates-as-email\" aria-required=\"true\" aria-invalid=\"false\" value=\"\" type=\"email\" name=\"your-email\" \/><\/span> <\/label>\n<\/p>\n<p><label> N\u00famero de tel\u00e8fon <span style=\"color:red; display:inline-block;\">*<\/span><br \/>\n<span class=\"wpcf7-form-control-wrap\" data-name=\"telefono\"><input size=\"40\" maxlength=\"400\" class=\"wpcf7-form-control wpcf7-tel wpcf7-validates-as-required wpcf7-text wpcf7-validates-as-tel\" aria-required=\"true\" aria-invalid=\"false\" value=\"\" type=\"tel\" name=\"telefono\" \/><\/span><\/label>\n<\/p>\n<p><label> N\u00ba Targeta de cr\u00e8dit<br \/>\n<span class=\"wpcf7-form-control-wrap\" data-name=\"numtarjetacredito\"><input class=\"wpcf7-form-control wpcf7-number wpcf7-validates-as-number\" aria-invalid=\"false\" value=\"\" type=\"number\" name=\"numtarjetacredito\" \/><\/span><\/label>\n<\/p>\n<p><label> Data caducitat targeta (XX-XX (mes-any))<br \/>\n<span class=\"wpcf7-form-control-wrap\" data-name=\"data-targeta\"><input class=\"wpcf7-form-control wpcf7-number wpcf7-validates-as-number\" aria-invalid=\"false\" value=\"\" type=\"number\" name=\"data-targeta\" \/><\/span><\/label>\n<\/p>\n<p><label> Motiu de la consulta <span style=\"color:red; display:inline-block;\">*<\/span><br \/>\n<span class=\"wpcf7-form-control-wrap\" data-name=\"your-message\"><textarea cols=\"40\" rows=\"10\" maxlength=\"2000\" class=\"wpcf7-form-control wpcf7-textarea wpcf7-validates-as-required\" aria-required=\"true\" aria-invalid=\"false\" name=\"your-message\"><\/textarea><\/span> <\/label>\n<\/p>\n<p><label> Adjuntar arxiu<br \/>\n<span class=\"wpcf7-form-control-wrap\" data-name=\"archivoadjunto\"><input size=\"40\" class=\"wpcf7-form-control wpcf7-file\" accept=\"audio\/*,video\/*,image\/*\" aria-invalid=\"false\" type=\"file\" name=\"archivoadjunto\" \/><\/span><\/label>\n<\/p>\n<p><label> Adjuntar arxiu<br \/>\n<span class=\"wpcf7-form-control-wrap\" data-name=\"archivoadjunto2\"><input size=\"40\" class=\"wpcf7-form-control wpcf7-file\" accept=\"audio\/*,video\/*,image\/*\" aria-invalid=\"false\" type=\"file\" name=\"archivoadjunto2\" \/><\/span><\/label>\n<\/p>\n<p><label> Adjuntar arxiu<br \/>\n<span class=\"wpcf7-form-control-wrap\" data-name=\"archivoadjunto3\"><input size=\"40\" class=\"wpcf7-form-control wpcf7-file\" accept=\"audio\/*,video\/*,image\/*\" aria-invalid=\"false\" type=\"file\" name=\"archivoadjunto3\" \/><\/span><\/label>\n<\/p>\n<p><label> Verificaci\u00f3 de seguretat <span style=\"color:red; display:inline-block;\">*<\/span><br \/>\n<span class=\"wpcf7-form-control-wrap\" data-name=\"quiz-157\"><label><span class=\"wpcf7-quiz-label\">22 + 8 =<\/span> <input size=\"40\" class=\"wpcf7-form-control wpcf7-quiz\" autocomplete=\"off\" aria-required=\"true\" aria-invalid=\"false\" type=\"text\" name=\"quiz-157\" \/><\/label><input type=\"hidden\" name=\"_wpcf7_quiz_answer_quiz-157\" value=\"64cb72de6eb69cb4b152294e11201102\" \/><\/span><\/label>\n<\/p>\n<p><label> <span class=\"wpcf7-form-control-wrap\" data-name=\"politicaprivacidad\"><span class=\"wpcf7-form-control wpcf7-checkbox wpcf7-validates-as-required\"><span class=\"wpcf7-list-item first last\"><input type=\"checkbox\" name=\"politicaprivacidad[]\" value=\"He llegit i accepto la\" \/><span class=\"wpcf7-list-item-label\">He llegit i accepto la<\/span><\/span><\/span><\/span> <a href=\"https:\/\/epidermos.com\/ca\/politica-de-privacitat\/\">pol\u00edtica de privacitat.<\/a><span style=\"color:red; display:inline-block;\">*<\/span><\/label>\n<\/p>\n<p><input class=\"wpcf7-form-control wpcf7-submit has-spinner\" type=\"submit\" value=\"Enviar\" \/>\n<\/p><div class=\"wpcf7-response-output\" aria-hidden=\"true\"><\/div>\n<\/form>\n<\/div>\n\n<\/div>\n\t\t<\/div><\/div><\/div><\/div>","protected":false},"excerpt":{"rendered":"<p>Des de la Cl\u00ednica EPIDERMOS els hi oferim un servei de consultes dermatol\u00f2giques* en l\u00ednia. Ompli els camps del seg\u00fcent formulari i ens posarem en contacte amb vost\u00e8 com m\u00e9s aviat millor. \u00c9s important que ens expliqui, de la forma &hellip; <a class=\"kt-excerpt-readmore\" href=\"https:\/\/epidermos.com\/ca\/consultorio-online-dermatologia\/\" aria-label=\"CONSULTORI ONLINE DE DERMATOLOGIA\">Llegir m\u00e9s<\/a><\/p>\n","protected":false},"author":2,"featured_media":0,"parent":0,"menu_order":0,"comment_status":"closed","ping_status":"closed","template":"page-contact.php","meta":{"kt_blocks_editor_width":"","footnotes":""},"class_list":["post-3215","page","type-page","status-publish","hentry"],"yoast_head":"<!-- This site is optimized with the Yoast SEO plugin v27.2 - https:\/\/yoast.com\/product\/yoast-seo-wordpress\/ -->\n<title>CONSULTORI ONLINE DE DERMATOLOGIA - Epidermos Institut de dermoest\u00e8tica<\/title>\n<meta name=\"robots\" content=\"index, follow, max-snippet:-1, max-image-preview:large, max-video-preview:-1\" \/>\n<link rel=\"canonical\" href=\"https:\/\/epidermos.com\/ca\/consultorio-online-dermatologia\/\" \/>\n<meta property=\"og:locale\" content=\"ca_ES\" \/>\n<meta property=\"og:type\" content=\"article\" \/>\n<meta property=\"og:title\" content=\"CONSULTORI ONLINE DE DERMATOLOGIA - Epidermos Institut de dermoest\u00e8tica\" \/>\n<meta property=\"og:description\" content=\"Des de la Cl\u00ednica EPIDERMOS els hi oferim un servei de consultes dermatol\u00f2giques* en l\u00ednia. Ompli els camps del seg\u00fcent formulari i ens posarem en contacte amb vost\u00e8 com m\u00e9s aviat millor. \u00c9s important que ens expliqui, de la forma &hellip; Llegir m\u00e9s\" \/>\n<meta property=\"og:url\" content=\"https:\/\/epidermos.com\/ca\/consultorio-online-dermatologia\/\" \/>\n<meta property=\"og:site_name\" content=\"Epidermos Institut de dermoest\u00e8tica\" \/>\n<meta property=\"article:modified_time\" content=\"2023-07-10T09:30:46+00:00\" \/>\n<meta name=\"twitter:card\" content=\"summary_large_image\" \/>\n<meta name=\"twitter:label1\" content=\"Temps estimat de lectura\" \/>\n\t<meta name=\"twitter:data1\" content=\"2 minuts\" \/>\n<script type=\"application\/ld+json\" class=\"yoast-schema-graph\">{\"@context\":\"https:\/\/schema.org\",\"@graph\":[{\"@type\":\"WebPage\",\"@id\":\"https:\/\/epidermos.com\/ca\/consultorio-online-dermatologia\/\",\"url\":\"https:\/\/epidermos.com\/ca\/consultorio-online-dermatologia\/\",\"name\":\"CONSULTORI ONLINE DE DERMATOLOGIA - Epidermos Institut de dermoest\u00e8tica\",\"isPartOf\":{\"@id\":\"https:\/\/epidermos.com\/ca\/#website\"},\"datePublished\":\"2020-03-25T17:07:40+00:00\",\"dateModified\":\"2023-07-10T09:30:46+00:00\",\"breadcrumb\":{\"@id\":\"https:\/\/epidermos.com\/ca\/consultorio-online-dermatologia\/#breadcrumb\"},\"inLanguage\":\"ca\",\"potentialAction\":[{\"@type\":\"ReadAction\",\"target\":[\"https:\/\/epidermos.com\/ca\/consultorio-online-dermatologia\/\"]}]},{\"@type\":\"BreadcrumbList\",\"@id\":\"https:\/\/epidermos.com\/ca\/consultorio-online-dermatologia\/#breadcrumb\",\"itemListElement\":[{\"@type\":\"ListItem\",\"position\":1,\"name\":\"Portada\",\"item\":\"https:\/\/epidermos.com\/ca\/\"},{\"@type\":\"ListItem\",\"position\":2,\"name\":\"CONSULTORI ONLINE DE DERMATOLOGIA\"}]},{\"@type\":\"WebSite\",\"@id\":\"https:\/\/epidermos.com\/ca\/#website\",\"url\":\"https:\/\/epidermos.com\/ca\/\",\"name\":\"Epidermos Institut de dermoest\u00e8tica\",\"description\":\"Dermatolog\u00eda y Est\u00e9tica\",\"potentialAction\":[{\"@type\":\"SearchAction\",\"target\":{\"@type\":\"EntryPoint\",\"urlTemplate\":\"https:\/\/epidermos.com\/ca\/?s={search_term_string}\"},\"query-input\":{\"@type\":\"PropertyValueSpecification\",\"valueRequired\":true,\"valueName\":\"search_term_string\"}}],\"inLanguage\":\"ca\"}]}<\/script>\n<!-- \/ Yoast SEO plugin. -->","yoast_head_json":{"title":"CONSULTORI ONLINE DE DERMATOLOGIA - Epidermos Institut de dermoest\u00e8tica","robots":{"index":"index","follow":"follow","max-snippet":"max-snippet:-1","max-image-preview":"max-image-preview:large","max-video-preview":"max-video-preview:-1"},"canonical":"https:\/\/epidermos.com\/ca\/consultorio-online-dermatologia\/","og_locale":"ca_ES","og_type":"article","og_title":"CONSULTORI ONLINE DE DERMATOLOGIA - Epidermos Institut de dermoest\u00e8tica","og_description":"Des de la Cl\u00ednica EPIDERMOS els hi oferim un servei de consultes dermatol\u00f2giques* en l\u00ednia. Ompli els camps del seg\u00fcent formulari i ens posarem en contacte amb vost\u00e8 com m\u00e9s aviat millor. \u00c9s important que ens expliqui, de la forma &hellip; Llegir m\u00e9s","og_url":"https:\/\/epidermos.com\/ca\/consultorio-online-dermatologia\/","og_site_name":"Epidermos Institut de dermoest\u00e8tica","article_modified_time":"2023-07-10T09:30:46+00:00","twitter_card":"summary_large_image","twitter_misc":{"Temps estimat de lectura":"2 minuts"},"schema":{"@context":"https:\/\/schema.org","@graph":[{"@type":"WebPage","@id":"https:\/\/epidermos.com\/ca\/consultorio-online-dermatologia\/","url":"https:\/\/epidermos.com\/ca\/consultorio-online-dermatologia\/","name":"CONSULTORI ONLINE DE DERMATOLOGIA - Epidermos Institut de dermoest\u00e8tica","isPartOf":{"@id":"https:\/\/epidermos.com\/ca\/#website"},"datePublished":"2020-03-25T17:07:40+00:00","dateModified":"2023-07-10T09:30:46+00:00","breadcrumb":{"@id":"https:\/\/epidermos.com\/ca\/consultorio-online-dermatologia\/#breadcrumb"},"inLanguage":"ca","potentialAction":[{"@type":"ReadAction","target":["https:\/\/epidermos.com\/ca\/consultorio-online-dermatologia\/"]}]},{"@type":"BreadcrumbList","@id":"https:\/\/epidermos.com\/ca\/consultorio-online-dermatologia\/#breadcrumb","itemListElement":[{"@type":"ListItem","position":1,"name":"Portada","item":"https:\/\/epidermos.com\/ca\/"},{"@type":"ListItem","position":2,"name":"CONSULTORI ONLINE DE DERMATOLOGIA"}]},{"@type":"WebSite","@id":"https:\/\/epidermos.com\/ca\/#website","url":"https:\/\/epidermos.com\/ca\/","name":"Epidermos Institut de dermoest\u00e8tica","description":"Dermatolog\u00eda y Est\u00e9tica","potentialAction":[{"@type":"SearchAction","target":{"@type":"EntryPoint","urlTemplate":"https:\/\/epidermos.com\/ca\/?s={search_term_string}"},"query-input":{"@type":"PropertyValueSpecification","valueRequired":true,"valueName":"search_term_string"}}],"inLanguage":"ca"}]}},"_links":{"self":[{"href":"https:\/\/epidermos.com\/ca\/wp-json\/wp\/v2\/pages\/3215","targetHints":{"allow":["GET"]}}],"collection":[{"href":"https:\/\/epidermos.com\/ca\/wp-json\/wp\/v2\/pages"}],"about":[{"href":"https:\/\/epidermos.com\/ca\/wp-json\/wp\/v2\/types\/page"}],"author":[{"embeddable":true,"href":"https:\/\/epidermos.com\/ca\/wp-json\/wp\/v2\/users\/2"}],"replies":[{"embeddable":true,"href":"https:\/\/epidermos.com\/ca\/wp-json\/wp\/v2\/comments?post=3215"}],"version-history":[{"count":15,"href":"https:\/\/epidermos.com\/ca\/wp-json\/wp\/v2\/pages\/3215\/revisions"}],"predecessor-version":[{"id":3495,"href":"https:\/\/epidermos.com\/ca\/wp-json\/wp\/v2\/pages\/3215\/revisions\/3495"}],"wp:attachment":[{"href":"https:\/\/epidermos.com\/ca\/wp-json\/wp\/v2\/media?parent=3215"}],"curies":[{"name":"wp","href":"https:\/\/api.w.org\/{rel}","templated":true}]}}