{"id":3524,"date":"2024-04-12T15:22:22","date_gmt":"2024-04-12T15:22:22","guid":{"rendered":"https:\/\/epidermos.com\/?page_id=3524"},"modified":"2024-04-17T10:40:12","modified_gmt":"2024-04-17T10:40:12","slug":"politica-de-cookies-cat","status":"publish","type":"page","link":"https:\/\/epidermos.com\/ca\/politica-de-cookies-cat\/","title":{"rendered":"Pol\u00edtica de cookies"},"content":{"rendered":"\n<ol class=\"wp-block-list\">\n<li><strong>INFORMACI\u00d3 GENERAL<br><\/strong>El responsable del tractament de les dades recollides a trav\u00e9s de https:\/\/epidermos.com t\u00e9 el domicili social a C. Sant Gervasi de Cassoles, 36-38, 08022 Barcelona, Spain i prove\u00eft de CIF B65465205.&nbsp;Per a qualsevol dubte o consulta sobre aquesta pol\u00edtica de cookies, podeu contactar a trav\u00e9s de l\u2019adre\u00e7a de correu electr\u00f2nic:&nbsp;epidermos@epidermos.com.<br><br><\/li>\n\n\n\n<li><strong>QU\u00c8 S\u00d3N LAS COOKIES<br><\/strong>Las cookies son archivos que se pueden descargar en su equipo a trav\u00e9s de las p\u00e1ginas web.&nbsp;Son herramientas que desempe\u00f1an un papel esencial para la prestaci\u00f3n de numerosos servicios de la sociedad de la informaci\u00f3n.&nbsp;Entre otros, permiten a una p\u00e1gina web almacenar y recuperar informaci\u00f3n sobre los h\u00e1bitos de navegaci\u00f3n de un usuario o de su equipo y, dependiendo de la informaci\u00f3n obtenida, pueden utilizarse para reconocer al usuario y mejorar el servicio ofrecido.<br><br><\/li>\n\n\n\n<li><strong>TIPUS DE COOKIES<\/strong>\n<ul class=\"wp-block-list\">\n<li>SEGONS L\u2019 ENTITAT QUE LA GESTIONA<br>Segons qui sigui l\u2019entitat que gestioni el domini des d\u2019on s\u2019envien les cookies i tracti les dades que s\u2019obtinguin es poden distingir dos tipus:\n<ul class=\"wp-block-list\">\n<li>Cookies pr\u00f2pies: aquelles que s\u2019envien a l\u2019equip terminal de l\u2019usuari des d\u2019un equip o domini gestionat pel propi editor i des del qual es presta el servei sol\u00b7licitat per l\u2019usuari.<\/li>\n\n\n\n<li>Cookies de tercers: aquelles que s\u2019envien a l\u2019equip terminal de l\u2019usuari des d\u2019un equip o domini que no \u00e9s gestionat per l\u2019editor, sin\u00f3 per una altra entitat que tracta les dades obtingudes a trav\u00e9s de les cookies.<\/li>\n\n\n\n<li>En el cas que les cookies siguin instal\u00b7lades des d\u2019un equip o domini gestionat pel mateix editor per\u00f2 la informaci\u00f3 que es reculli mitjan\u00e7ant aquestes sigui gestionada per un tercer, no poden ser considerades com a cookies pr\u00f2pies.<\/li>\n<\/ul>\n<\/li>\n\n\n\n<li>SEGONS EL TERMINI DE TEMPS QUE ROMANEN ACTIVES<br>Existeix tamb\u00e9 una segona classificaci\u00f3 segons el termini de temps que romanen emmagatzemades en el navegador del client, podent tractar-se de:\n<ul class=\"wp-block-list\">\n<li>Cookies de sessi\u00f3: dissenyades per recaptar i emmagatzemar dades mentre l\u2019usuari accedeix a una p\u00e0gina web. Se solen emprar per emmagatzemar informaci\u00f3 que nom\u00e9s interessa conservar per a la prestaci\u00f3 del servei sol\u00b7licitat per l\u2019usuari en una sola ocasi\u00f3 (p.e. una llista de productes adquirits).<\/li>\n\n\n\n<li>Cookies persistents: les dades segueixen emmagatzemades al terminal i poden ser accedides i tractades durant un per\u00edode definit pel responsable de la cookie, i que pot anar d\u2019uns minuts a diversos anys.<\/li>\n<\/ul>\n<\/li>\n\n\n\n<li>SEGONS LA SEVA FINALITAT<br>Finalment, hi ha una altra classificaci\u00f3 amb diferents tipus de cookies segons la finalitat per a la qual es tractin les dades obtingudes:\n<ul class=\"wp-block-list\">\n<li>Estrictament necess\u00e0ries: aquelles que permeten a l\u2019usuari la navegaci\u00f3 a trav\u00e9s d\u2019una p\u00e0gina web, plataforma o aplicaci\u00f3 i la utilitzaci\u00f3 de les diferents opcions o serveis que hi hagi com, per exemple, controlar el tr\u00e0nsit i la comunicaci\u00f3 de dades, identificar la sessi\u00f3, accedir a parts d\u2019acc\u00e9s restringit, recordar els elements que integren una comanda, realitzar el proc\u00e9s de compra d\u2019una comanda, realitzar la sol\u00b7licitud d\u2019inscripci\u00f3 o participaci\u00f3 en un esdeveniment, utilitzar elements de seguretat durant la navegaci\u00f3, emmagatzemar continguts per a la difusi\u00f3 de v\u00eddeos o so o compartir continguts a trav\u00e9s de xarxes socials.<\/li>\n\n\n\n<li>Cookies de personalitzaci\u00f3: permeten a l\u2019usuari accedir al servei amb algunes caracter\u00edstiques de car\u00e0cter general predefinides en funci\u00f3 d\u2019una s\u00e8rie de criteris en el terminal de l\u2019usuari com per exemple serien l\u2019idioma, el tipus de navegador a trav\u00e9s del qual accedeix al servei, la configuraci\u00f3 regional des d\u2019on accedeix al servei, etc.<\/li>\n\n\n\n<li>Cookies d\u2019an\u00e0lisi: permeten al responsable de les mateixes, el seguiment i an\u00e0lisi del comportament dels usuaris dels llocs web als quals estan vinculades. La informaci\u00f3 recollida mitjan\u00e7ant aquest tipus de cookies s\u2019utilitza en el mesurament de l\u2019activitat dels llocs web, aplicaci\u00f3 o plataforma i per a l\u2019elaboraci\u00f3 de perfils de navegaci\u00f3 dels usuaris d\u2019aquests llocs, aplicacions i plataformes, per tal d\u2019introduir millores en funci\u00f3 de l\u2019an\u00e0lisi de les dades d\u2019\u00fas que fan els usuaris del servei.<\/li>\n\n\n\n<li>Cookies publicit\u00e0ries: permeten la gesti\u00f3, de la forma m\u00e9s efica\u00e7 possible, dels espais publicitaris.<\/li>\n\n\n\n<li>Cookies de publicitat comportamental: emmagatzemen informaci\u00f3 del comportament dels usuaris obtinguda a trav\u00e9s de l\u2019observaci\u00f3 continuada dels seus h\u00e0bits de navegaci\u00f3, la qual cosa permet desenvolupar un perfil espec\u00edfic per mostrar publicitat en funci\u00f3 del mateix.<\/li>\n\n\n\n<li>Cookies de xarxes socials externes: s\u2019utilitzen perqu\u00e8 els visitants puguin interactuar amb el contingut de diferents plataformes socials (facebook, youtube, twitter, linkedIn, etc..) i que es generin \u00fanicament per als usuaris d\u2019aquestes xarxes socials. Les condicions d\u2019utilitzaci\u00f3 d\u2019aquestes cookies i la informaci\u00f3 recopilada es regula per la pol\u00edtica de privacitat de la plataforma social corresponent.<br><br><\/li>\n<\/ul>\n<\/li>\n<\/ul>\n<\/li>\n\n\n\n<li><strong>DURANT QUANT TEMPS CONSERVAREM LA INFORMACI\u00d3?<br><\/strong>Mantindrem la informaci\u00f3 mentre sigui necessari per a la prestaci\u00f3 del servei sol\u00b7licitat, fins que ens manifestis la teva oposici\u00f3 o fins que revoquis el teu consentiment. En aquests casos, la informaci\u00f3 es mantindr\u00e0 degudament bloquejada sense que la puguem utilitzar mentre sigui necess\u00e0ria per a l\u2019 exercici o defensa de reclamacions legals o contractuals. Un cop transcorregut aquest termini de temps, les teves dades seran eliminades definitivament.<br><br>En els casos en qu\u00e8 obtenim dades autom\u00e0ticament a trav\u00e9s de cookies, tenim en compte que algunes poden estar instal\u00b7lades durant anys. No obstant aix\u00f2, pots limitar el seu \u00fas en el temps eliminar-les dels navegadors o dispositius.<br><br><\/li>\n\n\n\n<li><strong>DESACTIVACI\u00d3 I ELIMINACI\u00d3 DE COOKIES<br><\/strong>L\u2019usuari t\u00e9 l\u2019opci\u00f3 de permetre, bloquejar o eliminar les cookies instal\u00b7lades al teu equip mitjan\u00e7ant la configuraci\u00f3 de les opcions del navegador instal\u00b7lat al seu equip. En desactivar cookies, alguns dels serveis disponibles podrien deixar d\u2019estar operatius. La forma de deshabilitar les cookies \u00e9s diferent per a cada navegador, per\u00f2 normalment es pot fer des del men\u00fa Eines o Opcions. Tamb\u00e9 es pot consultar el men\u00fa d\u2019Ajuda del navegador on pots trobar instruccions. L\u2019usuari podr\u00e0 en qualsevol moment triar quines cookies vol que funcionin en aquest lloc web.L\u2019usuari pot permetre, bloquejar o eliminar les cookies instal\u00b7lades en el seu equip mitjan\u00e7ant la configuraci\u00f3 de les opcions del navegador instal\u00b7lat al seu ordinador:<br>\n<ul class=\"wp-block-list\">\n<li>Microsoft Internet Explorer o Microsoft Edge: <a href=\"http:\/\/windows.microsoft.com\/es-es\/windows-vista\/Block-or-allow-cookies\">http:\/\/windows.microsoft.com\/es-es\/windows-vista\/Block-or-allow-cookies<\/a><\/li>\n\n\n\n<li>Mozilla Firefox: <a href=\"http:\/\/support.mozilla.org\/es\/kb\/impedir-que-los-sitios-web-guarden-sus-preferencia\">http:\/\/support.mozilla.org\/es\/kb\/impedir-que-los-sitios-web-guarden-sus-preferencia<\/a><\/li>\n\n\n\n<li>Chrome: <a href=\"https:\/\/support.google.com\/accounts\/answer\/61416?hl=es\">https:\/\/support.google.com\/accounts\/answer\/61416?hl=es<\/a><\/li>\n\n\n\n<li>Safari: <a href=\"http:\/\/safari.helpmax.net\/es\/privacidad-y-seguridad\/como-gestionar-las-cookies\/\">http:\/\/safari.helpmax.net\/es\/privacidad-y-seguridad\/como-gestionar-las-cookies\/<\/a><\/li>\n\n\n\n<li>Opera: <a href=\"http:\/\/help.opera.com\/Linux\/10.60\/es-ES\/cookies.html\">http:\/\/help.opera.com\/Linux\/10.60\/es-ES\/cookies.html<\/a><br><br><\/li>\n<\/ul>\n<\/li>\n\n\n\n<li><strong>COOKIES UTILITZADES EN EPIDERMOS.COM<\/strong><br>A continuaci\u00f3 s\u2019identifiquen les galetes que estan sent utilitzades en aquest portal aix\u00ed com la seva tipologia i funci\u00f3:<\/li>\n<\/ol>\n\n\n<p><strong>Cookies necess\u00e0ries<\/strong><\/p>\n<div>\n<table>\n<thead>\n<tr>\n<th>Titular<\/th>\n<th>Cookie<\/th>\n<th>Finalidad<\/th>\n<th>Duraci\u00f3n<\/th>\n<\/tr>\n<\/thead>\n<tbody>\n<tr>\n<td>Pr\u00f2pia<\/td>\n<td>cookielawinfo-checbox-analytics<\/td>\n<td>Aquesta galeta l\u2019estableix el complement de consentiment de galetes del RGPD. La galeta s\u2019utilitza per emmagatzemar el consentiment de l\u2019usuari per a les galetes a la categoria \u00abAn\u00e0lisi\u00bb.<\/td>\n<td>1 any<\/td>\n<\/tr>\n<tr>\n<td>Pr\u00f2pia<\/td>\n<td>cookielawinfo-checbox-functional<\/td>\n<td>La galeta s\u2019estableix mitjan\u00e7ant el consentiment de galetes del RGPD per registrar el consentiment de l\u2019usuari per a les galetes a la categoria \u00abFuncional\u00bb.<\/td>\n<td>1 any<\/td>\n<\/tr>\n<tr>\n<td>Pr\u00f2pia<\/td>\n<td>cookielawinfo-checbox-others<\/td>\n<td>Aquesta galeta l\u2019estableix el complement GDPR Cookie Consent. La galeta s\u2019utilitza per emmagatzemar el consentiment de l\u2019usuari per a les galetes a la categoria \u00abAltres\u00bb.<\/td>\n<td>1 any<\/td>\n<\/tr>\n<tr>\n<td>Pr\u00f2pia<\/td>\n<td>cookielawinfo-checkbox-advertisement<\/td>\n<td>La galeta s\u2019estableix mitjan\u00e7ant el consentiment de galetes del RGPD per registrar el consentiment de l\u2019usuari per a les galetes a la categoria \u00abPublicitat\u00bb.<\/td>\n<td>1 any<\/td>\n<\/tr>\n<tr>\n<td>Pr\u00f2pia<\/td>\n<td>cookielawinfo-checkbox-necessary<\/td>\n<td>Aquesta galeta l\u2019estableix el complement GDPR Cookie Consent. Les galetes s\u2019utilitzen per emmagatzemar el consentiment de l\u2019usuari per a les galetes a la categoria \u00abNecess\u00e0ries\u00bb.<\/td>\n<td>1 any<\/td>\n<\/tr>\n<tr>\n<td>Pr\u00f2pia<\/td>\n<td>cookielawinfo-checkbox-performance<\/td>\n<td>Aquesta galeta l\u2019estableix el complement GDPR Cookie Consent. La galeta s\u2019utilitza per emmagatzemar el consentiment de l\u2019usuari per a les galetes a la categoria \u00abRendiment\u00bb.<\/td>\n<td>1 any<\/td>\n<\/tr>\n<tr>\n<td>Pr\u00f2pia<\/td>\n<td>CookieLawInfoConsent<\/td>\n<td>CookieYes configura aquesta cookie per registrar l&#8217;estat del bot\u00f3 per defecte de la categoria corresponent i l&#8217;estat de CCPA. Funciona \u00fanicament en coordinaci\u00f3 amb la galeta principal.<\/td>\n<td>1 any<\/td>\n<\/tr>\n<\/tbody>\n<\/table>\n<\/div>\n<p><strong>Cookies d\u2019an\u00e0lisi<\/strong><\/p>\n<div>\n<table>\n<thead>\n<tr>\n<th>Titular<\/th>\n<th>Cookie<\/th>\n<th>Finalidad<\/th>\n<th>Duraci\u00f3n<\/th>\n<\/tr>\n<\/thead>\n<tbody>\n<tr>\n<td>Google<\/td>\n<td>_ga<\/td>\n<td>S&#8217;utilitza per calcular les dades de visitants, sessions i campanyes i fer un seguiment de l&#8217;\u00fas del lloc per a l&#8217;informe anal\u00edtic del lloc. Les cookies emmagatzemen informaci\u00f3 de forma an\u00f2nima i assignen un n\u00famero generat aleat\u00f2riament per identificar visitants \u00fanics.<\/td>\n<td>2 anys<\/td>\n<\/tr>\n<tr>\n<td>Google<\/td>\n<td>_ga_*<\/td>\n<td>Google Analytics configura aquesta galeta per emmagatzemar i comptar les visites a la p\u00e0gina.<\/td>\n<td>2 anys<\/td>\n<\/tr>\n<tr>\n<td>Google<\/td>\n<td>_gat_gtag_UA_*\u00a0<\/td>\n<td>Cookie per emmagatzemar una identificaci\u00f3 d&#8217;usuari \u00fanica a Google Analytics.<\/td>\n<td>1 minut<\/td>\n<\/tr>\n<tr>\n<td>Google<\/td>\n<td>_gid<\/td>\n<td>Es fa servir per emmagatzemar informaci\u00f3 sobre com els visitants utilitzen un lloc web i ajuda a crear un informe anal\u00edtic de com funciona el lloc web. Les dades recopilades, incl\u00f2s el nombre de visitants, la font d&#8217;on provenen i les p\u00e0gines visitades, es fan de manera an\u00f2nima.<\/td>\n<td>1 dia<\/td>\n<\/tr>\n<\/tbody>\n<\/table>\n<\/div>","protected":false},"excerpt":{"rendered":"<p>Cookies necess\u00e0ries Titular Cookie Finalidad Duraci\u00f3n Pr\u00f2pia cookielawinfo-checbox-analytics Aquesta galeta l\u2019estableix el complement de consentiment de galetes del RGPD. La galeta s\u2019utilitza per emmagatzemar el consentiment de l\u2019usuari per a les galetes a la categoria \u00abAn\u00e0lisi\u00bb. 1 any Pr\u00f2pia cookielawinfo-checbox-functional &hellip; <a class=\"kt-excerpt-readmore\" href=\"https:\/\/epidermos.com\/ca\/politica-de-cookies-cat\/\" aria-label=\"Pol\u00edtica de cookies\">Llegir m\u00e9s<\/a><\/p>\n","protected":false},"author":1,"featured_media":0,"parent":0,"menu_order":0,"comment_status":"closed","ping_status":"closed","template":"page-fullwidth.php","meta":{"kt_blocks_editor_width":"","footnotes":""},"class_list":["post-3524","page","type-page","status-publish","hentry"],"yoast_head":"<!-- This site is optimized with the Yoast SEO plugin v27.2 - https:\/\/yoast.com\/product\/yoast-seo-wordpress\/ -->\n<title>Pol\u00edtica de cookies - Epidermos Institut de dermoest\u00e8tica<\/title>\n<meta name=\"robots\" content=\"noindex, follow\" \/>\n<meta property=\"og:locale\" content=\"ca_ES\" \/>\n<meta property=\"og:type\" content=\"article\" \/>\n<meta property=\"og:title\" content=\"Pol\u00edtica de cookies - Epidermos Institut de dermoest\u00e8tica\" \/>\n<meta property=\"og:description\" content=\"Cookies necess\u00e0ries Titular Cookie Finalidad Duraci\u00f3n Pr\u00f2pia cookielawinfo-checbox-analytics Aquesta galeta l\u2019estableix el complement de consentiment de galetes del RGPD. La galeta s\u2019utilitza per emmagatzemar el consentiment de l\u2019usuari per a les galetes a la categoria \u00abAn\u00e0lisi\u00bb. 1 any Pr\u00f2pia cookielawinfo-checbox-functional &hellip; Llegir m\u00e9s\" \/>\n<meta property=\"og:url\" content=\"https:\/\/epidermos.com\/ca\/politica-de-cookies-cat\/\" \/>\n<meta property=\"og:site_name\" content=\"Epidermos Institut de dermoest\u00e8tica\" \/>\n<meta property=\"article:modified_time\" content=\"2024-04-17T10:40:12+00:00\" \/>\n<meta name=\"twitter:card\" content=\"summary_large_image\" \/>\n<meta name=\"twitter:label1\" content=\"Temps estimat de lectura\" \/>\n\t<meta name=\"twitter:data1\" content=\"7 minuts\" \/>\n<script type=\"application\/ld+json\" class=\"yoast-schema-graph\">{\"@context\":\"https:\/\/schema.org\",\"@graph\":[{\"@type\":\"WebPage\",\"@id\":\"https:\/\/epidermos.com\/ca\/politica-de-cookies-cat\/\",\"url\":\"https:\/\/epidermos.com\/ca\/politica-de-cookies-cat\/\",\"name\":\"Pol\u00edtica de cookies - Epidermos Institut de dermoest\u00e8tica\",\"isPartOf\":{\"@id\":\"https:\/\/epidermos.com\/ca\/#website\"},\"datePublished\":\"2024-04-12T15:22:22+00:00\",\"dateModified\":\"2024-04-17T10:40:12+00:00\",\"breadcrumb\":{\"@id\":\"https:\/\/epidermos.com\/ca\/politica-de-cookies-cat\/#breadcrumb\"},\"inLanguage\":\"ca\",\"potentialAction\":[{\"@type\":\"ReadAction\",\"target\":[\"https:\/\/epidermos.com\/ca\/politica-de-cookies-cat\/\"]}]},{\"@type\":\"BreadcrumbList\",\"@id\":\"https:\/\/epidermos.com\/ca\/politica-de-cookies-cat\/#breadcrumb\",\"itemListElement\":[{\"@type\":\"ListItem\",\"position\":1,\"name\":\"Portada\",\"item\":\"https:\/\/epidermos.com\/ca\/\"},{\"@type\":\"ListItem\",\"position\":2,\"name\":\"Pol\u00edtica de cookies\"}]},{\"@type\":\"WebSite\",\"@id\":\"https:\/\/epidermos.com\/ca\/#website\",\"url\":\"https:\/\/epidermos.com\/ca\/\",\"name\":\"Epidermos Institut de dermoest\u00e8tica\",\"description\":\"Dermatolog\u00eda y Est\u00e9tica\",\"potentialAction\":[{\"@type\":\"SearchAction\",\"target\":{\"@type\":\"EntryPoint\",\"urlTemplate\":\"https:\/\/epidermos.com\/ca\/?s={search_term_string}\"},\"query-input\":{\"@type\":\"PropertyValueSpecification\",\"valueRequired\":true,\"valueName\":\"search_term_string\"}}],\"inLanguage\":\"ca\"}]}<\/script>\n<!-- \/ Yoast SEO plugin. -->","yoast_head_json":{"title":"Pol\u00edtica de cookies - Epidermos Institut de dermoest\u00e8tica","robots":{"index":"noindex","follow":"follow"},"og_locale":"ca_ES","og_type":"article","og_title":"Pol\u00edtica de cookies - Epidermos Institut de dermoest\u00e8tica","og_description":"Cookies necess\u00e0ries Titular Cookie Finalidad Duraci\u00f3n Pr\u00f2pia cookielawinfo-checbox-analytics Aquesta galeta l\u2019estableix el complement de consentiment de galetes del RGPD. La galeta s\u2019utilitza per emmagatzemar el consentiment de l\u2019usuari per a les galetes a la categoria \u00abAn\u00e0lisi\u00bb. 1 any Pr\u00f2pia cookielawinfo-checbox-functional &hellip; Llegir m\u00e9s","og_url":"https:\/\/epidermos.com\/ca\/politica-de-cookies-cat\/","og_site_name":"Epidermos Institut de dermoest\u00e8tica","article_modified_time":"2024-04-17T10:40:12+00:00","twitter_card":"summary_large_image","twitter_misc":{"Temps estimat de lectura":"7 minuts"},"schema":{"@context":"https:\/\/schema.org","@graph":[{"@type":"WebPage","@id":"https:\/\/epidermos.com\/ca\/politica-de-cookies-cat\/","url":"https:\/\/epidermos.com\/ca\/politica-de-cookies-cat\/","name":"Pol\u00edtica de cookies - Epidermos Institut de dermoest\u00e8tica","isPartOf":{"@id":"https:\/\/epidermos.com\/ca\/#website"},"datePublished":"2024-04-12T15:22:22+00:00","dateModified":"2024-04-17T10:40:12+00:00","breadcrumb":{"@id":"https:\/\/epidermos.com\/ca\/politica-de-cookies-cat\/#breadcrumb"},"inLanguage":"ca","potentialAction":[{"@type":"ReadAction","target":["https:\/\/epidermos.com\/ca\/politica-de-cookies-cat\/"]}]},{"@type":"BreadcrumbList","@id":"https:\/\/epidermos.com\/ca\/politica-de-cookies-cat\/#breadcrumb","itemListElement":[{"@type":"ListItem","position":1,"name":"Portada","item":"https:\/\/epidermos.com\/ca\/"},{"@type":"ListItem","position":2,"name":"Pol\u00edtica de cookies"}]},{"@type":"WebSite","@id":"https:\/\/epidermos.com\/ca\/#website","url":"https:\/\/epidermos.com\/ca\/","name":"Epidermos Institut de dermoest\u00e8tica","description":"Dermatolog\u00eda y Est\u00e9tica","potentialAction":[{"@type":"SearchAction","target":{"@type":"EntryPoint","urlTemplate":"https:\/\/epidermos.com\/ca\/?s={search_term_string}"},"query-input":{"@type":"PropertyValueSpecification","valueRequired":true,"valueName":"search_term_string"}}],"inLanguage":"ca"}]}},"_links":{"self":[{"href":"https:\/\/epidermos.com\/ca\/wp-json\/wp\/v2\/pages\/3524","targetHints":{"allow":["GET"]}}],"collection":[{"href":"https:\/\/epidermos.com\/ca\/wp-json\/wp\/v2\/pages"}],"about":[{"href":"https:\/\/epidermos.com\/ca\/wp-json\/wp\/v2\/types\/page"}],"author":[{"embeddable":true,"href":"https:\/\/epidermos.com\/ca\/wp-json\/wp\/v2\/users\/1"}],"replies":[{"embeddable":true,"href":"https:\/\/epidermos.com\/ca\/wp-json\/wp\/v2\/comments?post=3524"}],"version-history":[{"count":6,"href":"https:\/\/epidermos.com\/ca\/wp-json\/wp\/v2\/pages\/3524\/revisions"}],"predecessor-version":[{"id":3630,"href":"https:\/\/epidermos.com\/ca\/wp-json\/wp\/v2\/pages\/3524\/revisions\/3630"}],"wp:attachment":[{"href":"https:\/\/epidermos.com\/ca\/wp-json\/wp\/v2\/media?parent=3524"}],"curies":[{"name":"wp","href":"https:\/\/api.w.org\/{rel}","templated":true}]}}