{"id":1832,"date":"2018-06-05T09:52:25","date_gmt":"2018-06-05T09:52:25","guid":{"rendered":"http:\/\/epidermos.com\/instalaciones-epidermos\/"},"modified":"2019-02-26T16:09:54","modified_gmt":"2019-02-26T16:09:54","slug":"instalaciones-epidermos","status":"publish","type":"page","link":"https:\/\/epidermos.com\/en\/instalaciones-epidermos\/","title":{"rendered":"Epidermos facilities"},"content":{"rendered":"","protected":false},"excerpt":{"rendered":"","protected":false},"author":2,"featured_media":0,"parent":0,"menu_order":0,"comment_status":"closed","ping_status":"closed","template":"page-portfolio.php","meta":{"kt_blocks_editor_width":"","footnotes":""},"class_list":["post-1832","page","type-page","status-publish","hentry"],"yoast_head":"<!-- This site is optimized with the Yoast SEO plugin v27.2 - https:\/\/yoast.com\/product\/yoast-seo-wordpress\/ -->\n<title>Epidermos facilities - Epidermos Instituto de dermoest\u00e9tica<\/title>\n<meta name=\"robots\" content=\"index, follow, max-snippet:-1, max-image-preview:large, max-video-preview:-1\" \/>\n<link rel=\"canonical\" href=\"https:\/\/epidermos.com\/en\/instalaciones-epidermos\/\" \/>\n<meta property=\"og:locale\" content=\"en_US\" \/>\n<meta property=\"og:type\" content=\"article\" \/>\n<meta property=\"og:title\" content=\"Epidermos facilities - Epidermos Instituto de dermoest\u00e9tica\" \/>\n<meta property=\"og:url\" content=\"https:\/\/epidermos.com\/en\/instalaciones-epidermos\/\" \/>\n<meta property=\"og:site_name\" content=\"Epidermos Instituto de dermoest\u00e9tica\" \/>\n<meta property=\"article:modified_time\" content=\"2019-02-26T16:09:54+00:00\" \/>\n<meta name=\"twitter:card\" content=\"summary_large_image\" \/>\n<script type=\"application\/ld+json\" class=\"yoast-schema-graph\">{\"@context\":\"https:\/\/schema.org\",\"@graph\":[{\"@type\":\"WebPage\",\"@id\":\"https:\/\/epidermos.com\/en\/instalaciones-epidermos\/\",\"url\":\"https:\/\/epidermos.com\/en\/instalaciones-epidermos\/\",\"name\":\"Epidermos facilities - Epidermos Instituto de dermoest\u00e9tica\",\"isPartOf\":{\"@id\":\"https:\/\/epidermos.com\/ca\/#website\"},\"datePublished\":\"2018-06-05T09:52:25+00:00\",\"dateModified\":\"2019-02-26T16:09:54+00:00\",\"breadcrumb\":{\"@id\":\"https:\/\/epidermos.com\/en\/instalaciones-epidermos\/#breadcrumb\"},\"inLanguage\":\"en-US\",\"potentialAction\":[{\"@type\":\"ReadAction\",\"target\":[\"https:\/\/epidermos.com\/en\/instalaciones-epidermos\/\"]}]},{\"@type\":\"BreadcrumbList\",\"@id\":\"https:\/\/epidermos.com\/en\/instalaciones-epidermos\/#breadcrumb\",\"itemListElement\":[{\"@type\":\"ListItem\",\"position\":1,\"name\":\"Portada\",\"item\":\"https:\/\/epidermos.com\/en\/\"},{\"@type\":\"ListItem\",\"position\":2,\"name\":\"Epidermos facilities\"}]},{\"@type\":\"WebSite\",\"@id\":\"https:\/\/epidermos.com\/ca\/#website\",\"url\":\"https:\/\/epidermos.com\/ca\/\",\"name\":\"Epidermos Instituto de dermoest\u00e9tica\",\"description\":\"Dermatolog\u00eda y Est\u00e9tica\",\"potentialAction\":[{\"@type\":\"SearchAction\",\"target\":{\"@type\":\"EntryPoint\",\"urlTemplate\":\"https:\/\/epidermos.com\/ca\/?s={search_term_string}\"},\"query-input\":{\"@type\":\"PropertyValueSpecification\",\"valueRequired\":true,\"valueName\":\"search_term_string\"}}],\"inLanguage\":\"en-US\"}]}<\/script>\n<!-- \/ Yoast SEO plugin. -->","yoast_head_json":{"title":"Epidermos facilities - Epidermos Instituto de dermoest\u00e9tica","robots":{"index":"index","follow":"follow","max-snippet":"max-snippet:-1","max-image-preview":"max-image-preview:large","max-video-preview":"max-video-preview:-1"},"canonical":"https:\/\/epidermos.com\/en\/instalaciones-epidermos\/","og_locale":"en_US","og_type":"article","og_title":"Epidermos facilities - Epidermos Instituto de dermoest\u00e9tica","og_url":"https:\/\/epidermos.com\/en\/instalaciones-epidermos\/","og_site_name":"Epidermos Instituto de dermoest\u00e9tica","article_modified_time":"2019-02-26T16:09:54+00:00","twitter_card":"summary_large_image","schema":{"@context":"https:\/\/schema.org","@graph":[{"@type":"WebPage","@id":"https:\/\/epidermos.com\/en\/instalaciones-epidermos\/","url":"https:\/\/epidermos.com\/en\/instalaciones-epidermos\/","name":"Epidermos facilities - Epidermos Instituto de dermoest\u00e9tica","isPartOf":{"@id":"https:\/\/epidermos.com\/ca\/#website"},"datePublished":"2018-06-05T09:52:25+00:00","dateModified":"2019-02-26T16:09:54+00:00","breadcrumb":{"@id":"https:\/\/epidermos.com\/en\/instalaciones-epidermos\/#breadcrumb"},"inLanguage":"en-US","potentialAction":[{"@type":"ReadAction","target":["https:\/\/epidermos.com\/en\/instalaciones-epidermos\/"]}]},{"@type":"BreadcrumbList","@id":"https:\/\/epidermos.com\/en\/instalaciones-epidermos\/#breadcrumb","itemListElement":[{"@type":"ListItem","position":1,"name":"Portada","item":"https:\/\/epidermos.com\/en\/"},{"@type":"ListItem","position":2,"name":"Epidermos facilities"}]},{"@type":"WebSite","@id":"https:\/\/epidermos.com\/ca\/#website","url":"https:\/\/epidermos.com\/ca\/","name":"Epidermos Instituto de dermoest\u00e9tica","description":"Dermatolog\u00eda y Est\u00e9tica","potentialAction":[{"@type":"SearchAction","target":{"@type":"EntryPoint","urlTemplate":"https:\/\/epidermos.com\/ca\/?s={search_term_string}"},"query-input":{"@type":"PropertyValueSpecification","valueRequired":true,"valueName":"search_term_string"}}],"inLanguage":"en-US"}]}},"_links":{"self":[{"href":"https:\/\/epidermos.com\/en\/wp-json\/wp\/v2\/pages\/1832","targetHints":{"allow":["GET"]}}],"collection":[{"href":"https:\/\/epidermos.com\/en\/wp-json\/wp\/v2\/pages"}],"about":[{"href":"https:\/\/epidermos.com\/en\/wp-json\/wp\/v2\/types\/page"}],"author":[{"embeddable":true,"href":"https:\/\/epidermos.com\/en\/wp-json\/wp\/v2\/users\/2"}],"replies":[{"embeddable":true,"href":"https:\/\/epidermos.com\/en\/wp-json\/wp\/v2\/comments?post=1832"}],"version-history":[{"count":2,"href":"https:\/\/epidermos.com\/en\/wp-json\/wp\/v2\/pages\/1832\/revisions"}],"predecessor-version":[{"id":1835,"href":"https:\/\/epidermos.com\/en\/wp-json\/wp\/v2\/pages\/1832\/revisions\/1835"}],"wp:attachment":[{"href":"https:\/\/epidermos.com\/en\/wp-json\/wp\/v2\/media?parent=1832"}],"curies":[{"name":"wp","href":"https:\/\/api.w.org\/{rel}","templated":true}]}}