{"id":1839,"date":"2013-07-26T23:01:15","date_gmt":"2013-07-26T23:01:15","guid":{"rendered":"http:\/\/epidermos.com\/contact-us\/"},"modified":"2024-05-07T16:44:48","modified_gmt":"2024-05-07T16:44:48","slug":"contact-us","status":"publish","type":"page","link":"https:\/\/epidermos.com\/en\/contact-us\/","title":{"rendered":"Contact"},"content":{"rendered":"<div class=\"row\"> <div class=\"col-md-6  \">\n<p style=\"text-align: center;\">\t\t\t<i class=\"icon-location kad-circle-iconclass\" style=\"font-size:56px; display:inline-block; color:#FFF; background:#444;\t\t\t\"><\/i>\n\t\t\t\t\n<h5 style=\"text-align: center;\">You can come see us!<\/h5>\n<p style=\"text-align: center;\">C. Sant Gervasi de Cassoles, 36-38<br \/>\n08022 Barcelona<br \/>\nSpain<\/p>\n<\/div><div class=\"col-md-6  \">\n<p style=\"text-align: center;\">\t\t\t<i class=\"icon-mobile kad-circle-iconclass\" style=\"font-size:56px; display:inline-block; color:#FFF; background:#444;\t\t\t\"><\/i>\n\t\t\t\t\n<h5 style=\"text-align: center;\">or you can call us<\/h5>\n<p style=\"text-align: center;\">Phone: +34 932 124 299<\/p>\n<\/div><\/div>\n","protected":false},"excerpt":{"rendered":"","protected":false},"author":1,"featured_media":0,"parent":0,"menu_order":0,"comment_status":"open","ping_status":"open","template":"page-contact.php","meta":{"kt_blocks_editor_width":"","footnotes":""},"class_list":["post-1839","page","type-page","status-publish","hentry"],"yoast_head":"<!-- This site is optimized with the Yoast SEO plugin v27.4 - https:\/\/yoast.com\/product\/yoast-seo-wordpress\/ -->\n<title>Contact - Epidermos Instituto de dermoest\u00e9tica<\/title>\n<meta name=\"description\" content=\"In Epidermos BCN our dermatologists and plastic surgeons will assist you to respond to your dermatological and aesthetic needs.\" \/>\n<meta name=\"robots\" content=\"index, follow, max-snippet:-1, max-image-preview:large, max-video-preview:-1\" \/>\n<link rel=\"canonical\" href=\"https:\/\/epidermos.com\/en\/contact-us\/\" \/>\n<meta property=\"og:locale\" content=\"en_US\" \/>\n<meta property=\"og:type\" content=\"article\" \/>\n<meta property=\"og:title\" content=\"Contact - Epidermos Instituto de dermoest\u00e9tica\" \/>\n<meta property=\"og:description\" content=\"In Epidermos BCN our dermatologists and plastic surgeons will assist you to respond to your dermatological and aesthetic needs.\" \/>\n<meta property=\"og:url\" content=\"https:\/\/epidermos.com\/en\/contact-us\/\" \/>\n<meta property=\"og:site_name\" content=\"Epidermos Instituto de dermoest\u00e9tica\" \/>\n<meta property=\"article:modified_time\" content=\"2024-05-07T16:44:48+00:00\" \/>\n<meta name=\"twitter:card\" content=\"summary_large_image\" \/>\n<meta name=\"twitter:label1\" content=\"Est. reading time\" \/>\n\t<meta name=\"twitter:data1\" content=\"1 minute\" \/>\n<script type=\"application\/ld+json\" class=\"yoast-schema-graph\">{\"@context\":\"https:\\\/\\\/schema.org\",\"@graph\":[{\"@type\":\"WebPage\",\"@id\":\"https:\\\/\\\/epidermos.com\\\/en\\\/contact-us\\\/\",\"url\":\"https:\\\/\\\/epidermos.com\\\/en\\\/contact-us\\\/\",\"name\":\"Contact - Epidermos Instituto de dermoest\u00e9tica\",\"isPartOf\":{\"@id\":\"https:\\\/\\\/epidermos.com\\\/ca\\\/#website\"},\"datePublished\":\"2013-07-26T23:01:15+00:00\",\"dateModified\":\"2024-05-07T16:44:48+00:00\",\"description\":\"In Epidermos BCN our dermatologists and plastic surgeons will assist you to respond to your dermatological and aesthetic needs.\",\"breadcrumb\":{\"@id\":\"https:\\\/\\\/epidermos.com\\\/en\\\/contact-us\\\/#breadcrumb\"},\"inLanguage\":\"en-US\",\"potentialAction\":[{\"@type\":\"ReadAction\",\"target\":[\"https:\\\/\\\/epidermos.com\\\/en\\\/contact-us\\\/\"]}]},{\"@type\":\"BreadcrumbList\",\"@id\":\"https:\\\/\\\/epidermos.com\\\/en\\\/contact-us\\\/#breadcrumb\",\"itemListElement\":[{\"@type\":\"ListItem\",\"position\":1,\"name\":\"Portada\",\"item\":\"https:\\\/\\\/epidermos.com\\\/en\\\/\"},{\"@type\":\"ListItem\",\"position\":2,\"name\":\"Contact\"}]},{\"@type\":\"WebSite\",\"@id\":\"https:\\\/\\\/epidermos.com\\\/ca\\\/#website\",\"url\":\"https:\\\/\\\/epidermos.com\\\/ca\\\/\",\"name\":\"Epidermos Instituto de dermoest\u00e9tica\",\"description\":\"Dermatolog\u00eda y Est\u00e9tica\",\"potentialAction\":[{\"@type\":\"SearchAction\",\"target\":{\"@type\":\"EntryPoint\",\"urlTemplate\":\"https:\\\/\\\/epidermos.com\\\/ca\\\/?s={search_term_string}\"},\"query-input\":{\"@type\":\"PropertyValueSpecification\",\"valueRequired\":true,\"valueName\":\"search_term_string\"}}],\"inLanguage\":\"en-US\"}]}<\/script>\n<!-- \/ Yoast SEO plugin. -->","yoast_head_json":{"title":"Contact - Epidermos Instituto de dermoest\u00e9tica","description":"In Epidermos BCN our dermatologists and plastic surgeons will assist you to respond to your dermatological and aesthetic needs.","robots":{"index":"index","follow":"follow","max-snippet":"max-snippet:-1","max-image-preview":"max-image-preview:large","max-video-preview":"max-video-preview:-1"},"canonical":"https:\/\/epidermos.com\/en\/contact-us\/","og_locale":"en_US","og_type":"article","og_title":"Contact - Epidermos Instituto de dermoest\u00e9tica","og_description":"In Epidermos BCN our dermatologists and plastic surgeons will assist you to respond to your dermatological and aesthetic needs.","og_url":"https:\/\/epidermos.com\/en\/contact-us\/","og_site_name":"Epidermos Instituto de dermoest\u00e9tica","article_modified_time":"2024-05-07T16:44:48+00:00","twitter_card":"summary_large_image","twitter_misc":{"Est. reading time":"1 minute"},"schema":{"@context":"https:\/\/schema.org","@graph":[{"@type":"WebPage","@id":"https:\/\/epidermos.com\/en\/contact-us\/","url":"https:\/\/epidermos.com\/en\/contact-us\/","name":"Contact - Epidermos Instituto de dermoest\u00e9tica","isPartOf":{"@id":"https:\/\/epidermos.com\/ca\/#website"},"datePublished":"2013-07-26T23:01:15+00:00","dateModified":"2024-05-07T16:44:48+00:00","description":"In Epidermos BCN our dermatologists and plastic surgeons will assist you to respond to your dermatological and aesthetic needs.","breadcrumb":{"@id":"https:\/\/epidermos.com\/en\/contact-us\/#breadcrumb"},"inLanguage":"en-US","potentialAction":[{"@type":"ReadAction","target":["https:\/\/epidermos.com\/en\/contact-us\/"]}]},{"@type":"BreadcrumbList","@id":"https:\/\/epidermos.com\/en\/contact-us\/#breadcrumb","itemListElement":[{"@type":"ListItem","position":1,"name":"Portada","item":"https:\/\/epidermos.com\/en\/"},{"@type":"ListItem","position":2,"name":"Contact"}]},{"@type":"WebSite","@id":"https:\/\/epidermos.com\/ca\/#website","url":"https:\/\/epidermos.com\/ca\/","name":"Epidermos Instituto de dermoest\u00e9tica","description":"Dermatolog\u00eda y Est\u00e9tica","potentialAction":[{"@type":"SearchAction","target":{"@type":"EntryPoint","urlTemplate":"https:\/\/epidermos.com\/ca\/?s={search_term_string}"},"query-input":{"@type":"PropertyValueSpecification","valueRequired":true,"valueName":"search_term_string"}}],"inLanguage":"en-US"}]}},"_links":{"self":[{"href":"https:\/\/epidermos.com\/en\/wp-json\/wp\/v2\/pages\/1839","targetHints":{"allow":["GET"]}}],"collection":[{"href":"https:\/\/epidermos.com\/en\/wp-json\/wp\/v2\/pages"}],"about":[{"href":"https:\/\/epidermos.com\/en\/wp-json\/wp\/v2\/types\/page"}],"author":[{"embeddable":true,"href":"https:\/\/epidermos.com\/en\/wp-json\/wp\/v2\/users\/1"}],"replies":[{"embeddable":true,"href":"https:\/\/epidermos.com\/en\/wp-json\/wp\/v2\/comments?post=1839"}],"version-history":[{"count":4,"href":"https:\/\/epidermos.com\/en\/wp-json\/wp\/v2\/pages\/1839\/revisions"}],"predecessor-version":[{"id":3636,"href":"https:\/\/epidermos.com\/en\/wp-json\/wp\/v2\/pages\/1839\/revisions\/3636"}],"wp:attachment":[{"href":"https:\/\/epidermos.com\/en\/wp-json\/wp\/v2\/media?parent=1839"}],"curies":[{"name":"wp","href":"https:\/\/api.w.org\/{rel}","templated":true}]}}