{"id":1882,"date":"2018-06-05T09:50:11","date_gmt":"2018-06-05T09:50:11","guid":{"rendered":"http:\/\/epidermos.com\/medicina-y-cirugia-estetica\/"},"modified":"2019-03-26T16:06:07","modified_gmt":"2019-03-26T16:06:07","slug":"medicine-and-aesthetic-surgery","status":"publish","type":"page","link":"https:\/\/epidermos.com\/en\/medicine-and-aesthetic-surgery\/","title":{"rendered":"MEDICINE AND AESTHETIC SURGERY"},"content":{"rendered":"<div id=\"pl-1882\"  class=\"panel-layout\" ><div id=\"pg-1882-0\"  class=\"panel-grid panel-no-style\" ><div id=\"pgc-1882-0-0\"  class=\"panel-grid-cell\" ><div id=\"panel-1882-0-0-0\" class=\"so-panel widget widget_sow-image panel-first-child panel-last-child\" data-index=\"0\" ><div class=\"kt-pb-animation kt-pb-fadeIn kt-pb-duration-600 kt-pb-delay-0 panel-widget-style panel-widget-style-for-1882-0-0-0\" ><div\n\t\t\t\n\t\t\tclass=\"so-widget-sow-image so-widget-sow-image-default-8b5b6f678277-1882\"\n\t\t\t\n\t\t>\n<div class=\"sow-image-container\">\n\t\t\t<a href=\"http:\/\/epidermos.com\/en\/facial-treatments\/\"\n\t\t\t\t\t>\n\t\t\t<img \n\tsrc=\"https:\/\/epidermos.com\/wp-content\/uploads\/2019\/02\/FACIAL-TREATMENTS.jpg\" width=\"1400\" height=\"1400\" srcset=\"https:\/\/epidermos.com\/wp-content\/uploads\/2019\/02\/FACIAL-TREATMENTS.jpg 1400w, https:\/\/epidermos.com\/wp-content\/uploads\/2019\/02\/FACIAL-TREATMENTS-150x150.jpg 150w, https:\/\/epidermos.com\/wp-content\/uploads\/2019\/02\/FACIAL-TREATMENTS-300x300.jpg 300w, https:\/\/epidermos.com\/wp-content\/uploads\/2019\/02\/FACIAL-TREATMENTS-768x768.jpg 768w, https:\/\/epidermos.com\/wp-content\/uploads\/2019\/02\/FACIAL-TREATMENTS-1024x1024.jpg 1024w, https:\/\/epidermos.com\/wp-content\/uploads\/2019\/02\/FACIAL-TREATMENTS-456x456.jpg 456w, https:\/\/epidermos.com\/wp-content\/uploads\/2019\/02\/FACIAL-TREATMENTS-100x100.jpg 100w\" sizes=\"(max-width: 1400px) 100vw, 1400px\" alt=\"Tratamientos-faciales\" \t\tclass=\"so-widget-image\"\/>\n\t\t\t<\/a><\/div>\n\n<\/div><\/div><\/div><\/div><div id=\"pgc-1882-0-1\"  class=\"panel-grid-cell\" ><div id=\"panel-1882-0-1-0\" class=\"so-panel widget widget_sow-image panel-first-child panel-last-child\" data-index=\"1\" ><div class=\"kt-pb-animation kt-pb-fadeIn kt-pb-duration-600 kt-pb-delay-300 panel-widget-style panel-widget-style-for-1882-0-1-0\" ><div\n\t\t\t\n\t\t\tclass=\"so-widget-sow-image so-widget-sow-image-default-8b5b6f678277-1882\"\n\t\t\t\n\t\t>\n<div class=\"sow-image-container\">\n\t\t\t<a href=\"http:\/\/epidermos.com\/en\/body-treatments\/\"\n\t\t\t\t\t>\n\t\t\t<img \n\tsrc=\"https:\/\/epidermos.com\/wp-content\/uploads\/2019\/02\/BODY-TREATMENTS.jpg\" width=\"1400\" height=\"1400\" srcset=\"https:\/\/epidermos.com\/wp-content\/uploads\/2019\/02\/BODY-TREATMENTS.jpg 1400w, https:\/\/epidermos.com\/wp-content\/uploads\/2019\/02\/BODY-TREATMENTS-150x150.jpg 150w, https:\/\/epidermos.com\/wp-content\/uploads\/2019\/02\/BODY-TREATMENTS-300x300.jpg 300w, https:\/\/epidermos.com\/wp-content\/uploads\/2019\/02\/BODY-TREATMENTS-768x768.jpg 768w, https:\/\/epidermos.com\/wp-content\/uploads\/2019\/02\/BODY-TREATMENTS-1024x1024.jpg 1024w, https:\/\/epidermos.com\/wp-content\/uploads\/2019\/02\/BODY-TREATMENTS-456x456.jpg 456w, https:\/\/epidermos.com\/wp-content\/uploads\/2019\/02\/BODY-TREATMENTS-100x100.jpg 100w\" sizes=\"(max-width: 1400px) 100vw, 1400px\" alt=\"\" \t\tclass=\"so-widget-image\"\/>\n\t\t\t<\/a><\/div>\n\n<\/div><\/div><\/div><\/div><div id=\"pgc-1882-0-2\"  class=\"panel-grid-cell\" ><div id=\"panel-1882-0-2-0\" class=\"so-panel widget widget_sow-image panel-first-child panel-last-child\" data-index=\"2\" ><div class=\"kt-pb-animation kt-pb-fadeIn kt-pb-duration-600 kt-pb-delay-600 panel-widget-style panel-widget-style-for-1882-0-2-0\" ><div\n\t\t\t\n\t\t\tclass=\"so-widget-sow-image so-widget-sow-image-default-8b5b6f678277-1882\"\n\t\t\t\n\t\t>\n<div class=\"sow-image-container\">\n\t\t\t<a href=\"http:\/\/epidermos.com\/en\/nutrition-and-antiaging\/\"\n\t\t\t\t\t>\n\t\t\t<img \n\tsrc=\"https:\/\/epidermos.com\/wp-content\/uploads\/2019\/02\/NUTRITION-AND-ANTIAGING.jpg\" width=\"1400\" height=\"1400\" srcset=\"https:\/\/epidermos.com\/wp-content\/uploads\/2019\/02\/NUTRITION-AND-ANTIAGING.jpg 1400w, https:\/\/epidermos.com\/wp-content\/uploads\/2019\/02\/NUTRITION-AND-ANTIAGING-150x150.jpg 150w, https:\/\/epidermos.com\/wp-content\/uploads\/2019\/02\/NUTRITION-AND-ANTIAGING-300x300.jpg 300w, https:\/\/epidermos.com\/wp-content\/uploads\/2019\/02\/NUTRITION-AND-ANTIAGING-768x768.jpg 768w, https:\/\/epidermos.com\/wp-content\/uploads\/2019\/02\/NUTRITION-AND-ANTIAGING-1024x1024.jpg 1024w, https:\/\/epidermos.com\/wp-content\/uploads\/2019\/02\/NUTRITION-AND-ANTIAGING-456x456.jpg 456w, https:\/\/epidermos.com\/wp-content\/uploads\/2019\/02\/NUTRITION-AND-ANTIAGING-100x100.jpg 100w\" sizes=\"(max-width: 1400px) 100vw, 1400px\" alt=\"\" \t\tclass=\"so-widget-image\"\/>\n\t\t\t<\/a><\/div>\n\n<\/div><\/div><\/div><\/div><div id=\"pgc-1882-0-3\"  class=\"panel-grid-cell\" ><div id=\"panel-1882-0-3-0\" class=\"so-panel widget widget_sow-image panel-first-child panel-last-child\" data-index=\"3\" ><div class=\"kt-pb-animation kt-pb-fadeIn kt-pb-duration-600 kt-pb-delay-900 panel-widget-style panel-widget-style-for-1882-0-3-0\" ><div\n\t\t\t\n\t\t\tclass=\"so-widget-sow-image so-widget-sow-image-default-8b5b6f678277-1882\"\n\t\t\t\n\t\t>\n<div class=\"sow-image-container\">\n\t\t\t<a href=\"http:\/\/epidermos.com\/en\/personalised-advice-of-cosmetic-products\/\"\n\t\t\t\t\t>\n\t\t\t<img \n\tsrc=\"https:\/\/epidermos.com\/wp-content\/uploads\/2019\/02\/PERSONALISED-ADVICE-OF-COSMETIC-PRODUCTS.jpg\" width=\"1400\" height=\"1400\" srcset=\"https:\/\/epidermos.com\/wp-content\/uploads\/2019\/02\/PERSONALISED-ADVICE-OF-COSMETIC-PRODUCTS.jpg 1400w, https:\/\/epidermos.com\/wp-content\/uploads\/2019\/02\/PERSONALISED-ADVICE-OF-COSMETIC-PRODUCTS-150x150.jpg 150w, https:\/\/epidermos.com\/wp-content\/uploads\/2019\/02\/PERSONALISED-ADVICE-OF-COSMETIC-PRODUCTS-300x300.jpg 300w, https:\/\/epidermos.com\/wp-content\/uploads\/2019\/02\/PERSONALISED-ADVICE-OF-COSMETIC-PRODUCTS-768x768.jpg 768w, https:\/\/epidermos.com\/wp-content\/uploads\/2019\/02\/PERSONALISED-ADVICE-OF-COSMETIC-PRODUCTS-1024x1024.jpg 1024w, https:\/\/epidermos.com\/wp-content\/uploads\/2019\/02\/PERSONALISED-ADVICE-OF-COSMETIC-PRODUCTS-456x456.jpg 456w, https:\/\/epidermos.com\/wp-content\/uploads\/2019\/02\/PERSONALISED-ADVICE-OF-COSMETIC-PRODUCTS-100x100.jpg 100w\" sizes=\"(max-width: 1400px) 100vw, 1400px\" alt=\"\" \t\tclass=\"so-widget-image\"\/>\n\t\t\t<\/a><\/div>\n\n<\/div><\/div><\/div><\/div><\/div><\/div>","protected":false},"excerpt":{"rendered":"","protected":false},"author":2,"featured_media":0,"parent":0,"menu_order":0,"comment_status":"closed","ping_status":"closed","template":"page-fullwidth.php","meta":{"kt_blocks_editor_width":"","footnotes":""},"class_list":["post-1882","page","type-page","status-publish","hentry"],"yoast_head":"<!-- This site is optimized with the Yoast SEO plugin v27.2 - https:\/\/yoast.com\/product\/yoast-seo-wordpress\/ -->\n<title>MEDICINE AND AESTHETIC SURGERY - Epidermos Instituto de dermoest\u00e9tica<\/title>\n<meta name=\"robots\" content=\"index, follow, max-snippet:-1, max-image-preview:large, max-video-preview:-1\" \/>\n<link rel=\"canonical\" href=\"https:\/\/epidermos.com\/en\/medicine-and-aesthetic-surgery\/\" \/>\n<meta property=\"og:locale\" content=\"en_US\" \/>\n<meta property=\"og:type\" content=\"article\" \/>\n<meta property=\"og:title\" content=\"MEDICINE AND AESTHETIC SURGERY - Epidermos Instituto de dermoest\u00e9tica\" \/>\n<meta property=\"og:url\" content=\"https:\/\/epidermos.com\/en\/medicine-and-aesthetic-surgery\/\" \/>\n<meta property=\"og:site_name\" content=\"Epidermos Instituto de dermoest\u00e9tica\" \/>\n<meta property=\"article:modified_time\" content=\"2019-03-26T16:06:07+00:00\" \/>\n<meta name=\"twitter:card\" content=\"summary_large_image\" \/>\n<script type=\"application\/ld+json\" class=\"yoast-schema-graph\">{\"@context\":\"https:\/\/schema.org\",\"@graph\":[{\"@type\":\"WebPage\",\"@id\":\"https:\/\/epidermos.com\/en\/medicine-and-aesthetic-surgery\/\",\"url\":\"https:\/\/epidermos.com\/en\/medicine-and-aesthetic-surgery\/\",\"name\":\"MEDICINE AND AESTHETIC SURGERY - Epidermos Instituto de dermoest\u00e9tica\",\"isPartOf\":{\"@id\":\"https:\/\/epidermos.com\/ca\/#website\"},\"datePublished\":\"2018-06-05T09:50:11+00:00\",\"dateModified\":\"2019-03-26T16:06:07+00:00\",\"breadcrumb\":{\"@id\":\"https:\/\/epidermos.com\/en\/medicine-and-aesthetic-surgery\/#breadcrumb\"},\"inLanguage\":\"en-US\",\"potentialAction\":[{\"@type\":\"ReadAction\",\"target\":[\"https:\/\/epidermos.com\/en\/medicine-and-aesthetic-surgery\/\"]}]},{\"@type\":\"BreadcrumbList\",\"@id\":\"https:\/\/epidermos.com\/en\/medicine-and-aesthetic-surgery\/#breadcrumb\",\"itemListElement\":[{\"@type\":\"ListItem\",\"position\":1,\"name\":\"Portada\",\"item\":\"https:\/\/epidermos.com\/en\/\"},{\"@type\":\"ListItem\",\"position\":2,\"name\":\"MEDICINE AND AESTHETIC SURGERY\"}]},{\"@type\":\"WebSite\",\"@id\":\"https:\/\/epidermos.com\/ca\/#website\",\"url\":\"https:\/\/epidermos.com\/ca\/\",\"name\":\"Epidermos Instituto de dermoest\u00e9tica\",\"description\":\"Dermatolog\u00eda y Est\u00e9tica\",\"potentialAction\":[{\"@type\":\"SearchAction\",\"target\":{\"@type\":\"EntryPoint\",\"urlTemplate\":\"https:\/\/epidermos.com\/ca\/?s={search_term_string}\"},\"query-input\":{\"@type\":\"PropertyValueSpecification\",\"valueRequired\":true,\"valueName\":\"search_term_string\"}}],\"inLanguage\":\"en-US\"}]}<\/script>\n<!-- \/ Yoast SEO plugin. -->","yoast_head_json":{"title":"MEDICINE AND AESTHETIC SURGERY - Epidermos Instituto de dermoest\u00e9tica","robots":{"index":"index","follow":"follow","max-snippet":"max-snippet:-1","max-image-preview":"max-image-preview:large","max-video-preview":"max-video-preview:-1"},"canonical":"https:\/\/epidermos.com\/en\/medicine-and-aesthetic-surgery\/","og_locale":"en_US","og_type":"article","og_title":"MEDICINE AND AESTHETIC SURGERY - Epidermos Instituto de dermoest\u00e9tica","og_url":"https:\/\/epidermos.com\/en\/medicine-and-aesthetic-surgery\/","og_site_name":"Epidermos Instituto de dermoest\u00e9tica","article_modified_time":"2019-03-26T16:06:07+00:00","twitter_card":"summary_large_image","schema":{"@context":"https:\/\/schema.org","@graph":[{"@type":"WebPage","@id":"https:\/\/epidermos.com\/en\/medicine-and-aesthetic-surgery\/","url":"https:\/\/epidermos.com\/en\/medicine-and-aesthetic-surgery\/","name":"MEDICINE AND AESTHETIC SURGERY - Epidermos Instituto de dermoest\u00e9tica","isPartOf":{"@id":"https:\/\/epidermos.com\/ca\/#website"},"datePublished":"2018-06-05T09:50:11+00:00","dateModified":"2019-03-26T16:06:07+00:00","breadcrumb":{"@id":"https:\/\/epidermos.com\/en\/medicine-and-aesthetic-surgery\/#breadcrumb"},"inLanguage":"en-US","potentialAction":[{"@type":"ReadAction","target":["https:\/\/epidermos.com\/en\/medicine-and-aesthetic-surgery\/"]}]},{"@type":"BreadcrumbList","@id":"https:\/\/epidermos.com\/en\/medicine-and-aesthetic-surgery\/#breadcrumb","itemListElement":[{"@type":"ListItem","position":1,"name":"Portada","item":"https:\/\/epidermos.com\/en\/"},{"@type":"ListItem","position":2,"name":"MEDICINE AND AESTHETIC SURGERY"}]},{"@type":"WebSite","@id":"https:\/\/epidermos.com\/ca\/#website","url":"https:\/\/epidermos.com\/ca\/","name":"Epidermos Instituto de dermoest\u00e9tica","description":"Dermatolog\u00eda y Est\u00e9tica","potentialAction":[{"@type":"SearchAction","target":{"@type":"EntryPoint","urlTemplate":"https:\/\/epidermos.com\/ca\/?s={search_term_string}"},"query-input":{"@type":"PropertyValueSpecification","valueRequired":true,"valueName":"search_term_string"}}],"inLanguage":"en-US"}]}},"_links":{"self":[{"href":"https:\/\/epidermos.com\/en\/wp-json\/wp\/v2\/pages\/1882","targetHints":{"allow":["GET"]}}],"collection":[{"href":"https:\/\/epidermos.com\/en\/wp-json\/wp\/v2\/pages"}],"about":[{"href":"https:\/\/epidermos.com\/en\/wp-json\/wp\/v2\/types\/page"}],"author":[{"embeddable":true,"href":"https:\/\/epidermos.com\/en\/wp-json\/wp\/v2\/users\/2"}],"replies":[{"embeddable":true,"href":"https:\/\/epidermos.com\/en\/wp-json\/wp\/v2\/comments?post=1882"}],"version-history":[{"count":16,"href":"https:\/\/epidermos.com\/en\/wp-json\/wp\/v2\/pages\/1882\/revisions"}],"predecessor-version":[{"id":2476,"href":"https:\/\/epidermos.com\/en\/wp-json\/wp\/v2\/pages\/1882\/revisions\/2476"}],"wp:attachment":[{"href":"https:\/\/epidermos.com\/en\/wp-json\/wp\/v2\/media?parent=1882"}],"curies":[{"name":"wp","href":"https:\/\/api.w.org\/{rel}","templated":true}]}}