{"id":1992,"date":"2019-01-29T17:21:45","date_gmt":"2019-01-29T17:21:45","guid":{"rendered":"http:\/\/epidermos.com\/nutricion-y-antiaging\/"},"modified":"2019-06-05T09:26:09","modified_gmt":"2019-06-05T09:26:09","slug":"nutrition-and-antiaging","status":"publish","type":"page","link":"https:\/\/epidermos.com\/en\/medicine-and-aesthetic-surgery\/nutrition-and-antiaging\/","title":{"rendered":"Nutrition and Antiaging"},"content":{"rendered":"<div id=\"pl-1992\"  class=\"panel-layout\" ><div id=\"pg-1992-0\"  class=\"panel-grid panel-no-style\" ><div id=\"pgc-1992-0-0\"  class=\"panel-grid-cell\" ><div id=\"panel-1992-0-0-0\" class=\"so-panel widget widget_media_image panel-first-child panel-last-child\" data-index=\"0\" ><img loading=\"lazy\" decoding=\"async\" width=\"300\" height=\"300\" src=\"https:\/\/epidermos.com\/wp-content\/uploads\/2019\/01\/nutricion_y_dietetica_2.jpg\" class=\"image wp-image-1352  attachment-full size-full\" alt=\"nutricion_y_dietetica\" style=\"max-width: 100%; height: auto;\" srcset=\"https:\/\/epidermos.com\/wp-content\/uploads\/2019\/01\/nutricion_y_dietetica_2.jpg 300w, https:\/\/epidermos.com\/wp-content\/uploads\/2019\/01\/nutricion_y_dietetica_2-150x150.jpg 150w, https:\/\/epidermos.com\/wp-content\/uploads\/2019\/01\/nutricion_y_dietetica_2-100x100.jpg 100w\" sizes=\"auto, (max-width: 300px) 100vw, 300px\" \/><\/div><\/div><div id=\"pgc-1992-0-1\"  class=\"panel-grid-cell\" ><div id=\"panel-1992-0-1-0\" class=\"so-panel widget widget_media_image panel-first-child panel-last-child\" data-index=\"1\" ><img loading=\"lazy\" decoding=\"async\" width=\"300\" height=\"300\" src=\"https:\/\/epidermos.com\/wp-content\/uploads\/2019\/01\/nutricion_y_dietetica_4.jpg\" class=\"image wp-image-1354  attachment-full size-full\" alt=\"nutricion_y_dietetica\" style=\"max-width: 100%; height: auto;\" srcset=\"https:\/\/epidermos.com\/wp-content\/uploads\/2019\/01\/nutricion_y_dietetica_4.jpg 300w, https:\/\/epidermos.com\/wp-content\/uploads\/2019\/01\/nutricion_y_dietetica_4-150x150.jpg 150w, https:\/\/epidermos.com\/wp-content\/uploads\/2019\/01\/nutricion_y_dietetica_4-100x100.jpg 100w\" sizes=\"auto, (max-width: 300px) 100vw, 300px\" \/><\/div><\/div><div id=\"pgc-1992-0-2\"  class=\"panel-grid-cell\" ><div id=\"panel-1992-0-2-0\" class=\"so-panel widget widget_media_image panel-first-child panel-last-child\" data-index=\"2\" ><img loading=\"lazy\" decoding=\"async\" width=\"300\" height=\"300\" src=\"https:\/\/epidermos.com\/wp-content\/uploads\/2019\/01\/nutricion_y_dietetica_3.jpg\" class=\"image wp-image-1353  attachment-full size-full\" alt=\"nutricion_y_dietetica\" style=\"max-width: 100%; height: auto;\" srcset=\"https:\/\/epidermos.com\/wp-content\/uploads\/2019\/01\/nutricion_y_dietetica_3.jpg 300w, https:\/\/epidermos.com\/wp-content\/uploads\/2019\/01\/nutricion_y_dietetica_3-150x150.jpg 150w, https:\/\/epidermos.com\/wp-content\/uploads\/2019\/01\/nutricion_y_dietetica_3-100x100.jpg 100w\" sizes=\"auto, (max-width: 300px) 100vw, 300px\" \/><\/div><\/div><\/div><div id=\"pg-1992-1\"  class=\"panel-grid panel-no-style\" ><div id=\"pgc-1992-1-0\"  class=\"panel-grid-cell\" ><div id=\"panel-1992-1-0-0\" class=\"so-panel widget widget_text panel-first-child panel-last-child\" data-index=\"3\" ><h3 class=\"widget-title\">Nutrition and Antiaging<\/h3>\t\t\t<div class=\"textwidget\"><p>Dietary evaluation and nutritional advice.<\/p>\n<p>Nutrition applied to dermatology (acne, psoriasis, atopy).<\/p>\n<p>Body mesotherapy (cellulite, flaccidity).<\/p>\n<p>Antiaging supplements.<\/p>\n<p>&nbsp;<\/p>\n<h5><a href=\"http:\/\/epidermos.com\/en\/contact-us\/\">GET INFORMED NOW<\/a><\/h5>\n<\/div>\n\t\t<\/div><\/div><\/div><\/div>","protected":false},"excerpt":{"rendered":"<p>Dietary evaluation and nutritional advice. Nutrition applied to dermatology (acne, psoriasis, atopy). Body mesotherapy (cellulite, flaccidity). Antiaging supplements. &nbsp; GET INFORMED NOW<\/p>\n","protected":false},"author":2,"featured_media":0,"parent":1882,"menu_order":0,"comment_status":"closed","ping_status":"closed","template":"page-fullwidth.php","meta":{"kt_blocks_editor_width":"","footnotes":""},"class_list":["post-1992","page","type-page","status-publish","hentry"],"yoast_head":"<!-- This site is optimized with the Yoast SEO plugin v27.2 - https:\/\/yoast.com\/product\/yoast-seo-wordpress\/ -->\n<title>Nutrition and Antiaging - Epidermos Instituto de dermoest\u00e9tica<\/title>\n<meta name=\"description\" content=\"Dietary evaluation and nutritional advice. Nutrition applied to dermatology (acne, psoriasis, atopy). Body mesotherapy (cellulite, flaccidity) ...\" \/>\n<meta name=\"robots\" content=\"index, follow, max-snippet:-1, max-image-preview:large, max-video-preview:-1\" \/>\n<link rel=\"canonical\" href=\"https:\/\/epidermos.com\/en\/medicine-and-aesthetic-surgery\/nutrition-and-antiaging\/\" \/>\n<meta property=\"og:locale\" content=\"en_US\" \/>\n<meta property=\"og:type\" content=\"article\" \/>\n<meta property=\"og:title\" content=\"Nutrition and Antiaging - Epidermos Instituto de dermoest\u00e9tica\" \/>\n<meta property=\"og:description\" content=\"Dietary evaluation and nutritional advice. Nutrition applied to dermatology (acne, psoriasis, atopy). Body mesotherapy (cellulite, flaccidity) ...\" \/>\n<meta property=\"og:url\" content=\"https:\/\/epidermos.com\/en\/medicine-and-aesthetic-surgery\/nutrition-and-antiaging\/\" \/>\n<meta property=\"og:site_name\" content=\"Epidermos Instituto de dermoest\u00e9tica\" \/>\n<meta property=\"article:modified_time\" content=\"2019-06-05T09:26:09+00:00\" \/>\n<meta name=\"twitter:card\" content=\"summary_large_image\" \/>\n<script type=\"application\/ld+json\" class=\"yoast-schema-graph\">{\"@context\":\"https:\/\/schema.org\",\"@graph\":[{\"@type\":\"WebPage\",\"@id\":\"https:\/\/epidermos.com\/en\/medicine-and-aesthetic-surgery\/nutrition-and-antiaging\/\",\"url\":\"https:\/\/epidermos.com\/en\/medicine-and-aesthetic-surgery\/nutrition-and-antiaging\/\",\"name\":\"Nutrition and Antiaging - Epidermos Instituto de dermoest\u00e9tica\",\"isPartOf\":{\"@id\":\"https:\/\/epidermos.com\/ca\/#website\"},\"datePublished\":\"2019-01-29T17:21:45+00:00\",\"dateModified\":\"2019-06-05T09:26:09+00:00\",\"description\":\"Dietary evaluation and nutritional advice. Nutrition applied to dermatology (acne, psoriasis, atopy). Body mesotherapy (cellulite, flaccidity) ...\",\"breadcrumb\":{\"@id\":\"https:\/\/epidermos.com\/en\/medicine-and-aesthetic-surgery\/nutrition-and-antiaging\/#breadcrumb\"},\"inLanguage\":\"en-US\",\"potentialAction\":[{\"@type\":\"ReadAction\",\"target\":[\"https:\/\/epidermos.com\/en\/medicine-and-aesthetic-surgery\/nutrition-and-antiaging\/\"]}]},{\"@type\":\"BreadcrumbList\",\"@id\":\"https:\/\/epidermos.com\/en\/medicine-and-aesthetic-surgery\/nutrition-and-antiaging\/#breadcrumb\",\"itemListElement\":[{\"@type\":\"ListItem\",\"position\":1,\"name\":\"Portada\",\"item\":\"https:\/\/epidermos.com\/en\/\"},{\"@type\":\"ListItem\",\"position\":2,\"name\":\"MEDICINE AND AESTHETIC SURGERY\",\"item\":\"https:\/\/epidermos.com\/en\/medicine-and-aesthetic-surgery\/\"},{\"@type\":\"ListItem\",\"position\":3,\"name\":\"Nutrition and Antiaging\"}]},{\"@type\":\"WebSite\",\"@id\":\"https:\/\/epidermos.com\/ca\/#website\",\"url\":\"https:\/\/epidermos.com\/ca\/\",\"name\":\"Epidermos Instituto de dermoest\u00e9tica\",\"description\":\"Dermatolog\u00eda y Est\u00e9tica\",\"potentialAction\":[{\"@type\":\"SearchAction\",\"target\":{\"@type\":\"EntryPoint\",\"urlTemplate\":\"https:\/\/epidermos.com\/ca\/?s={search_term_string}\"},\"query-input\":{\"@type\":\"PropertyValueSpecification\",\"valueRequired\":true,\"valueName\":\"search_term_string\"}}],\"inLanguage\":\"en-US\"}]}<\/script>\n<!-- \/ Yoast SEO plugin. -->","yoast_head_json":{"title":"Nutrition and Antiaging - Epidermos Instituto de dermoest\u00e9tica","description":"Dietary evaluation and nutritional advice. Nutrition applied to dermatology (acne, psoriasis, atopy). Body mesotherapy (cellulite, flaccidity) ...","robots":{"index":"index","follow":"follow","max-snippet":"max-snippet:-1","max-image-preview":"max-image-preview:large","max-video-preview":"max-video-preview:-1"},"canonical":"https:\/\/epidermos.com\/en\/medicine-and-aesthetic-surgery\/nutrition-and-antiaging\/","og_locale":"en_US","og_type":"article","og_title":"Nutrition and Antiaging - Epidermos Instituto de dermoest\u00e9tica","og_description":"Dietary evaluation and nutritional advice. Nutrition applied to dermatology (acne, psoriasis, atopy). Body mesotherapy (cellulite, flaccidity) ...","og_url":"https:\/\/epidermos.com\/en\/medicine-and-aesthetic-surgery\/nutrition-and-antiaging\/","og_site_name":"Epidermos Instituto de dermoest\u00e9tica","article_modified_time":"2019-06-05T09:26:09+00:00","twitter_card":"summary_large_image","schema":{"@context":"https:\/\/schema.org","@graph":[{"@type":"WebPage","@id":"https:\/\/epidermos.com\/en\/medicine-and-aesthetic-surgery\/nutrition-and-antiaging\/","url":"https:\/\/epidermos.com\/en\/medicine-and-aesthetic-surgery\/nutrition-and-antiaging\/","name":"Nutrition and Antiaging - Epidermos Instituto de dermoest\u00e9tica","isPartOf":{"@id":"https:\/\/epidermos.com\/ca\/#website"},"datePublished":"2019-01-29T17:21:45+00:00","dateModified":"2019-06-05T09:26:09+00:00","description":"Dietary evaluation and nutritional advice. Nutrition applied to dermatology (acne, psoriasis, atopy). Body mesotherapy (cellulite, flaccidity) ...","breadcrumb":{"@id":"https:\/\/epidermos.com\/en\/medicine-and-aesthetic-surgery\/nutrition-and-antiaging\/#breadcrumb"},"inLanguage":"en-US","potentialAction":[{"@type":"ReadAction","target":["https:\/\/epidermos.com\/en\/medicine-and-aesthetic-surgery\/nutrition-and-antiaging\/"]}]},{"@type":"BreadcrumbList","@id":"https:\/\/epidermos.com\/en\/medicine-and-aesthetic-surgery\/nutrition-and-antiaging\/#breadcrumb","itemListElement":[{"@type":"ListItem","position":1,"name":"Portada","item":"https:\/\/epidermos.com\/en\/"},{"@type":"ListItem","position":2,"name":"MEDICINE AND AESTHETIC SURGERY","item":"https:\/\/epidermos.com\/en\/medicine-and-aesthetic-surgery\/"},{"@type":"ListItem","position":3,"name":"Nutrition and Antiaging"}]},{"@type":"WebSite","@id":"https:\/\/epidermos.com\/ca\/#website","url":"https:\/\/epidermos.com\/ca\/","name":"Epidermos Instituto de dermoest\u00e9tica","description":"Dermatolog\u00eda y Est\u00e9tica","potentialAction":[{"@type":"SearchAction","target":{"@type":"EntryPoint","urlTemplate":"https:\/\/epidermos.com\/ca\/?s={search_term_string}"},"query-input":{"@type":"PropertyValueSpecification","valueRequired":true,"valueName":"search_term_string"}}],"inLanguage":"en-US"}]}},"_links":{"self":[{"href":"https:\/\/epidermos.com\/en\/wp-json\/wp\/v2\/pages\/1992","targetHints":{"allow":["GET"]}}],"collection":[{"href":"https:\/\/epidermos.com\/en\/wp-json\/wp\/v2\/pages"}],"about":[{"href":"https:\/\/epidermos.com\/en\/wp-json\/wp\/v2\/types\/page"}],"author":[{"embeddable":true,"href":"https:\/\/epidermos.com\/en\/wp-json\/wp\/v2\/users\/2"}],"replies":[{"embeddable":true,"href":"https:\/\/epidermos.com\/en\/wp-json\/wp\/v2\/comments?post=1992"}],"version-history":[{"count":12,"href":"https:\/\/epidermos.com\/en\/wp-json\/wp\/v2\/pages\/1992\/revisions"}],"predecessor-version":[{"id":2998,"href":"https:\/\/epidermos.com\/en\/wp-json\/wp\/v2\/pages\/1992\/revisions\/2998"}],"up":[{"embeddable":true,"href":"https:\/\/epidermos.com\/en\/wp-json\/wp\/v2\/pages\/1882"}],"wp:attachment":[{"href":"https:\/\/epidermos.com\/en\/wp-json\/wp\/v2\/media?parent=1992"}],"curies":[{"name":"wp","href":"https:\/\/api.w.org\/{rel}","templated":true}]}}