{"id":1999,"date":"2019-01-29T17:54:43","date_gmt":"2019-01-29T17:54:43","guid":{"rendered":"http:\/\/epidermos.com\/asesoramiento-personalizado-de-productos-cosmeticos\/"},"modified":"2019-06-05T09:28:38","modified_gmt":"2019-06-05T09:28:38","slug":"personalised-advice-of-cosmetic-products","status":"publish","type":"page","link":"https:\/\/epidermos.com\/en\/medicine-and-aesthetic-surgery\/personalised-advice-of-cosmetic-products\/","title":{"rendered":"Personalised advice of cosmetic products"},"content":{"rendered":"<div id=\"pl-1999\"  class=\"panel-layout\" ><div id=\"pg-1999-0\"  class=\"panel-grid panel-no-style\" ><div id=\"pgc-1999-0-0\"  class=\"panel-grid-cell\" ><div id=\"panel-1999-0-0-0\" class=\"so-panel widget widget_media_image panel-first-child panel-last-child\" data-index=\"0\" ><img loading=\"lazy\" decoding=\"async\" width=\"341\" height=\"300\" src=\"https:\/\/epidermos.com\/wp-content\/uploads\/2019\/01\/asesoramiento1.jpg\" class=\"image wp-image-1363  attachment-full size-full\" alt=\"asesoramiento\" style=\"max-width: 100%; height: auto;\" srcset=\"https:\/\/epidermos.com\/wp-content\/uploads\/2019\/01\/asesoramiento1.jpg 341w, https:\/\/epidermos.com\/wp-content\/uploads\/2019\/01\/asesoramiento1-300x264.jpg 300w\" sizes=\"auto, (max-width: 341px) 100vw, 341px\" \/><\/div><\/div><div id=\"pgc-1999-0-1\"  class=\"panel-grid-cell\" ><div id=\"panel-1999-0-1-0\" class=\"so-panel widget widget_media_image panel-first-child panel-last-child\" data-index=\"1\" ><img loading=\"lazy\" decoding=\"async\" width=\"300\" height=\"300\" src=\"https:\/\/epidermos.com\/wp-content\/uploads\/2019\/01\/asesoramiento2.jpg\" class=\"image wp-image-1366  attachment-full size-full\" alt=\"asesoramiento\" style=\"max-width: 100%; height: auto;\" srcset=\"https:\/\/epidermos.com\/wp-content\/uploads\/2019\/01\/asesoramiento2.jpg 300w, https:\/\/epidermos.com\/wp-content\/uploads\/2019\/01\/asesoramiento2-150x150.jpg 150w, https:\/\/epidermos.com\/wp-content\/uploads\/2019\/01\/asesoramiento2-100x100.jpg 100w\" sizes=\"auto, (max-width: 300px) 100vw, 300px\" \/><\/div><\/div><div id=\"pgc-1999-0-2\"  class=\"panel-grid-cell\" ><div id=\"panel-1999-0-2-0\" class=\"so-panel widget widget_media_image panel-first-child panel-last-child\" data-index=\"2\" ><img loading=\"lazy\" decoding=\"async\" width=\"300\" height=\"300\" src=\"https:\/\/epidermos.com\/wp-content\/uploads\/2019\/01\/nutricion_y_dietetica_3.jpg\" class=\"image wp-image-1353  attachment-full size-full\" alt=\"nutricion_y_dietetica\" style=\"max-width: 100%; height: auto;\" srcset=\"https:\/\/epidermos.com\/wp-content\/uploads\/2019\/01\/nutricion_y_dietetica_3.jpg 300w, https:\/\/epidermos.com\/wp-content\/uploads\/2019\/01\/nutricion_y_dietetica_3-150x150.jpg 150w, https:\/\/epidermos.com\/wp-content\/uploads\/2019\/01\/nutricion_y_dietetica_3-100x100.jpg 100w\" sizes=\"auto, (max-width: 300px) 100vw, 300px\" \/><\/div><\/div><\/div><div id=\"pg-1999-1\"  class=\"panel-grid panel-no-style\" ><div id=\"pgc-1999-1-0\"  class=\"panel-grid-cell\" ><div id=\"panel-1999-1-0-0\" class=\"so-panel widget widget_text panel-first-child panel-last-child\" data-index=\"3\" ><h3 class=\"widget-title\">Personalized advice on cosmetic products<\/h3>\t\t\t<div class=\"textwidget\"><p>From epidermos access to the range of revolutionary creams today with presonalizado advice. High performance creams under the supervision of specialists. Our products are at another level and are only sold under prescription.<\/p>\n<ul>\n<li>Our doctors analyze the needs of your skin, how to reduce their needs and how to enhance their qualities.<\/li>\n<li>The goal is to achieve a skin that is <strong>healthy and beautiful<\/strong> at the same time.<\/li>\n<li>Medical cosmetics is based on applying the scientific knowledge of the field of dermatology to make anti-aging creams and cosmetic products more effective.<\/li>\n<li>You will have exclusive products such as Dr. Obagi&#8217;s comprehensive cosmetic treatment line (<strong>ZO Medical and ZO Skin Health<\/strong>).<\/li>\n<li>Exclusive <strong>online store<\/strong> with restricted access only under the supervision of professionals.<\/li>\n<li>Epidermos is the pioneer bridge between Beverly Hills and Barcelona.<\/li>\n<li>Facial creams anti-aging, anti-wrinkle, anti-stain for all skin types.<\/li>\n<\/ul>\n<p>Request a personalized appointment now and check the effectiveness of our products.<\/p>\n<h5><a href=\"http:\/\/epidermos.com\/en\/contact-us\/\">GET INFORMED NOW<\/a><\/h5>\n<\/div>\n\t\t<\/div><\/div><\/div><\/div>","protected":false},"excerpt":{"rendered":"<p>From epidermos access to the range of revolutionary creams today with presonalizado advice. High performance creams under the supervision of specialists. Our products are at another level and are only sold under prescription. Our doctors analyze the needs of your &hellip; <a class=\"kt-excerpt-readmore\" href=\"https:\/\/epidermos.com\/en\/medicine-and-aesthetic-surgery\/personalised-advice-of-cosmetic-products\/\" aria-label=\"Personalised advice of cosmetic products\">Read More<\/a><\/p>\n","protected":false},"author":2,"featured_media":0,"parent":1882,"menu_order":0,"comment_status":"closed","ping_status":"closed","template":"page-fullwidth.php","meta":{"kt_blocks_editor_width":"","footnotes":""},"class_list":["post-1999","page","type-page","status-publish","hentry"],"yoast_head":"<!-- This site is optimized with the Yoast SEO plugin v27.2 - https:\/\/yoast.com\/product\/yoast-seo-wordpress\/ -->\n<title>Personalised advice of cosmetic products - Epidermos Instituto de dermoest\u00e9tica<\/title>\n<meta name=\"description\" content=\"Medical cosmetics is based on applying the scientific knowledge of the field of dermatology to make creams and cosmetic products more effective.\" \/>\n<meta name=\"robots\" content=\"index, follow, max-snippet:-1, max-image-preview:large, max-video-preview:-1\" \/>\n<link rel=\"canonical\" href=\"https:\/\/epidermos.com\/en\/medicine-and-aesthetic-surgery\/personalised-advice-of-cosmetic-products\/\" \/>\n<meta property=\"og:locale\" content=\"en_US\" \/>\n<meta property=\"og:type\" content=\"article\" \/>\n<meta property=\"og:title\" content=\"Personalised advice of cosmetic products - Epidermos Instituto de dermoest\u00e9tica\" \/>\n<meta property=\"og:description\" content=\"Medical cosmetics is based on applying the scientific knowledge of the field of dermatology to make creams and cosmetic products more effective.\" \/>\n<meta property=\"og:url\" content=\"https:\/\/epidermos.com\/en\/medicine-and-aesthetic-surgery\/personalised-advice-of-cosmetic-products\/\" \/>\n<meta property=\"og:site_name\" content=\"Epidermos Instituto de dermoest\u00e9tica\" \/>\n<meta property=\"article:modified_time\" content=\"2019-06-05T09:28:38+00:00\" \/>\n<meta name=\"twitter:card\" content=\"summary_large_image\" \/>\n<meta name=\"twitter:label1\" content=\"Est. reading time\" \/>\n\t<meta name=\"twitter:data1\" content=\"1 minute\" \/>\n<script type=\"application\/ld+json\" class=\"yoast-schema-graph\">{\"@context\":\"https:\/\/schema.org\",\"@graph\":[{\"@type\":\"WebPage\",\"@id\":\"https:\/\/epidermos.com\/en\/medicine-and-aesthetic-surgery\/personalised-advice-of-cosmetic-products\/\",\"url\":\"https:\/\/epidermos.com\/en\/medicine-and-aesthetic-surgery\/personalised-advice-of-cosmetic-products\/\",\"name\":\"Personalised advice of cosmetic products - Epidermos Instituto de dermoest\u00e9tica\",\"isPartOf\":{\"@id\":\"https:\/\/epidermos.com\/ca\/#website\"},\"datePublished\":\"2019-01-29T17:54:43+00:00\",\"dateModified\":\"2019-06-05T09:28:38+00:00\",\"description\":\"Medical cosmetics is based on applying the scientific knowledge of the field of dermatology to make creams and cosmetic products more effective.\",\"breadcrumb\":{\"@id\":\"https:\/\/epidermos.com\/en\/medicine-and-aesthetic-surgery\/personalised-advice-of-cosmetic-products\/#breadcrumb\"},\"inLanguage\":\"en-US\",\"potentialAction\":[{\"@type\":\"ReadAction\",\"target\":[\"https:\/\/epidermos.com\/en\/medicine-and-aesthetic-surgery\/personalised-advice-of-cosmetic-products\/\"]}]},{\"@type\":\"BreadcrumbList\",\"@id\":\"https:\/\/epidermos.com\/en\/medicine-and-aesthetic-surgery\/personalised-advice-of-cosmetic-products\/#breadcrumb\",\"itemListElement\":[{\"@type\":\"ListItem\",\"position\":1,\"name\":\"Portada\",\"item\":\"https:\/\/epidermos.com\/en\/\"},{\"@type\":\"ListItem\",\"position\":2,\"name\":\"MEDICINE AND AESTHETIC SURGERY\",\"item\":\"https:\/\/epidermos.com\/en\/medicine-and-aesthetic-surgery\/\"},{\"@type\":\"ListItem\",\"position\":3,\"name\":\"Personalised advice of cosmetic products\"}]},{\"@type\":\"WebSite\",\"@id\":\"https:\/\/epidermos.com\/ca\/#website\",\"url\":\"https:\/\/epidermos.com\/ca\/\",\"name\":\"Epidermos Instituto de dermoest\u00e9tica\",\"description\":\"Dermatolog\u00eda y Est\u00e9tica\",\"potentialAction\":[{\"@type\":\"SearchAction\",\"target\":{\"@type\":\"EntryPoint\",\"urlTemplate\":\"https:\/\/epidermos.com\/ca\/?s={search_term_string}\"},\"query-input\":{\"@type\":\"PropertyValueSpecification\",\"valueRequired\":true,\"valueName\":\"search_term_string\"}}],\"inLanguage\":\"en-US\"}]}<\/script>\n<!-- \/ Yoast SEO plugin. -->","yoast_head_json":{"title":"Personalised advice of cosmetic products - Epidermos Instituto de dermoest\u00e9tica","description":"Medical cosmetics is based on applying the scientific knowledge of the field of dermatology to make creams and cosmetic products more effective.","robots":{"index":"index","follow":"follow","max-snippet":"max-snippet:-1","max-image-preview":"max-image-preview:large","max-video-preview":"max-video-preview:-1"},"canonical":"https:\/\/epidermos.com\/en\/medicine-and-aesthetic-surgery\/personalised-advice-of-cosmetic-products\/","og_locale":"en_US","og_type":"article","og_title":"Personalised advice of cosmetic products - Epidermos Instituto de dermoest\u00e9tica","og_description":"Medical cosmetics is based on applying the scientific knowledge of the field of dermatology to make creams and cosmetic products more effective.","og_url":"https:\/\/epidermos.com\/en\/medicine-and-aesthetic-surgery\/personalised-advice-of-cosmetic-products\/","og_site_name":"Epidermos Instituto de dermoest\u00e9tica","article_modified_time":"2019-06-05T09:28:38+00:00","twitter_card":"summary_large_image","twitter_misc":{"Est. reading time":"1 minute"},"schema":{"@context":"https:\/\/schema.org","@graph":[{"@type":"WebPage","@id":"https:\/\/epidermos.com\/en\/medicine-and-aesthetic-surgery\/personalised-advice-of-cosmetic-products\/","url":"https:\/\/epidermos.com\/en\/medicine-and-aesthetic-surgery\/personalised-advice-of-cosmetic-products\/","name":"Personalised advice of cosmetic products - Epidermos Instituto de dermoest\u00e9tica","isPartOf":{"@id":"https:\/\/epidermos.com\/ca\/#website"},"datePublished":"2019-01-29T17:54:43+00:00","dateModified":"2019-06-05T09:28:38+00:00","description":"Medical cosmetics is based on applying the scientific knowledge of the field of dermatology to make creams and cosmetic products more effective.","breadcrumb":{"@id":"https:\/\/epidermos.com\/en\/medicine-and-aesthetic-surgery\/personalised-advice-of-cosmetic-products\/#breadcrumb"},"inLanguage":"en-US","potentialAction":[{"@type":"ReadAction","target":["https:\/\/epidermos.com\/en\/medicine-and-aesthetic-surgery\/personalised-advice-of-cosmetic-products\/"]}]},{"@type":"BreadcrumbList","@id":"https:\/\/epidermos.com\/en\/medicine-and-aesthetic-surgery\/personalised-advice-of-cosmetic-products\/#breadcrumb","itemListElement":[{"@type":"ListItem","position":1,"name":"Portada","item":"https:\/\/epidermos.com\/en\/"},{"@type":"ListItem","position":2,"name":"MEDICINE AND AESTHETIC SURGERY","item":"https:\/\/epidermos.com\/en\/medicine-and-aesthetic-surgery\/"},{"@type":"ListItem","position":3,"name":"Personalised advice of cosmetic products"}]},{"@type":"WebSite","@id":"https:\/\/epidermos.com\/ca\/#website","url":"https:\/\/epidermos.com\/ca\/","name":"Epidermos Instituto de dermoest\u00e9tica","description":"Dermatolog\u00eda y Est\u00e9tica","potentialAction":[{"@type":"SearchAction","target":{"@type":"EntryPoint","urlTemplate":"https:\/\/epidermos.com\/ca\/?s={search_term_string}"},"query-input":{"@type":"PropertyValueSpecification","valueRequired":true,"valueName":"search_term_string"}}],"inLanguage":"en-US"}]}},"_links":{"self":[{"href":"https:\/\/epidermos.com\/en\/wp-json\/wp\/v2\/pages\/1999","targetHints":{"allow":["GET"]}}],"collection":[{"href":"https:\/\/epidermos.com\/en\/wp-json\/wp\/v2\/pages"}],"about":[{"href":"https:\/\/epidermos.com\/en\/wp-json\/wp\/v2\/types\/page"}],"author":[{"embeddable":true,"href":"https:\/\/epidermos.com\/en\/wp-json\/wp\/v2\/users\/2"}],"replies":[{"embeddable":true,"href":"https:\/\/epidermos.com\/en\/wp-json\/wp\/v2\/comments?post=1999"}],"version-history":[{"count":11,"href":"https:\/\/epidermos.com\/en\/wp-json\/wp\/v2\/pages\/1999\/revisions"}],"predecessor-version":[{"id":3004,"href":"https:\/\/epidermos.com\/en\/wp-json\/wp\/v2\/pages\/1999\/revisions\/3004"}],"up":[{"embeddable":true,"href":"https:\/\/epidermos.com\/en\/wp-json\/wp\/v2\/pages\/1882"}],"wp:attachment":[{"href":"https:\/\/epidermos.com\/en\/wp-json\/wp\/v2\/media?parent=1999"}],"curies":[{"name":"wp","href":"https:\/\/api.w.org\/{rel}","templated":true}]}}