{"id":2057,"date":"2018-06-04T15:42:43","date_gmt":"2018-06-04T15:42:43","guid":{"rendered":"http:\/\/epidermos.com\/tienda-online\/"},"modified":"2019-06-04T14:39:59","modified_gmt":"2019-06-04T14:39:59","slug":"online-store","status":"publish","type":"page","link":"https:\/\/epidermos.com\/en\/online-store\/","title":{"rendered":"Online Store"},"content":{"rendered":"<div id=\"pl-2057\"  class=\"panel-layout\" ><div id=\"pg-2057-0\"  class=\"panel-grid panel-no-style\" ><div id=\"pgc-2057-0-0\"  class=\"panel-grid-cell\" ><div id=\"panel-2057-0-0-0\" class=\"so-panel widget widget_media_image panel-first-child panel-last-child\" data-index=\"0\" ><img loading=\"lazy\" decoding=\"async\" width=\"1800\" height=\"501\" src=\"https:\/\/epidermos.com\/wp-content\/uploads\/2018\/06\/img_tienda_online.jpg\" class=\"image wp-image-890  attachment-full size-full\" alt=\"tienda_online\" style=\"max-width: 100%; height: auto;\" srcset=\"https:\/\/epidermos.com\/wp-content\/uploads\/2018\/06\/img_tienda_online.jpg 1800w, https:\/\/epidermos.com\/wp-content\/uploads\/2018\/06\/img_tienda_online-300x84.jpg 300w, https:\/\/epidermos.com\/wp-content\/uploads\/2018\/06\/img_tienda_online-768x214.jpg 768w, https:\/\/epidermos.com\/wp-content\/uploads\/2018\/06\/img_tienda_online-1024x285.jpg 1024w\" sizes=\"auto, (max-width: 1800px) 100vw, 1800px\" \/><\/div><\/div><\/div><div id=\"pg-2057-1\"  class=\"panel-grid panel-no-style\" ><div id=\"pgc-2057-1-0\"  class=\"panel-grid-cell\" ><div id=\"panel-2057-1-0-0\" class=\"so-panel widget widget_text panel-first-child panel-last-child\" data-index=\"1\" >\t\t\t<div class=\"textwidget\"><h2>In our online store you can get the most exclusive in Dermocosmetics.<br \/>\nFrom the best cleansers, moisturizers, anti-aging creams and scrubs to heal your skin leaving it more beautiful than ever.<\/h2>\n<h5>To obtain these products it is necessary a prior evaluation by our team of specialist dermatologists in dermocosmetics. Once the assessment has been carried out, they will provide a code that will allow you to buy the right products in your case.<\/h5>\n<p>&nbsp;<\/p>\n<h2><strong><a href=\"https:\/\/clinicstore.es\" target=\"_blank\" rel=\"noopener\">ENTER STORE<\/a><\/strong><\/h2>\n<\/div>\n\t\t<\/div><\/div><\/div><\/div>","protected":false},"excerpt":{"rendered":"<p>In our online store you can get the most exclusive in Dermocosmetics. From the best cleansers, moisturizers, anti-aging creams and scrubs to heal your skin leaving it more beautiful than ever. To obtain these products it is necessary a prior &hellip; <a class=\"kt-excerpt-readmore\" href=\"https:\/\/epidermos.com\/en\/online-store\/\" aria-label=\"Online Store\">Read More<\/a><\/p>\n","protected":false},"author":2,"featured_media":0,"parent":0,"menu_order":0,"comment_status":"closed","ping_status":"closed","template":"page-fullwidth.php","meta":{"kt_blocks_editor_width":"","footnotes":""},"class_list":["post-2057","page","type-page","status-publish","hentry"],"yoast_head":"<!-- This site is optimized with the Yoast SEO plugin v27.2 - https:\/\/yoast.com\/product\/yoast-seo-wordpress\/ -->\n<title>Online Store - Epidermos Instituto de dermoest\u00e9tica<\/title>\n<meta name=\"description\" content=\"Get the most exclusive products in dermosest\u00e9tica: Cleaning products, moisturizers and exfoliants, creams to cleanse your skin ...\" \/>\n<meta name=\"robots\" content=\"index, follow, max-snippet:-1, max-image-preview:large, max-video-preview:-1\" \/>\n<link rel=\"canonical\" href=\"https:\/\/epidermos.com\/en\/online-store\/\" \/>\n<meta property=\"og:locale\" content=\"en_US\" \/>\n<meta property=\"og:type\" content=\"article\" \/>\n<meta property=\"og:title\" content=\"Online Store - Epidermos Instituto de dermoest\u00e9tica\" \/>\n<meta property=\"og:description\" content=\"Get the most exclusive products in dermosest\u00e9tica: Cleaning products, moisturizers and exfoliants, creams to cleanse your skin ...\" \/>\n<meta property=\"og:url\" content=\"https:\/\/epidermos.com\/en\/online-store\/\" \/>\n<meta property=\"og:site_name\" content=\"Epidermos Instituto de dermoest\u00e9tica\" \/>\n<meta property=\"article:modified_time\" content=\"2019-06-04T14:39:59+00:00\" \/>\n<meta name=\"twitter:card\" content=\"summary_large_image\" \/>\n<script type=\"application\/ld+json\" class=\"yoast-schema-graph\">{\"@context\":\"https:\/\/schema.org\",\"@graph\":[{\"@type\":\"WebPage\",\"@id\":\"https:\/\/epidermos.com\/en\/online-store\/\",\"url\":\"https:\/\/epidermos.com\/en\/online-store\/\",\"name\":\"Online Store - Epidermos Instituto de dermoest\u00e9tica\",\"isPartOf\":{\"@id\":\"https:\/\/epidermos.com\/ca\/#website\"},\"datePublished\":\"2018-06-04T15:42:43+00:00\",\"dateModified\":\"2019-06-04T14:39:59+00:00\",\"description\":\"Get the most exclusive products in dermosest\u00e9tica: Cleaning products, moisturizers and exfoliants, creams to cleanse your skin ...\",\"breadcrumb\":{\"@id\":\"https:\/\/epidermos.com\/en\/online-store\/#breadcrumb\"},\"inLanguage\":\"en-US\",\"potentialAction\":[{\"@type\":\"ReadAction\",\"target\":[\"https:\/\/epidermos.com\/en\/online-store\/\"]}]},{\"@type\":\"BreadcrumbList\",\"@id\":\"https:\/\/epidermos.com\/en\/online-store\/#breadcrumb\",\"itemListElement\":[{\"@type\":\"ListItem\",\"position\":1,\"name\":\"Portada\",\"item\":\"https:\/\/epidermos.com\/en\/\"},{\"@type\":\"ListItem\",\"position\":2,\"name\":\"Online Store\"}]},{\"@type\":\"WebSite\",\"@id\":\"https:\/\/epidermos.com\/ca\/#website\",\"url\":\"https:\/\/epidermos.com\/ca\/\",\"name\":\"Epidermos Instituto de dermoest\u00e9tica\",\"description\":\"Dermatolog\u00eda y Est\u00e9tica\",\"potentialAction\":[{\"@type\":\"SearchAction\",\"target\":{\"@type\":\"EntryPoint\",\"urlTemplate\":\"https:\/\/epidermos.com\/ca\/?s={search_term_string}\"},\"query-input\":{\"@type\":\"PropertyValueSpecification\",\"valueRequired\":true,\"valueName\":\"search_term_string\"}}],\"inLanguage\":\"en-US\"}]}<\/script>\n<!-- \/ Yoast SEO plugin. -->","yoast_head_json":{"title":"Online Store - Epidermos Instituto de dermoest\u00e9tica","description":"Get the most exclusive products in dermosest\u00e9tica: Cleaning products, moisturizers and exfoliants, creams to cleanse your skin ...","robots":{"index":"index","follow":"follow","max-snippet":"max-snippet:-1","max-image-preview":"max-image-preview:large","max-video-preview":"max-video-preview:-1"},"canonical":"https:\/\/epidermos.com\/en\/online-store\/","og_locale":"en_US","og_type":"article","og_title":"Online Store - Epidermos Instituto de dermoest\u00e9tica","og_description":"Get the most exclusive products in dermosest\u00e9tica: Cleaning products, moisturizers and exfoliants, creams to cleanse your skin ...","og_url":"https:\/\/epidermos.com\/en\/online-store\/","og_site_name":"Epidermos Instituto de dermoest\u00e9tica","article_modified_time":"2019-06-04T14:39:59+00:00","twitter_card":"summary_large_image","schema":{"@context":"https:\/\/schema.org","@graph":[{"@type":"WebPage","@id":"https:\/\/epidermos.com\/en\/online-store\/","url":"https:\/\/epidermos.com\/en\/online-store\/","name":"Online Store - Epidermos Instituto de dermoest\u00e9tica","isPartOf":{"@id":"https:\/\/epidermos.com\/ca\/#website"},"datePublished":"2018-06-04T15:42:43+00:00","dateModified":"2019-06-04T14:39:59+00:00","description":"Get the most exclusive products in dermosest\u00e9tica: Cleaning products, moisturizers and exfoliants, creams to cleanse your skin ...","breadcrumb":{"@id":"https:\/\/epidermos.com\/en\/online-store\/#breadcrumb"},"inLanguage":"en-US","potentialAction":[{"@type":"ReadAction","target":["https:\/\/epidermos.com\/en\/online-store\/"]}]},{"@type":"BreadcrumbList","@id":"https:\/\/epidermos.com\/en\/online-store\/#breadcrumb","itemListElement":[{"@type":"ListItem","position":1,"name":"Portada","item":"https:\/\/epidermos.com\/en\/"},{"@type":"ListItem","position":2,"name":"Online Store"}]},{"@type":"WebSite","@id":"https:\/\/epidermos.com\/ca\/#website","url":"https:\/\/epidermos.com\/ca\/","name":"Epidermos Instituto de dermoest\u00e9tica","description":"Dermatolog\u00eda y Est\u00e9tica","potentialAction":[{"@type":"SearchAction","target":{"@type":"EntryPoint","urlTemplate":"https:\/\/epidermos.com\/ca\/?s={search_term_string}"},"query-input":{"@type":"PropertyValueSpecification","valueRequired":true,"valueName":"search_term_string"}}],"inLanguage":"en-US"}]}},"_links":{"self":[{"href":"https:\/\/epidermos.com\/en\/wp-json\/wp\/v2\/pages\/2057","targetHints":{"allow":["GET"]}}],"collection":[{"href":"https:\/\/epidermos.com\/en\/wp-json\/wp\/v2\/pages"}],"about":[{"href":"https:\/\/epidermos.com\/en\/wp-json\/wp\/v2\/types\/page"}],"author":[{"embeddable":true,"href":"https:\/\/epidermos.com\/en\/wp-json\/wp\/v2\/users\/2"}],"replies":[{"embeddable":true,"href":"https:\/\/epidermos.com\/en\/wp-json\/wp\/v2\/comments?post=2057"}],"version-history":[{"count":12,"href":"https:\/\/epidermos.com\/en\/wp-json\/wp\/v2\/pages\/2057\/revisions"}],"predecessor-version":[{"id":2988,"href":"https:\/\/epidermos.com\/en\/wp-json\/wp\/v2\/pages\/2057\/revisions\/2988"}],"wp:attachment":[{"href":"https:\/\/epidermos.com\/en\/wp-json\/wp\/v2\/media?parent=2057"}],"curies":[{"name":"wp","href":"https:\/\/api.w.org\/{rel}","templated":true}]}}